{"id":23431,"date":"2022-07-13T10:33:37","date_gmt":"2022-07-13T08:33:37","guid":{"rendered":"https:\/\/www.anjasora.com\/?page_id=23431"},"modified":"2022-10-04T12:41:21","modified_gmt":"2022-10-04T10:41:21","slug":"placement","status":"publish","type":"page","link":"https:\/\/www.anjasora.com\/fr\/media\/placement\/","title":{"rendered":"Placement"},"content":{"rendered":"<section class=\"l-section wpb_row height_custom color_primary with_img with_video with_vimeo\"><div class=\"l-section-img\" role=\"img\" aria-label=\"Image\" data-img-width=\"736\" data-img-height=\"312\" style=\"background-image: url(https:\/\/www.anjasora.com\/wp-content\/uploads\/93a74ea5-4ef6-4320-ae22-dab4afae6980.gif);\"><\/div><div id=\"us_bg_video_m375\" class=\"l-section-video\"><script id=\"us_bg_video_m375-script\">!function(w){var node = document.getElementById( 'us_bg_video_m375' );if ( w.innerWidth <= 600 ) { node.remove() }}(window);<\/script><style>@media(max-width:600px){#us_bg_video_m375{display:none!important}}<\/style><script class=\"vimeo_m375\">\r\n\t\t\t\t\tvar script = document.createElement( \"script\" );\r\n\t\t\t\t\tscript.classList.add( \"vimeo_m375\" );\r\n\t\t\t\t\tscript.src = \"https:\/\/player.vimeo.com\/api\/player.js\";\r\n\t\t\t\t\tscript.onload = function() {\r\n\t\t\t\t\t\tvar player = new Vimeo.Player( \"us_bg_video_m375\", {\r\n\t\t\t\t\t\t\tid: \"33714533\",\r\n\t\t\t\t\t\t\twidth: window.innerWidth,\r\n\t\t\t\t\t\t\t\"autopause\":false,\"controls\":false,\"autoplay\":true,\"byline\":false,\"loop\":true,\"muted\":true,\"title\":false\r\n\t\t\t\t\t\t} );\r\n\t\t\t\t\t\tplayer.ready().then( function() {\r\n\t\t\t\t\t\t\tplayer.element.allow = \"autoplay; fullscreen; picture-in-picture\";\r\n\t\t\t\t\t\t\tplayer.element.loading = \"lazy\";\r\n\t\t\t\t\t\t\tplayer.element.dispatchEvent( new Event( \"resize\", { bubbles: true } ) );\r\n\t\t\t\t\t\t} );\r\n\t\t\t\t\t\tdocument.querySelectorAll( \"script.vimeo_m375\" ).forEach( function( node ) { node.remove() } );\r\n\t\t\t\t\t};\r\n\t\t\t\t\tdocument.head.append( script );\r\n\t\t\t\t<\/script><\/div><div class=\"l-section-overlay\" style=\"background:rgba(10,10,10,0.7)\"><\/div><div class=\"l-section-h i-cf\"><div class=\"g-cols vc_row via_flex valign_top type_default stacking_default\"><div class=\"vc_col-sm-12 wpb_column vc_column_container\"><div class=\"vc_column-inner\"><div class=\"wpb_wrapper\"><h1 class=\"w-text us_custom_195d78a2 has_text_color us_animate_this\"><span class=\"w-text-h\"><span class=\"w-text-value\">Placement &#8211; Media<\/span><\/span><\/h1><div class=\"wpb_text_column\"><div class=\"wpb_wrapper\"><p style=\"text-align: center;\">Installation \u00e0 l&rsquo;int\u00e9rieur et \u00e0 l&rsquo;ext\u00e9rieur<\/p>\n<\/div><\/div><div class=\"w-separator size_small\"><\/div><div class=\"w-iconbox iconpos_top style_default color_custom align_center no_text no_title\"><a href=\"#second\" class=\"w-iconbox-link\" aria-label=\"far|chevron-down\"><div class=\"w-iconbox-icon\" style=\"font-size:2rem;\"><i class=\"far fa-chevron-down\"><\/i><\/div><\/a><div class=\"w-iconbox-meta\"><\/div><\/div><\/div><\/div><\/div><\/div><\/div><\/section><section class=\"l-section wpb_row height_custom\" id=\"deuxieme\"><div class=\"l-section-h i-cf\"><div class=\"g-cols vc_row via_flex valign_top type_default stacking_default\"><div class=\"vc_col-sm-12 wpb_column vc_column_container\"><div class=\"vc_column-inner\"><div class=\"wpb_wrapper\"><div class=\"wpb_text_column\"><div class=\"wpb_wrapper\"><div class=\"epyt-gallery \" data-currpage=\"1\" id=\"epyt_gallery_70899\"><iframe  id=\"_ytid_38195\"  width=\"1200\" height=\"675\"  data-origwidth=\"1200\" data-origheight=\"675\" src=\"https:\/\/www.youtube.com\/embed\/_x_jtZj8V2o?enablejsapi=1&autoplay=0&cc_load_policy=0&cc_lang_pref=&iv_load_policy=1&loop=0&rel=1&fs=1&playsinline=0&autohide=2&theme=dark&color=red&controls=1&disablekb=0&\" class=\"__youtube_prefs__  __youtube_prefs_widget__  no-lazyload\" title=\"YouTube player\"  data-epytgalleryid=\"epyt_gallery_70899\"  allow=\"fullscreen; accelerometer; autoplay; clipboard-write; encrypted-media; gyroscope; picture-in-picture; web-share\" referrerpolicy=\"strict-origin-when-cross-origin\" allowfullscreen data-no-lazy=\"1\" data-skipgform_ajax_framebjll=\"\"><\/iframe><div class=\"epyt-gallery-list epyt-gallery-style-grid\"><div class=\"epyt-pagination \"><div tabindex=\"0\" role=\"button\" class=\"epyt-pagebutton epyt-prev  hide \" data-playlistid=\"PLJmX_9k9V8_kFgvDcGKeEKYfTM7qlFnux\" data-pagesize=\"15\" data-pagetoken=\"\" data-style=\"grid\" data-epcolumns=\"3\" data-showtitle=\"1\" data-showpaging=\"1\" data-autonext=\"0\" data-hidethumbimg=\"0\" data-thumbplay=\"1\"><div class=\"epyt-arrow\">&laquo;<\/div> <div>Prev<\/div><\/div><div class=\"epyt-pagenumbers hide\"><div class=\"epyt-current\">1<\/div><div class=\"epyt-pageseparator\"> \/ <\/div><div class=\"epyt-totalpages\">1<\/div><\/div><div tabindex=\"0\" role=\"button\" class=\"epyt-pagebutton epyt-next hide \" data-playlistid=\"PLJmX_9k9V8_kFgvDcGKeEKYfTM7qlFnux\" data-pagesize=\"15\" data-pagetoken=\"\" data-style=\"grid\" data-epcolumns=\"3\" data-showtitle=\"1\" data-showpaging=\"1\" data-autonext=\"0\" data-hidethumbimg=\"0\" data-thumbplay=\"1\"><div>Next<\/div> <div class=\"epyt-arrow\">&raquo;<\/div><\/div><div class=\"epyt-loader\"><img decoding=\"async\" alt=\"loading\" width=\"16\" height=\"11\" src=\"https:\/\/www.anjasora.com\/wp-content\/plugins\/youtube-embed-plus-pro\/images\/gallery-page-loader.gif\" title=\"-\"><\/div><\/div><div class=\"epyt-gallery-allthumbs  epyt-cols-3 \"><div tabindex=\"0\" role=\"button\" data-videoid=\"_x_jtZj8V2o\" class=\"epyt-gallery-thumb \" ><div class=\"epyt-gallery-img-box\"><div class=\"epyt-gallery-img\" style=\"background-image: url(https:\/\/i.ytimg.com\/vi\/_x_jtZj8V2o\/hqdefault.jpg)\"><div class=\"epyt-gallery-playhover\"><img decoding=\"async\" alt=\"play\" class=\"epyt-play-img\" width=\"30\" height=\"23\" src=\"https:\/\/www.anjasora.com\/wp-content\/plugins\/youtube-embed-plus-pro\/images\/playhover.png\" data-no-lazy=\"1\" data-skipgform_ajax_framebjll=\"\" title=\"-\"><div class=\"epyt-gallery-playcrutch\"><\/div><\/div><\/div><\/div><div class=\"epyt-gallery-title\">Anjasora Colocacio\u0301n vinilo en escalera<\/div><\/div><div tabindex=\"0\" role=\"button\" data-videoid=\"SXEnpjpIRzs\" class=\"epyt-gallery-thumb \" ><div class=\"epyt-gallery-img-box\"><div class=\"epyt-gallery-img\" style=\"background-image: url(https:\/\/i.ytimg.com\/vi\/SXEnpjpIRzs\/hqdefault.jpg)\"><div class=\"epyt-gallery-playhover\"><img decoding=\"async\" alt=\"play\" class=\"epyt-play-img\" width=\"30\" height=\"23\" src=\"https:\/\/www.anjasora.com\/wp-content\/plugins\/youtube-embed-plus-pro\/images\/playhover.png\" data-no-lazy=\"1\" data-skipgform_ajax_framebjll=\"\" title=\"-\"><div class=\"epyt-gallery-playcrutch\"><\/div><\/div><\/div><\/div><div class=\"epyt-gallery-title\">Flextone retroiluminada_Colocacio\u0301n<\/div><\/div><div tabindex=\"0\" role=\"button\" data-videoid=\"qzRPH5SqnnY\" class=\"epyt-gallery-thumb \" ><div class=\"epyt-gallery-img-box\"><div class=\"epyt-gallery-img\" style=\"background-image: url(https:\/\/i.ytimg.com\/vi\/qzRPH5SqnnY\/hqdefault.jpg)\"><div class=\"epyt-gallery-playhover\"><img decoding=\"async\" alt=\"play\" class=\"epyt-play-img\" width=\"30\" height=\"23\" src=\"https:\/\/www.anjasora.com\/wp-content\/plugins\/youtube-embed-plus-pro\/images\/playhover.png\" data-no-lazy=\"1\" data-skipgform_ajax_framebjll=\"\" title=\"-\"><div class=\"epyt-gallery-playcrutch\"><\/div><\/div><\/div><\/div><div class=\"epyt-gallery-title\">Flextone_colocacio\u0301n en exterior<\/div><\/div><div class=\"epyt-gallery-rowbreak\"><\/div><div tabindex=\"0\" role=\"button\" data-videoid=\"Ae8JeIi-gpU\" class=\"epyt-gallery-thumb \" ><div class=\"epyt-gallery-img-box\"><div class=\"epyt-gallery-img\" style=\"background-image: url(https:\/\/i.ytimg.com\/vi\/Ae8JeIi-gpU\/hqdefault.jpg)\"><div class=\"epyt-gallery-playhover\"><img decoding=\"async\" alt=\"play\" class=\"epyt-play-img\" width=\"30\" height=\"23\" src=\"https:\/\/www.anjasora.com\/wp-content\/plugins\/youtube-embed-plus-pro\/images\/playhover.png\" data-no-lazy=\"1\" data-skipgform_ajax_framebjll=\"\" title=\"-\"><div class=\"epyt-gallery-playcrutch\"><\/div><\/div><\/div><\/div><div class=\"epyt-gallery-title\">Flextone colocacio\u0301n en interior<\/div><\/div><div class=\"epyt-gallery-clear\"><\/div><\/div><div class=\"epyt-pagination \"><div tabindex=\"0\" role=\"button\" class=\"epyt-pagebutton epyt-prev  hide \" data-playlistid=\"PLJmX_9k9V8_kFgvDcGKeEKYfTM7qlFnux\" data-pagesize=\"15\" data-pagetoken=\"\" data-style=\"grid\" data-epcolumns=\"3\" data-showtitle=\"1\" data-showpaging=\"1\" data-autonext=\"0\" data-hidethumbimg=\"0\" data-thumbplay=\"1\"><div class=\"epyt-arrow\">&laquo;<\/div> <div>Prev<\/div><\/div><div class=\"epyt-pagenumbers hide\"><div class=\"epyt-current\">1<\/div><div class=\"epyt-pageseparator\"> \/ <\/div><div class=\"epyt-totalpages\">1<\/div><\/div><div tabindex=\"0\" role=\"button\" class=\"epyt-pagebutton epyt-next hide \" data-playlistid=\"PLJmX_9k9V8_kFgvDcGKeEKYfTM7qlFnux\" data-pagesize=\"15\" data-pagetoken=\"\" data-style=\"grid\" data-epcolumns=\"3\" data-showtitle=\"1\" data-showpaging=\"1\" data-autonext=\"0\" data-hidethumbimg=\"0\" data-thumbplay=\"1\"><div>Next<\/div> <div class=\"epyt-arrow\">&raquo;<\/div><\/div><div class=\"epyt-loader\"><img decoding=\"async\" alt=\"loading\" width=\"16\" height=\"11\" src=\"https:\/\/www.anjasora.com\/wp-content\/plugins\/youtube-embed-plus-pro\/images\/gallery-page-loader.gif\" title=\"-\"><\/div><\/div><\/div><\/div>\n<\/div><\/div><div class=\"w-separator size_small\"><\/div><div class=\"w-btn-wrapper align_center\"><a class=\"w-btn us-btn-style_11 us_custom_6c21c073 us_animate_this\" title=\"Rev\u00eatement de sol en vinyle\" href=\"https:\/\/www.anjasora.com\/fr\/medias\/\"><span class=\"w-btn-label\">RETOUR \u00c0 TOUTES LES LISTES DE LECTURE<\/span><\/a><\/div><\/div><\/div><\/div><\/div><\/div><\/section>\n","protected":false},"excerpt":{"rendered":"Placement &#8211; MediaInstallation \u00e0 l&rsquo;int\u00e9rieur et \u00e0 l&rsquo;ext\u00e9rieur &laquo; Prev1 \/ 1Next &raquo;Anjasora Colocacio\u0301n vinilo en escaleraFlextone retroiluminada_Colocacio\u0301nFlextone_colocacio\u0301n en exteriorFlextone colocacio\u0301n en interior&laquo; Prev1 \/ 1Next &raquo; RETOUR \u00c0 TOUTES LES LISTES DE LECTURE","protected":false},"author":1,"featured_media":13591,"parent":18427,"menu_order":0,"comment_status":"closed","ping_status":"closed","template":"","meta":{"_acf_changed":false,"inline_featured_image":false,"footnotes":""},"class_list":["post-23431","page","type-page","status-publish","has-post-thumbnail","hentry"],"acf":[],"_links":{"self":[{"href":"https:\/\/www.anjasora.com\/fr\/wp-json\/wp\/v2\/pages\/23431","targetHints":{"allow":["GET"]}}],"collection":[{"href":"https:\/\/www.anjasora.com\/fr\/wp-json\/wp\/v2\/pages"}],"about":[{"href":"https:\/\/www.anjasora.com\/fr\/wp-json\/wp\/v2\/types\/page"}],"author":[{"embeddable":true,"href":"https:\/\/www.anjasora.com\/fr\/wp-json\/wp\/v2\/users\/1"}],"replies":[{"embeddable":true,"href":"https:\/\/www.anjasora.com\/fr\/wp-json\/wp\/v2\/comments?post=23431"}],"version-history":[{"count":0,"href":"https:\/\/www.anjasora.com\/fr\/wp-json\/wp\/v2\/pages\/23431\/revisions"}],"up":[{"embeddable":true,"href":"https:\/\/www.anjasora.com\/fr\/wp-json\/wp\/v2\/pages\/18427"}],"wp:featuredmedia":[{"embeddable":true,"href":"https:\/\/www.anjasora.com\/fr\/wp-json\/wp\/v2\/media\/13591"}],"wp:attachment":[{"href":"https:\/\/www.anjasora.com\/fr\/wp-json\/wp\/v2\/media?parent=23431"}],"curies":[{"name":"wp","href":"https:\/\/api.w.org\/{rel}","templated":true}]}}