{"id":18531,"date":"2022-02-25T11:36:29","date_gmt":"2022-02-25T10:36:29","guid":{"rendered":"https:\/\/www.anjasora.com\/sol-vinyle\/sol-vinyle-vinyle-bureaux\/"},"modified":"2022-06-08T12:30:59","modified_gmt":"2022-06-08T10:30:59","slug":"sol-vinyle-vinyle-bureaux","status":"publish","type":"page","link":"https:\/\/www.anjasora.com\/fr\/sol-vinyle\/bureaux\/","title":{"rendered":"Rev\u00eatement de sol en vinyle pour les bureaux"},"content":{"rendered":"<section class=\"l-section wpb_row height_custom color_primary with_img parallax_hor bgwidth_130\"><div class=\"l-section-img\" role=\"img\" aria-label=\"suelo vin\u00edlico oficinas\" data-img-width=\"2000\" data-img-height=\"1500\" style=\"background-image: url(https:\/\/www.anjasora.com\/wp-content\/uploads\/amb-ANJASORA-KTM-17_cmyk.jpg);\"><\/div><div class=\"l-section-overlay\" style=\"background:rgba(10,10,10,0.7)\"><\/div><div class=\"l-section-h i-cf\"><div class=\"g-cols vc_row via_flex valign_top type_default stacking_default\"><div class=\"vc_col-sm-12 wpb_column vc_column_container\"><div class=\"vc_column-inner\"><div class=\"wpb_wrapper\"><h1 class=\"w-text us_custom_195d78a2 has_text_color us_animate_this\"><span class=\"w-text-h\"><span class=\"w-text-value\">Rev\u00eatement de sol en vinyle pour les bureaux et les magasins<\/span><\/span><\/h1><div class=\"wpb_text_column\"><div class=\"wpb_wrapper\"><p style=\"text-align: center;\">Le <strong>rev\u00eatement de sol en vinyle pour les bureaux et les magasins<\/strong> est l&rsquo;un des rev\u00eatements de sol les plus couramment utilis\u00e9s dans ces espaces.<\/p>\n<p style=\"text-align: center;\">Gr\u00e2ce \u00e0 leurs excellentes caract\u00e9ristiques techniques et esth\u00e9tiques, les <strong>bureaux \u00e9quip\u00e9s de rev\u00eatements de sol en vinyle<\/strong> remplissent une fonction tr\u00e8s importante, en renvoyant une image positive et de qualit\u00e9 aux clients et aux visiteurs de l&rsquo;\u00e9tablissement.<\/p>\n<\/div><\/div><div class=\"w-separator size_small\"><\/div><div class=\"w-iconbox iconpos_top style_default color_custom align_center no_text no_title\"><a href=\"#second\" class=\"w-iconbox-link\" aria-label=\"far|chevron-down\"><div class=\"w-iconbox-icon\" style=\"font-size:2rem;\"><i class=\"far fa-chevron-down\"><\/i><\/div><\/a><div class=\"w-iconbox-meta\"><\/div><\/div><\/div><\/div><\/div><\/div><\/div><\/section><section class=\"l-section wpb_row us_custom_de24bbeb height_auto width_full type_sticky\" id=\"deuxi\u00e8me\"><div class=\"l-section-h i-cf\"><div class=\"g-cols vc_row via_flex valign_top type_default stacking_default\"><div class=\"vc_col-sm-12 wpb_column vc_column_container\"><div class=\"vc_column-inner\"><div class=\"wpb_wrapper\"><nav class=\"w-menu us_custom_85de5996 layout_hor style_links not_responsive us_menu_1\" style=\"--main-gap:5rem;--main-ver-indent:0.8em;--main-hor-indent:0.8em;--main-color:inherit;\"><ul id=\"menu-menu-landing-suelo-vinilico-oficinas-frances\" class=\"menu\"><li id=\"menu-item-17171\" class=\"menu-item menu-item-type-custom menu-item-object-custom menu-item-17171\"><a href=\"#caracteristiques-des-revetements-de-sol-en-vinyle-pour-les-bureaux\">Caract\u00e9ristiques<\/a><\/li><li id=\"menu-item-17172\" class=\"menu-item menu-item-type-custom menu-item-object-custom menu-item-17172\"><a href=\"#avantages-bureaux-avec-plancher-vinyle\">Avantages<\/a><\/li><li id=\"menu-item-17173\" class=\"menu-item menu-item-type-custom menu-item-object-custom menu-item-17173\"><a href=\"#collections\">Collections<\/a><\/li><\/ul><\/nav><\/div><\/div><\/div><\/div><\/div><\/section><section class=\"l-section wpb_row height_custom\" id=\"caracteristiques-des-revetements-de-sol-en-vinyle-pour-les-bureaux\"><div class=\"l-section-h i-cf\"><div class=\"g-cols vc_row via_flex valign_middle type_default reversed stacking_default\"><div class=\"vc_col-sm-6 wpb_column vc_column_container\"><div class=\"vc_column-inner us_custom_ebda694a\"><div class=\"wpb_wrapper\"><div class=\"w-image us_custom_390fea19 us_animate_this has_ratio align_none\"><div class=\"w-image-h\"><div style=\"padding-bottom:56.25%\"><\/div><img decoding=\"async\" width=\"2000\" height=\"1500\" src=\"https:\/\/www.anjasora.com\/wp-content\/uploads\/amb-ANJASORA-KTM-17_cmyk.jpg\" class=\"attachment-full size-full\" alt=\"suelo vin\u00edlico oficinas\" loading=\"lazy\" title=\"-\"><\/div><\/div><div class=\"w-separator size_medium\"><\/div><\/div><\/div><\/div><div class=\"vc_col-sm-6 wpb_column vc_column_container\"><div class=\"vc_column-inner\"><div class=\"wpb_wrapper\"><div class=\"wpb_text_column us_custom_69a4c150 us_animate_this\" id=\"caracteristicas-columnas-de-piedra-natural\"><div class=\"wpb_wrapper\"><h2>Caract\u00e9ristiques des rev\u00eatements de sol en vinyle pour les bureaux<\/h2>\n<\/div><\/div><div class=\"w-separator size_medium\"><\/div><div class=\"wpb_text_column us_custom_75f97960 us_animate_this\"><div class=\"wpb_wrapper\"><p>En choisissant d&rsquo;<strong>installer un rev\u00eatement de sol en vinyle dans les bureaux et les magasins<\/strong>, vous obtiendrez un rev\u00eatement de sol tr\u00e8s performant et tr\u00e8s populaire.<\/p>\n<p>Les caract\u00e9ristiques les plus courantes des rev\u00eatements de sol en vinyle pour les bureaux et les magasins sont les suivantes :<\/p>\n<ul>\n<li>Entretien facile<\/li>\n<li>R\u00e9sistant \u00e0 l&rsquo;usure<\/li>\n<li>Un sens du professionnalisme<\/li>\n<li>Installation facile<\/li>\n<li>R\u00e9sistant aux taches et aux rayures<\/li>\n<li>Une exp\u00e9rience fluide et confortable<\/li>\n<\/ul>\n<\/div><\/div><div class=\"w-separator size_medium\"><\/div><\/div><\/div><\/div><\/div><\/div><\/section><section class=\"l-section wpb_row height_small\" id=\"avantages-bureaux-avec-plancher-vinyle\"><div class=\"l-section-h i-cf\"><div class=\"g-cols vc_row via_flex valign_top type_default stacking_default\"><div class=\"vc_col-sm-12 wpb_column vc_column_container\"><div class=\"vc_column-inner\"><div class=\"wpb_wrapper\"><div class=\"w-separator us_custom_bbb024ee us_animate_this size_medium\"><\/div><div class=\"g-cols wpb_row via_flex valign_top type_default stacking_default\"><div class=\"vc_col-sm-2 wpb_column vc_column_container\"><div class=\"vc_column-inner\"><div class=\"wpb_wrapper\"><\/div><\/div><\/div><div class=\"vc_col-sm-10 wpb_column vc_column_container\"><div class=\"vc_column-inner\"><div class=\"wpb_wrapper\"><h3 class=\"w-text us_custom_75f97960 us_animate_this\"><span class=\"w-text-h\"><span class=\"w-text-value\">Avantages des bureaux \u00e9quip\u00e9s de rev\u00eatements de sol en vinyle<\/span><\/span><\/h3><div class=\"wpb_text_column us_custom_75f97960 us_animate_this\"><div class=\"wpb_wrapper\"><p>Les <strong>avantages de choisir un rev\u00eatement de sol en vinyle pour les bureaux et les magasins sont nombreux<\/strong>. Voici les plus pertinentes.<\/p>\n<p>Si nous choisissons ce type de rev\u00eatement de sol en vinyle pour les bureaux, nous aurons l&rsquo;avantage d&rsquo;un <strong>nettoyage facile<\/strong>, qui devient une t\u00e2che ais\u00e9e et non compliqu\u00e9e.<\/p>\n<p>Gr\u00e2ce \u00e0 ses performances techniques, le rev\u00eatement de sol en vinyle <strong>ne perd pas ses propri\u00e9t\u00e9s avec le temps<\/strong> et reste intact pendant des ann\u00e9es.<\/p>\n<p>Le rev\u00eatement de sol en vinyle pour bureaux <strong>transmet un sentiment positif<\/strong> de professionnalisme qui vous invite \u00e0 visiter l&rsquo;espace.<\/p>\n<p>L&rsquo;installation d&rsquo;un sol en vinyle dans un bureau ne n\u00e9cessite pas le retrait du pr\u00e9c\u00e9dent, puisqu&rsquo;il <strong>est pos\u00e9 par-dessus le rev\u00eatement existant<\/strong>. L&rsquo;installation devient donc une t\u00e2che simple.<\/p>\n<p>Les t\u00e2ches quotidiennes au bureau peuvent provoquer des rayures et des taches sur le sol. Cependant, l&rsquo;installation d&rsquo;un sol en vinyle dans le bureau nous donne l&rsquo;avantage d&rsquo;avoir un <strong>sol r\u00e9sistant et sans rayures<\/strong>.<\/p>\n<p>La<strong> sensation de confort sous les pieds<\/strong> et la douceur que les rev\u00eatements de sol en vinyle nous procurent dans les bureaux nous apporteront chaleur et confort, tant pour les visiteurs que pour les travailleurs.<\/p>\n<p>Si vous voulez plus d&rsquo;informations sur les <a href=\"https:\/\/www.anjasora.com\/fr\/sol-vinyle\/\">rev\u00eatements de sol en vinyle<\/a>, n&rsquo;h\u00e9sitez pas \u00e0 <a href=\"https:\/\/www.anjasora.com\/fr\/contact\/\">nous<\/a> contacter.<\/p>\n<\/div><\/div><\/div><\/div><\/div><\/div><\/div><\/div><\/div><\/div><\/div><\/section><section class=\"l-section wpb_row height_auto\"><div class=\"l-section-h i-cf\"><div class=\"g-cols vc_row via_flex valign_top type_default stacking_default\"><div class=\"vc_col-sm-12 wpb_column vc_column_container\"><div class=\"vc_column-inner\"><div class=\"wpb_wrapper\"><div class=\"w-separator size_small\"><\/div><\/div><\/div><\/div><\/div><\/div><\/section><section class=\"l-section wpb_row height_custom width_full\"><div class=\"l-section-h i-cf\"><div class=\"g-cols vc_row via_flex valign_top type_default stacking_default\"><div class=\"vc_col-sm-12 wpb_column vc_column_container\"><div class=\"vc_column-inner\"><div class=\"wpb_wrapper\"><div class=\"w-separator size_small\"><\/div><div class=\"w-image us_custom_1afcbe57 us_animate_this has_ratio align_none\"><div class=\"w-image-h\"><div style=\"padding-bottom:33.3333%\"><\/div><img decoding=\"async\" width=\"2000\" height=\"1500\" src=\"https:\/\/www.anjasora.com\/wp-content\/uploads\/amb-MUDEJAR-CW-003.jpg\" class=\"attachment-full size-full\" alt=\"\" loading=\"lazy\" title=\"-\"><\/div><\/div><div class=\"w-separator size_medium\"><\/div><\/div><\/div><\/div><\/div><\/div><\/section><section class=\"l-section wpb_row height_small\" id=\"collections\"><div class=\"l-section-h i-cf\"><div class=\"g-cols vc_row via_flex valign_top type_default stacking_default\"><div class=\"vc_col-sm-12 wpb_column vc_column_container\"><div class=\"vc_column-inner\"><div class=\"wpb_wrapper\"><div class=\"w-separator us_custom_c9709b59 us_animate_this size_small\"><\/div><div class=\"g-cols wpb_row via_flex valign_top type_default stacking_default\"><div class=\"vc_col-sm-6 wpb_column vc_column_container\"><div class=\"vc_column-inner\"><div class=\"wpb_wrapper\"><\/div><\/div><\/div><div class=\"vc_col-sm-6 wpb_column vc_column_container\"><div class=\"vc_column-inner\"><div class=\"wpb_wrapper\"><div class=\"w-separator size_huge\"><\/div><div class=\"wpb_text_column us_custom_5cfdbba0 us_animate_this\"><div class=\"wpb_wrapper\"><p>Collections de <em>rev\u00eatements de sol en vinyle<\/em>pour les <em>bureaux et les magasins<\/em><\/p>\n<\/div><\/div><div class=\"w-separator size_small\"><\/div><\/div><\/div><\/div><\/div><div class=\"w-separator size_medium\"><\/div><div class=\"w-grid us_carousel us_custom_693f4b1f type_carousel layout_9370 preload_style_spinner items_3\" id=\"us_grid_1\" style=\"--items:3;--gap:1vw;\"><style>.layout_9370 .w-grid-item-h{}.layout_9370 .usg_post_title_1{color:var(--color-content-heading)!important;font-size:calc( 18px + 0.5vw )!important;line-height:1.2!important;margin-bottom:20px!important}<\/style><div class=\"w-grid-list owl-carousel valign_stretch dotstyle_circle navstyle_circle arrows-ver-pos_middle arrows-hor-pos_on_sides_outside arrows-disabled_hide owl-responsive-2000 center_item with_arrows\" style=\"--transition-duration:350ms;--arrows-size:1.5rem;--arrows-hor-offset:calc(20px + 1vw);--arrows-gap:10px;\">\t<article class=\"w-grid-item post-37883 floortape type-floortape status-publish has-post-thumbnail hentry\" data-id=\"37883\">\r\n\t\t<div class=\"w-grid-item-h\">\r\n\t\t\t\t\t\t<p class=\"w-post-elm post_title usg_post_title_1 has_text_color entry-title color_link_inherit\">MARQUINA NEGRO<\/p><div class=\"w-post-elm post_image usg_post_image_1 stretched\"><img decoding=\"async\" width=\"500\" height=\"500\" src=\"https:\/\/www.anjasora.com\/wp-content\/uploads\/amb-FLOORTAPE-90x260_NEGRO-500x500.jpg\" class=\"attachment-us_500_500_crop size-us_500_500_crop wp-post-image\" alt=\"suelo vin\u00edlico cocina\" srcset=\"https:\/\/www.anjasora.com\/wp-content\/uploads\/amb-FLOORTAPE-90x260_NEGRO-500x500.jpg 500w, https:\/\/www.anjasora.com\/wp-content\/uploads\/amb-FLOORTAPE-90x260_NEGRO-150x150.jpg 150w\" sizes=\"(max-width: 500px) 100vw, 500px\" title=\"-\"><\/div>\t\t<\/div>\r\n\t\t\t<\/article>\r\n\t<article class=\"w-grid-item post-37849 floortape type-floortape status-publish has-post-thumbnail hentry\" data-id=\"37849\">\r\n\t\t<div class=\"w-grid-item-h\">\r\n\t\t\t\t\t\t<p class=\"w-post-elm post_title usg_post_title_1 has_text_color entry-title color_link_inherit\">CALACATA WHITE<\/p><div class=\"w-post-elm post_image usg_post_image_1 stretched\"><img decoding=\"async\" width=\"500\" height=\"500\" src=\"https:\/\/www.anjasora.com\/wp-content\/uploads\/amb-FLOORTAPE-90x260-BLANCO-500x500.jpg\" class=\"attachment-us_500_500_crop size-us_500_500_crop wp-post-image\" alt=\"\" srcset=\"https:\/\/www.anjasora.com\/wp-content\/uploads\/amb-FLOORTAPE-90x260-BLANCO-500x500.jpg 500w, https:\/\/www.anjasora.com\/wp-content\/uploads\/amb-FLOORTAPE-90x260-BLANCO-150x150.jpg 150w\" sizes=\"(max-width: 500px) 100vw, 500px\" title=\"-\"><\/div>\t\t<\/div>\r\n\t\t\t<\/article>\r\n\t<article class=\"w-grid-item post-18261 floortape type-floortape status-publish has-post-thumbnail hentry\" data-id=\"18261\">\r\n\t\t<div class=\"w-grid-item-h\">\r\n\t\t\t\t\t\t<p class=\"w-post-elm post_title usg_post_title_1 has_text_color entry-title color_link_inherit\">SARRION<\/p><div class=\"w-post-elm post_image usg_post_image_1 stretched\"><img decoding=\"async\" width=\"500\" height=\"500\" src=\"https:\/\/www.anjasora.com\/wp-content\/uploads\/amb-SARRION-LT-002LT-003-500x500.jpg\" class=\"attachment-us_500_500_crop size-us_500_500_crop wp-post-image\" alt=\"suelo vin\u00edlico cocina\" srcset=\"https:\/\/www.anjasora.com\/wp-content\/uploads\/amb-SARRION-LT-002LT-003-500x500.jpg 500w, https:\/\/www.anjasora.com\/wp-content\/uploads\/amb-SARRION-LT-002LT-003-150x150.jpg 150w\" sizes=\"(max-width: 500px) 100vw, 500px\" title=\"-\"><\/div>\t\t<\/div>\r\n\t\t\t<\/article>\r\n\t<article class=\"w-grid-item post-18271 floortape type-floortape status-publish has-post-thumbnail hentry\" data-id=\"18271\">\r\n\t\t<div class=\"w-grid-item-h\">\r\n\t\t\t\t\t\t<p class=\"w-post-elm post_title usg_post_title_1 has_text_color entry-title color_link_inherit\">KTM<\/p><div class=\"w-post-elm post_image usg_post_image_1 stretched\"><img decoding=\"async\" width=\"500\" height=\"500\" src=\"https:\/\/www.anjasora.com\/wp-content\/uploads\/amb-ANJASORA-KTM-02_cmyk-500x500.jpg\" class=\"attachment-us_500_500_crop size-us_500_500_crop wp-post-image\" alt=\"suelo vin\u00edlico habitaci\u00f3n\" srcset=\"https:\/\/www.anjasora.com\/wp-content\/uploads\/amb-ANJASORA-KTM-02_cmyk-500x500.jpg 500w, https:\/\/www.anjasora.com\/wp-content\/uploads\/amb-ANJASORA-KTM-02_cmyk-150x150.jpg 150w\" sizes=\"(max-width: 500px) 100vw, 500px\" title=\"-\"><\/div>\t\t<\/div>\r\n\t\t\t<\/article>\r\n\t<article class=\"w-grid-item post-18280 floortape type-floortape status-publish has-post-thumbnail hentry\" data-id=\"18280\">\r\n\t\t<div class=\"w-grid-item-h\">\r\n\t\t\t\t\t\t<p class=\"w-post-elm post_title usg_post_title_1 has_text_color entry-title color_link_inherit\">CALANDA<\/p><div class=\"w-post-elm post_image usg_post_image_1 stretched\"><img decoding=\"async\" width=\"500\" height=\"500\" src=\"https:\/\/www.anjasora.com\/wp-content\/uploads\/amb-CALANDA-EW-001-500x500.jpg\" class=\"attachment-us_500_500_crop size-us_500_500_crop wp-post-image\" alt=\"\" srcset=\"https:\/\/www.anjasora.com\/wp-content\/uploads\/amb-CALANDA-EW-001-500x500.jpg 500w, https:\/\/www.anjasora.com\/wp-content\/uploads\/amb-CALANDA-EW-001-150x150.jpg 150w\" sizes=\"(max-width: 500px) 100vw, 500px\" title=\"-\"><\/div>\t\t<\/div>\r\n\t\t\t<\/article>\r\n\t<article class=\"w-grid-item post-18284 floortape type-floortape status-publish has-post-thumbnail hentry\" data-id=\"18284\">\r\n\t\t<div class=\"w-grid-item-h\">\r\n\t\t\t\t\t\t<p class=\"w-post-elm post_title usg_post_title_1 has_text_color entry-title color_link_inherit\">MUDEJAR<\/p><div class=\"w-post-elm post_image usg_post_image_1 stretched\"><img decoding=\"async\" width=\"500\" height=\"500\" src=\"https:\/\/www.anjasora.com\/wp-content\/uploads\/amb-MUDEJAR-CW-001-1-500x500.jpg\" class=\"attachment-us_500_500_crop size-us_500_500_crop wp-post-image\" alt=\"suelo vin\u00edlico sal\u00f3n\" srcset=\"https:\/\/www.anjasora.com\/wp-content\/uploads\/amb-MUDEJAR-CW-001-1-500x500.jpg 500w, https:\/\/www.anjasora.com\/wp-content\/uploads\/amb-MUDEJAR-CW-001-1-150x150.jpg 150w\" sizes=\"(max-width: 500px) 100vw, 500px\" title=\"-\"><\/div>\t\t<\/div>\r\n\t\t\t<\/article>\r\n<\/div><div class=\"w-grid-carousel-json hidden\" onclick='return {&quot;carousel_settings&quot;:{&quot;aria_labels&quot;:{&quot;prev&quot;:&quot;Pr\\u00e9c\\u00e9dent&quot;,&quot;next&quot;:&quot;Suivant&quot;},&quot;autoplayContinual&quot;:false,&quot;autoplayHoverPause&quot;:false,&quot;autoplayTimeout&quot;:3000,&quot;autoWidth&quot;:false,&quot;smartSpeed&quot;:350,&quot;margin&quot;:0,&quot;mouseDrag&quot;:true,&quot;rtl&quot;:false,&quot;slideBy&quot;:&quot;1&quot;,&quot;touchDrag&quot;:true,&quot;slideTransition&quot;:&quot;cubic-bezier(0,1,.8,1)&quot;,&quot;responsive&quot;:{&quot;0&quot;:{&quot;autoHeight&quot;:true,&quot;autoplay&quot;:true,&quot;autoWidth&quot;:false,&quot;center&quot;:true,&quot;dots&quot;:false,&quot;items&quot;:1,&quot;loop&quot;:true,&quot;nav&quot;:false,&quot;stagePadding&quot;:0,&quot;slideBy&quot;:&quot;1&quot;},&quot;601&quot;:{&quot;autoHeight&quot;:true,&quot;autoplay&quot;:true,&quot;autoWidth&quot;:false,&quot;center&quot;:true,&quot;dots&quot;:false,&quot;items&quot;:3,&quot;loop&quot;:true,&quot;nav&quot;:true,&quot;stagePadding&quot;:0,&quot;slideBy&quot;:&quot;1&quot;},&quot;1025&quot;:{&quot;autoHeight&quot;:true,&quot;autoplay&quot;:true,&quot;autoWidth&quot;:false,&quot;center&quot;:true,&quot;dots&quot;:false,&quot;items&quot;:3,&quot;loop&quot;:true,&quot;nav&quot;:true,&quot;stagePadding&quot;:0,&quot;slideBy&quot;:&quot;1&quot;},&quot;1920&quot;:{&quot;items&quot;:3,&quot;autoplay&quot;:true,&quot;center&quot;:true,&quot;dots&quot;:false,&quot;nav&quot;:true,&quot;autoHeight&quot;:true,&quot;autoWidth&quot;:false,&quot;loop&quot;:true,&quot;stagePadding&quot;:0}}}}'><\/div><\/div><\/div><\/div><\/div><\/div><\/div><\/section><section class=\"l-section wpb_row height_custom\"><div class=\"l-section-h i-cf\"><div class=\"g-cols vc_row via_flex valign_top type_default stacking_default\"><div class=\"vc_col-sm-12 wpb_column vc_column_container\"><div class=\"vc_column-inner\"><div class=\"wpb_wrapper\"><div class=\"w-separator size_small\"><\/div><\/div><\/div><\/div><\/div><\/div><\/section><section class=\"l-section wpb_row height_custom color_primary with_img parallax_ver parallaxdir_reversed\"><div class=\"l-section-img\" role=\"img\" aria-label=\"suelo vin\u00edlico oficinas\" data-img-width=\"2000\" data-img-height=\"1500\" style=\"background-image: url(https:\/\/www.anjasora.com\/wp-content\/uploads\/amb-ANJASORA-KTM-17_cmyk.jpg);\"><\/div><div class=\"l-section-overlay\" style=\"background:var(--color-content-overlay)\"><\/div><div class=\"l-section-h i-cf\"><div class=\"g-cols vc_row via_flex valign_middle type_default stacking_default\"><div class=\"vc_col-sm-3 wpb_column vc_column_container\"><div class=\"vc_column-inner\"><div class=\"wpb_wrapper\"><\/div><\/div><\/div><div class=\"vc_col-sm-6 wpb_column vc_column_container\"><div class=\"vc_column-inner\"><div class=\"wpb_wrapper\"><div class=\"w-separator size_large\"><\/div><div class=\"w-image us_custom_47474b22 us_animate_this align_center\"><div class=\"w-image-h\"><img decoding=\"async\" width=\"300\" height=\"300\" src=\"https:\/\/www.anjasora.com\/wp-content\/uploads\/logo-anjasora-blanco.svg\" class=\"attachment-medium size-medium\" alt=\"\" loading=\"lazy\" title=\"-\"><\/div><\/div><div class=\"w-separator size_medium\"><\/div><div class=\"w-btn-wrapper align_justify\"><a class=\"w-btn us-btn-style_8 us_custom_6c21c073 us_animate_this\" title=\"Pierre naturelle flexible\" href=\"https:\/\/www.anjasora.com\/fr\/contact\/\"><span class=\"w-btn-label\">CONTACTEZ-NOUS<\/span><\/a><\/div><div class=\"w-separator size_large\"><\/div><\/div><\/div><\/div><div class=\"vc_col-sm-3 wpb_column vc_column_container\"><div class=\"vc_column-inner\"><div class=\"wpb_wrapper\"><\/div><\/div><\/div><\/div><\/div><\/section>\n","protected":false},"excerpt":{"rendered":"MUDEJARCW001 FLOOR 8,8\u201d x 60\u201d PAVIMENTO 22,5 x 153,2 cm MUDEJAR CW 001 22,5 x 153,2 M036 Variabilit\u00e9 naturelle des pi\u00e8ces MUDEJAR-CW-001-(5)CW002 FLOOR 8,8\u201d x 60\u201d PAVIMENTO 22,5 x 153,2 cm MUDEJAR CW 002 22,5 x 153,2 M036 Variabilit\u00e9 naturelle des pi\u00e8ces MUDEJAR-CW-002-(7)CW003 FLOOR 8,8\u201d x 60\u201d PAVIMENTO 22,5 x 153,2 cm MUDEJAR CW 003...","protected":false},"author":1,"featured_media":15366,"parent":18519,"menu_order":0,"comment_status":"closed","ping_status":"closed","template":"","meta":{"_acf_changed":false,"inline_featured_image":false,"footnotes":""},"class_list":["post-18531","page","type-page","status-publish","has-post-thumbnail","hentry"],"acf":[],"_links":{"self":[{"href":"https:\/\/www.anjasora.com\/fr\/wp-json\/wp\/v2\/pages\/18531","targetHints":{"allow":["GET"]}}],"collection":[{"href":"https:\/\/www.anjasora.com\/fr\/wp-json\/wp\/v2\/pages"}],"about":[{"href":"https:\/\/www.anjasora.com\/fr\/wp-json\/wp\/v2\/types\/page"}],"author":[{"embeddable":true,"href":"https:\/\/www.anjasora.com\/fr\/wp-json\/wp\/v2\/users\/1"}],"replies":[{"embeddable":true,"href":"https:\/\/www.anjasora.com\/fr\/wp-json\/wp\/v2\/comments?post=18531"}],"version-history":[{"count":0,"href":"https:\/\/www.anjasora.com\/fr\/wp-json\/wp\/v2\/pages\/18531\/revisions"}],"up":[{"embeddable":true,"href":"https:\/\/www.anjasora.com\/fr\/wp-json\/wp\/v2\/pages\/18519"}],"wp:featuredmedia":[{"embeddable":true,"href":"https:\/\/www.anjasora.com\/fr\/wp-json\/wp\/v2\/media\/15366"}],"wp:attachment":[{"href":"https:\/\/www.anjasora.com\/fr\/wp-json\/wp\/v2\/media?parent=18531"}],"curies":[{"name":"wp","href":"https:\/\/api.w.org\/{rel}","templated":true}]}}