{"id":18486,"date":"2022-02-24T13:19:21","date_gmt":"2022-02-24T12:19:21","guid":{"rendered":"https:\/\/www.anjasora.com\/collections\/"},"modified":"2022-06-07T14:23:13","modified_gmt":"2022-06-07T12:23:13","slug":"collections","status":"publish","type":"page","link":"https:\/\/www.anjasora.com\/fr\/collections\/","title":{"rendered":"Collections"},"content":{"rendered":"<section class=\"l-section wpb_row height_custom color_primary with_img parallax_hor bgwidth_130\"><div class=\"l-section-img\" role=\"img\" aria-label=\"mosaicos\" data-img-width=\"2000\" data-img-height=\"1500\" style=\"background-image: url(https:\/\/www.anjasora.com\/wp-content\/uploads\/amb-ANJASORA-Versalles_cmyk.jpg);\"><\/div><div class=\"l-section-overlay\" style=\"background:rgba(10,10,10,0.7)\"><\/div><div class=\"l-section-h i-cf\"><div class=\"g-cols vc_row via_flex valign_top type_default stacking_default\"><div class=\"vc_col-sm-12 wpb_column vc_column_container\"><div class=\"vc_column-inner\"><div class=\"wpb_wrapper\"><h1 class=\"w-text us_custom_195d78a2 has_text_color us_animate_this\"><span class=\"w-text-h\"><span class=\"w-text-value\">Collections<\/span><\/span><\/h1><div class=\"wpb_text_column\"><div class=\"wpb_wrapper\"><h6 style=\"text-align: center;\">Experts en carreaux de c\u00e9ramique et en pierres naturelles<\/h6>\n<\/div><\/div><div class=\"w-separator size_small\"><\/div><div class=\"w-iconbox iconpos_top style_default color_custom align_center no_text no_title\"><a href=\"#second\" class=\"w-iconbox-link\" aria-label=\"far|chevron-down\"><div class=\"w-iconbox-icon\" style=\"font-size:2rem;\"><i class=\"far fa-chevron-down\"><\/i><\/div><\/a><div class=\"w-iconbox-meta\"><\/div><\/div><\/div><\/div><\/div><\/div><\/div><\/section><section class=\"l-section wpb_row height_custom\" id=\"deuxi\u00e8me\"><div class=\"l-section-h i-cf\"><div class=\"g-cols vc_row via_flex valign_top type_default stacking_default\"><div class=\"vc_col-sm-6 wpb_column vc_column_container\"><div class=\"vc_column-inner\"><div class=\"wpb_wrapper\"><div class=\"w-separator size_custom\" style=\"height:6vh\" id=\"vbef\"><style>@media(max-width:1024px){ #vbef{height:14hv!important}}@media(max-width:479px){ #vbef{height:10hv!important}}<\/style><\/div><div class=\"wpb_text_column us_custom_7d39fe36 us_animate_this\"><div class=\"wpb_wrapper\"><h3 style=\"text-align: right;\">Une nouvelle gamme de produits<br \/>\npour la <em>d\u00e9coration<\/em> int\u00e9rieure<\/h3>\n<\/div><\/div><div class=\"w-separator size_medium\"><\/div><div class=\"w-image align_none\"><div class=\"w-image-h\"><img decoding=\"async\" width=\"300\" height=\"300\" src=\"https:\/\/www.anjasora.com\/wp-content\/uploads\/FLOORTAPE.svg\" class=\"attachment-medium size-medium\" alt=\"\" loading=\"lazy\" title=\"-\"><\/div><\/div><div class=\"w-separator size_custom\" style=\"height:40px\"><\/div><div class=\"w-btn-wrapper align_none\"><a class=\"w-btn us-btn-style_11 us_custom_6c21c073 us_animate_this\" title=\"Rev\u00eatement de sol en vinyle\" href=\"https:\/\/www.anjasora.com\/fr\/sol-vinyle\/\"><span class=\"w-btn-label\">ALLER AU REV\u00caTEMENT DE SOL EN VINYLE<\/span><\/a><\/div><\/div><\/div><\/div><div class=\"vc_col-sm-6 wpb_column vc_column_container\"><div class=\"vc_column-inner us_custom_95d492f5\"><div class=\"wpb_wrapper\"><div class=\"w-separator size_custom\" style=\"height:10vh\" id=\"z960\"><style>@media(max-width:600px){ #z960{height:14vh!important}}<\/style><\/div><div class=\"w-image us_custom_5c4170b2 us_animate_this has_ratio align_none\"><div class=\"w-image-h\"><div style=\"padding-bottom:128.8889%\"><\/div><img decoding=\"async\" width=\"2000\" height=\"1500\" src=\"https:\/\/www.anjasora.com\/wp-content\/uploads\/amb-MUDEJAR-CW-003.jpg\" class=\"attachment-full size-full\" alt=\"\" loading=\"lazy\" title=\"-\"><\/div><\/div><div class=\"w-separator hide_on_mobiles size_large\"><\/div><\/div><\/div><\/div><\/div><\/div><\/section><section class=\"l-section wpb_row height_custom\"><div class=\"l-section-h i-cf\"><div class=\"g-cols vc_row via_flex valign_middle type_default reversed stacking_default\"><div class=\"vc_col-sm-6 wpb_column vc_column_container\"><div class=\"vc_column-inner us_custom_ebda694a\"><div class=\"wpb_wrapper\"><div class=\"w-image us_custom_f36d9b40 us_animate_this has_ratio align_none\"><div class=\"w-image-h\"><div style=\"padding-bottom:69.8795%\"><\/div><img decoding=\"async\" width=\"2000\" height=\"1333\" src=\"https:\/\/www.anjasora.com\/wp-content\/uploads\/amb-Anjasora-FS-6041_cmyk.jpg\" class=\"attachment-full size-full\" alt=\"\" loading=\"lazy\" title=\"-\"><\/div><\/div><\/div><\/div><\/div><div class=\"vc_col-sm-6 wpb_column vc_column_container\"><div class=\"vc_column-inner\"><div class=\"wpb_wrapper\"><div class=\"wpb_text_column us_custom_69a4c150 us_animate_this\"><div class=\"wpb_wrapper\"><h3>La pierre naturelle la plus <em>flexible et la plus l\u00e9g\u00e8re<\/em> du march\u00e9<\/h3>\n<\/div><\/div><div class=\"w-separator size_medium\"><\/div><div class=\"w-image us_custom_5856b893 align_none\"><div class=\"w-image-h\"><img decoding=\"async\" width=\"300\" height=\"300\" src=\"https:\/\/www.anjasora.com\/wp-content\/uploads\/logo-flextone.svg\" class=\"attachment-medium size-medium\" alt=\"\" loading=\"lazy\" title=\"-\"><\/div><\/div><div class=\"w-separator size_medium\"><\/div><div class=\"w-btn-wrapper align_none\"><a class=\"w-btn us-btn-style_11 us_custom_6c21c073 us_animate_this\" title=\"Pierre naturelle flexible\" href=\"https:\/\/www.anjasora.com\/fr\/bardage-en-pierre-naturelle-flexible\/\"><span class=\"w-btn-label\">ALLER VERS LA PIERRE NATURELLE FLEXIBLE<\/span><\/a><\/div><\/div><\/div><\/div><\/div><\/div><\/section><section class=\"l-section wpb_row height_custom width_full\" id=\"deuxi\u00e8me\"><div class=\"l-section-h i-cf\"><div class=\"g-cols vc_row via_flex valign_top type_default stacking_default\"><div class=\"vc_col-sm-12 wpb_column vc_column_container\"><div class=\"vc_column-inner\"><div class=\"wpb_wrapper\"><div class=\"wpb_text_column us_custom_60e9caca us_animate_this\"><div class=\"wpb_wrapper\"><h3 style=\"text-align: center;\">Le film de<br \/>\nciment <em>d\u00e9coratif<\/em> l\u00e9ger et flexible<\/h3>\n<\/div><\/div><div class=\"w-separator size_medium\"><\/div><div class=\"w-image align_center\"><div class=\"w-image-h\"><img decoding=\"async\" width=\"300\" height=\"300\" src=\"https:\/\/www.anjasora.com\/wp-content\/uploads\/logo-concret.svg\" class=\"attachment-medium size-medium\" alt=\"\" loading=\"lazy\" title=\"-\"><\/div><\/div><div class=\"w-separator size_small\"><\/div><div class=\"w-btn-wrapper align_center\"><a class=\"w-btn us-btn-style_11 us_custom_6c21c073 us_animate_this\" title=\"Collection Concret\" href=\"https:\/\/www.anjasora.com\/fr\/collections\/concret\/\"><span class=\"w-btn-label\">VOIR PLUS<\/span><\/a><\/div><div class=\"w-separator size_large\"><\/div><div class=\"w-image us_custom_0867139d us_animate_this has_ratio align_none\"><div class=\"w-image-h\"><div style=\"padding-bottom:33.3333%\"><\/div><img decoding=\"async\" width=\"916\" height=\"634\" src=\"https:\/\/www.anjasora.com\/wp-content\/uploads\/amb-CONCRET-AntracitaBlanco-1.jpg\" class=\"attachment-us_1903_634 size-us_1903_634\" alt=\"\" loading=\"lazy\" title=\"-\"><\/div><\/div><div class=\"w-separator size_huge\"><\/div><\/div><\/div><\/div><\/div><\/div><\/section><section class=\"l-section wpb_row height_auto\"><div class=\"l-section-h i-cf\"><div class=\"g-cols vc_row via_flex valign_top type_default stacking_default\"><div class=\"vc_col-sm-12 wpb_column vc_column_container\"><div class=\"vc_column-inner\"><div class=\"wpb_wrapper\"><div class=\"g-cols wpb_row via_flex valign_top type_default stacking_default\"><div class=\"vc_col-sm-6 wpb_column vc_column_container\"><div class=\"vc_column-inner\"><div class=\"wpb_wrapper\"><div class=\"wpb_text_column us_custom_47474b22 us_animate_this\"><div class=\"wpb_wrapper\"><h3 style=\"text-align: right;\">Pierres <em>naturelles<\/em><br \/>\npour habiller vos espaces<\/h3>\n<\/div><\/div><\/div><\/div><\/div><div class=\"vc_col-sm-6 wpb_column vc_column_container hide_on_mobiles\"><div class=\"vc_column-inner\"><div class=\"wpb_wrapper\"><div class=\"w-image us_custom_5856b893 align_none\"><div class=\"w-image-h\"><img decoding=\"async\" width=\"300\" height=\"300\" src=\"https:\/\/www.anjasora.com\/wp-content\/uploads\/logo-stones.svg\" class=\"attachment-medium size-medium\" alt=\"\" loading=\"lazy\" title=\"-\"><\/div><\/div><div class=\"w-separator size_medium\"><\/div><div class=\"w-btn-wrapper align_none\"><a class=\"w-btn us-btn-style_11 us_custom_c735245a us_animate_this\" title=\"Pierre naturelle\" href=\"https:\/\/www.anjasora.com\/fr\/revetement-de-sol-pierre-naturelle\/\"><span class=\"w-btn-label\">ALLER \u00c0 PIERRE NATURELLE<\/span><\/a><\/div><\/div><\/div><\/div><\/div><div class=\"w-separator size_custom\" style=\"height:60px\" id=\"f5a6\"><style>@media(max-width:600px){ #f5a6{height:6vh!important}}<\/style><\/div><\/div><\/div><\/div><\/div><\/div><\/section><section class=\"l-section wpb_row height_medium\"><div class=\"l-section-h i-cf\"><div class=\"g-cols vc_row via_flex valign_top type_default stacking_default\"><div class=\"vc_col-sm-12 wpb_column vc_column_container\"><div class=\"vc_column-inner\"><div class=\"wpb_wrapper\"><div class=\"w-separator us_custom_11447bd4 us_animate_this size_medium\"><\/div><div class=\"w-image us_custom_5172b5f2 us_animate_this has_ratio align_none\"><div class=\"w-image-h\"><div style=\"padding-bottom:47.1545%\"><\/div><img decoding=\"async\" width=\"2000\" height=\"1500\" src=\"https:\/\/www.anjasora.com\/wp-content\/uploads\/amb-CORALINA-piscina.jpg\" class=\"attachment-full size-full\" alt=\"\" loading=\"lazy\" title=\"-\"><\/div><\/div><\/div><\/div><\/div><\/div><\/div><\/section><section class=\"l-section wpb_row us_custom_84dd7221 height_custom\"><div class=\"l-section-h i-cf\"><div class=\"g-cols vc_row via_flex valign_top type_default stacking_default\"><div class=\"vc_col-sm-12 wpb_column vc_column_container\"><div class=\"vc_column-inner\"><div class=\"wpb_wrapper\"><div class=\"wpb_text_column us_custom_29c6835f us_animate_this\"><div class=\"wpb_wrapper\"><h3 style=\"text-align: center;\">Les mosa\u00efques les plus <em>exquises<\/em><\/h3>\n<\/div><\/div><div class=\"w-separator size_medium\"><\/div><div class=\"w-image align_center\"><div class=\"w-image-h\"><img decoding=\"async\" width=\"300\" height=\"300\" src=\"https:\/\/www.anjasora.com\/wp-content\/uploads\/logo-mosaic.svg\" class=\"attachment-medium size-medium\" alt=\"\" loading=\"lazy\" title=\"-\"><\/div><\/div><div class=\"w-separator size_medium\"><\/div><div class=\"w-btn-wrapper align_center\"><a class=\"w-btn us-btn-style_11 us_custom_6c21c073 us_animate_this\" title=\"Carreau de mosa\u00efque\" href=\"https:\/\/www.anjasora.com\/fr\/carreaux-mosaique-pierre-naturelle\/\"><span class=\"w-btn-label\">ALLER \u00c0 MOSA\u00cfQUE<\/span><\/a><\/div><div class=\"w-separator size_large\"><\/div><div class=\"w-image us_custom_9cad3d69 us_animate_this has_ratio align_center\"><div class=\"w-image-h\"><div style=\"padding-bottom:42.4242%\"><\/div><img decoding=\"async\" width=\"2000\" height=\"1500\" src=\"https:\/\/www.anjasora.com\/wp-content\/uploads\/ambiente-strata-blanco.jpg\" class=\"attachment-full size-full\" alt=\"\" loading=\"lazy\" title=\"-\"><\/div><\/div><div class=\"w-separator size_huge\"><\/div><\/div><\/div><\/div><\/div><\/div><\/section><section class=\"l-section wpb_row height_medium\"><div class=\"l-section-h i-cf\"><div class=\"g-cols vc_row via_flex valign_top type_default stacking_default\"><div class=\"vc_col-sm-12 wpb_column vc_column_container\"><div class=\"vc_column-inner\"><div class=\"wpb_wrapper\"><div class=\"w-separator us_custom_abc31be6 us_animate_this size_medium\"><\/div><div class=\"g-cols wpb_row via_flex valign_middle type_default stacking_default\"><div class=\"vc_col-sm-6 wpb_column vc_column_container\"><div class=\"vc_column-inner\"><div class=\"wpb_wrapper\"><div class=\"wpb_text_column us_custom_7d39fe36 us_animate_this\"><div class=\"wpb_wrapper\"><h3 style=\"text-align: left;\">Une marque de <em>qualit\u00e9<\/em><br \/>\npour un produit naturel<\/h3>\n<\/div><\/div><div class=\"w-separator size_medium\"><\/div><div class=\"w-image us_custom_5856b893 align_none\"><div class=\"w-image-h\"><img decoding=\"async\" width=\"300\" height=\"300\" src=\"https:\/\/www.anjasora.com\/wp-content\/uploads\/logo-onarea-2.svg\" class=\"attachment-medium size-medium\" alt=\"\" loading=\"lazy\" title=\"-\"><\/div><\/div><div class=\"w-separator size_medium\"><\/div><div class=\"w-btn-wrapper align_none\"><a class=\"w-btn us-btn-style_11 us_custom_6c21c073 us_animate_this\" title=\"onarea Collections\" href=\"https:\/\/www.anjasora.com\/fr\/lavabos-en-pierre-naturelle\/\"><span class=\"w-btn-label\">ALLER AUX TOILETTES<\/span><\/a><\/div><div class=\"w-separator size_custom\" style=\"height:0.4rem\"><\/div><div class=\"w-btn-wrapper align_none\"><a class=\"w-btn us-btn-style_11 us_custom_6c21c073 us_animate_this\" title=\"onarea Collections\" href=\"https:\/\/www.anjasora.com\/fr\/plaques-de-douche-en-pierre-naturelle\/\"><span class=\"w-btn-label\">ALLER AUX RECEVEURS DE DOUCHE<\/span><\/a><\/div><\/div><\/div><\/div><div class=\"vc_col-sm-6 wpb_column vc_column_container\"><div class=\"vc_column-inner\"><div class=\"wpb_wrapper\"><div class=\"w-image us_custom_c7f68df2 us_animate_this has_ratio align_none\"><div class=\"w-image-h\"><div style=\"padding-bottom:82.1053%\"><\/div><img decoding=\"async\" width=\"2000\" height=\"1732\" src=\"https:\/\/www.anjasora.com\/wp-content\/uploads\/Detalle_ONAREA-Plato-DCR_2714_ARQUITECT-PIEL-BEIGE.jpg\" class=\"attachment-full size-full\" alt=\"\" loading=\"lazy\" title=\"-\"><\/div><\/div><\/div><\/div><\/div><\/div><\/div><\/div><\/div><\/div><\/div><\/section><section class=\"l-section wpb_row height_custom\"><div class=\"l-section-h i-cf\"><div class=\"g-cols vc_row via_flex valign_top type_default stacking_default\"><div class=\"vc_col-sm-12 wpb_column vc_column_container\"><div class=\"vc_column-inner\"><div class=\"wpb_wrapper\"><div class=\"w-separator size_small\"><\/div><\/div><\/div><\/div><\/div><\/div><\/section>\n","protected":false},"excerpt":{"rendered":"CollectionsExperts en carreaux de c\u00e9ramique et en pierres naturelles Une nouvelle gamme de produits pour la d\u00e9coration int\u00e9rieure ALLER AU REV\u00caTEMENT DE SOL EN VINYLELa pierre naturelle la plus flexible et la plus l\u00e9g\u00e8re du march\u00e9 ALLER VERS LA PIERRE NATURELLE FLEXIBLELe film de ciment d\u00e9coratif l\u00e9ger et flexible VOIR PLUSPierres naturelles pour habiller vos...","protected":false},"author":1,"featured_media":0,"parent":0,"menu_order":0,"comment_status":"closed","ping_status":"closed","template":"","meta":{"_acf_changed":false,"inline_featured_image":false,"footnotes":""},"class_list":["post-18486","page","type-page","status-publish","hentry"],"acf":[],"_links":{"self":[{"href":"https:\/\/www.anjasora.com\/fr\/wp-json\/wp\/v2\/pages\/18486","targetHints":{"allow":["GET"]}}],"collection":[{"href":"https:\/\/www.anjasora.com\/fr\/wp-json\/wp\/v2\/pages"}],"about":[{"href":"https:\/\/www.anjasora.com\/fr\/wp-json\/wp\/v2\/types\/page"}],"author":[{"embeddable":true,"href":"https:\/\/www.anjasora.com\/fr\/wp-json\/wp\/v2\/users\/1"}],"replies":[{"embeddable":true,"href":"https:\/\/www.anjasora.com\/fr\/wp-json\/wp\/v2\/comments?post=18486"}],"version-history":[{"count":0,"href":"https:\/\/www.anjasora.com\/fr\/wp-json\/wp\/v2\/pages\/18486\/revisions"}],"wp:attachment":[{"href":"https:\/\/www.anjasora.com\/fr\/wp-json\/wp\/v2\/media?parent=18486"}],"curies":[{"name":"wp","href":"https:\/\/api.w.org\/{rel}","templated":true}]}}