{"id":18473,"date":"2022-02-24T13:22:24","date_gmt":"2022-02-24T12:22:24","guid":{"rendered":"https:\/\/www.anjasora.com\/flextone\/"},"modified":"2022-06-14T08:48:52","modified_gmt":"2022-06-14T06:48:52","slug":"flextone","status":"publish","type":"page","link":"https:\/\/www.anjasora.com\/fr\/collections\/flextone\/","title":{"rendered":"Collection Flextone"},"content":{"rendered":"<section class=\"l-section wpb_row height_custom color_primary with_img parallax_hor bgwidth_130\"><div class=\"l-section-img\" role=\"img\" aria-label=\"sal\u00f3n con pared de piedra natural\" data-img-width=\"2000\" data-img-height=\"1631\" style=\"background-image: url(https:\/\/www.anjasora.com\/wp-content\/uploads\/ambiente_fsg6001.jpg);\"><\/div><div class=\"l-section-overlay\" style=\"background:rgba(10,10,10,0.7)\"><\/div><div class=\"l-section-h i-cf\"><div class=\"g-cols vc_row via_flex valign_top type_default stacking_default\"><div class=\"vc_col-sm-12 wpb_column vc_column_container\"><div class=\"vc_column-inner\"><div class=\"wpb_wrapper\"><h1 class=\"w-text us_custom_195d78a2 has_text_color us_animate_this\"><span class=\"w-text-h\"><span class=\"w-text-value\">Collection Flextone<\/span><\/span><\/h1><div class=\"wpb_text_column\"><div class=\"wpb_wrapper\"><p style=\"text-align: center;\">La pierre naturelle flexible est le mat\u00e9riau le plus r\u00e9volutionnaire du march\u00e9<\/p>\n<\/div><\/div><div class=\"w-separator size_small\"><\/div><div class=\"w-iconbox iconpos_top style_default color_custom align_center no_text no_title\"><a href=\"#second\" class=\"w-iconbox-link\" aria-label=\"far|chevron-down\"><div class=\"w-iconbox-icon\" style=\"font-size:2rem;\"><i class=\"far fa-chevron-down\"><\/i><\/div><\/a><div class=\"w-iconbox-meta\"><\/div><\/div><\/div><\/div><\/div><\/div><\/div><\/section><section class=\"l-section wpb_row height_custom\" id=\"deuxi\u00e8me\"><div class=\"l-section-h i-cf\"><div class=\"g-cols vc_row via_flex valign_top type_default stacking_default\"><div class=\"vc_col-sm-12 wpb_column vc_column_container\"><div class=\"vc_column-inner\"><div class=\"wpb_wrapper\"><div class=\"w-image us_custom_2c19fe16 us_animate_this align_none\"><div class=\"w-image-h\"><img decoding=\"async\" width=\"300\" height=\"300\" src=\"https:\/\/www.anjasora.com\/wp-content\/uploads\/logo-flextone.svg\" class=\"attachment-medium size-medium\" alt=\"\" loading=\"lazy\" title=\"-\"><\/div><\/div><div class=\"w-separator size_small\"><\/div><div class=\"w-separator us_custom_aa5e77e5 us_animate_this size_small\"><\/div><div class=\"wpb_text_column us_custom_96309c04 us_animate_this\"><div class=\"wpb_wrapper\"><p>Collections de <a href=\"https:\/\/www.anjasora.com\/fr\/bardage-en-pierre-naturelle-flexible\/\"><br \/>\n  <i>pierre naturelle flexible<\/i><br \/>\n<\/a><\/p>\n<\/div><\/div><div class=\"w-separator size_medium\"><\/div><div class=\"w-grid us_carousel us_custom_693f4b1f type_carousel layout_9370 preload_style_spinner items_3\" id=\"us_grid_1\" style=\"--items:3;--gap:1vw;\"><style>.layout_9370 .w-grid-item-h{}.layout_9370 .usg_post_title_1{color:var(--color-content-heading)!important;font-size:calc( 18px + 0.5vw )!important;line-height:1.2!important;margin-bottom:20px!important}<\/style><div class=\"w-grid-list owl-carousel valign_stretch dotstyle_circle navstyle_circle arrows-ver-pos_middle arrows-hor-pos_on_sides_outside arrows-disabled_hide owl-responsive-2000 center_item with_arrows\" style=\"--transition-duration:350ms;--arrows-size:1.5rem;--arrows-hor-offset:calc(20px + 1vw);--arrows-gap:10px;\">\t<article class=\"w-grid-item post-18418 flextone type-flextone status-publish has-post-thumbnail hentry\" data-id=\"18418\">\r\n\t\t<div class=\"w-grid-item-h\">\r\n\t\t\t\t\t\t<p class=\"w-post-elm post_title usg_post_title_1 has_text_color entry-title color_link_inherit\">TEAK WOOD<\/p><div class=\"w-post-elm post_image usg_post_image_1 stretched\"><img decoding=\"async\" width=\"500\" height=\"500\" src=\"https:\/\/www.anjasora.com\/wp-content\/uploads\/amb-Anjasora-FS-6041_cmyk-500x500.jpg\" class=\"attachment-us_500_500_crop size-us_500_500_crop wp-post-image\" alt=\"\" srcset=\"https:\/\/www.anjasora.com\/wp-content\/uploads\/amb-Anjasora-FS-6041_cmyk-500x500.jpg 500w, https:\/\/www.anjasora.com\/wp-content\/uploads\/amb-Anjasora-FS-6041_cmyk-150x150.jpg 150w\" sizes=\"(max-width: 500px) 100vw, 500px\" title=\"-\"><\/div>\t\t<\/div>\r\n\t\t\t<\/article>\r\n\t<article class=\"w-grid-item post-18303 flextone type-flextone status-publish has-post-thumbnail hentry\" data-id=\"18303\">\r\n\t\t<div class=\"w-grid-item-h\">\r\n\t\t\t\t\t\t<p class=\"w-post-elm post_title usg_post_title_1 has_text_color entry-title color_link_inherit\">RAIN FOREST<\/p><div class=\"w-post-elm post_image usg_post_image_1 stretched\"><img decoding=\"async\" width=\"500\" height=\"500\" src=\"https:\/\/www.anjasora.com\/wp-content\/uploads\/Amb-ANJASORA-ST-6032_cmyk-500x500.jpg\" class=\"attachment-us_500_500_crop size-us_500_500_crop wp-post-image\" alt=\"\" srcset=\"https:\/\/www.anjasora.com\/wp-content\/uploads\/Amb-ANJASORA-ST-6032_cmyk-500x500.jpg 500w, https:\/\/www.anjasora.com\/wp-content\/uploads\/Amb-ANJASORA-ST-6032_cmyk-150x150.jpg 150w\" sizes=\"(max-width: 500px) 100vw, 500px\" title=\"-\"><\/div>\t\t<\/div>\r\n\t\t\t<\/article>\r\n\t<article class=\"w-grid-item post-18331 flextone type-flextone status-publish has-post-thumbnail hentry\" data-id=\"18331\">\r\n\t\t<div class=\"w-grid-item-h\">\r\n\t\t\t\t\t\t<p class=\"w-post-elm post_title usg_post_title_1 has_text_color entry-title color_link_inherit\">FOREST<\/p><div class=\"w-post-elm post_image usg_post_image_1 stretched\"><img decoding=\"async\" width=\"500\" height=\"500\" src=\"https:\/\/www.anjasora.com\/wp-content\/uploads\/ambiente_fs6012-500x500.jpg\" class=\"attachment-us_500_500_crop size-us_500_500_crop wp-post-image\" alt=\"\" srcset=\"https:\/\/www.anjasora.com\/wp-content\/uploads\/ambiente_fs6012-500x500.jpg 500w, https:\/\/www.anjasora.com\/wp-content\/uploads\/ambiente_fs6012-150x150.jpg 150w\" sizes=\"(max-width: 500px) 100vw, 500px\" title=\"-\"><\/div>\t\t<\/div>\r\n\t\t\t<\/article>\r\n\t<article class=\"w-grid-item post-18357 flextone type-flextone status-publish has-post-thumbnail hentry\" data-id=\"18357\">\r\n\t\t<div class=\"w-grid-item-h\">\r\n\t\t\t\t\t\t<p class=\"w-post-elm post_title usg_post_title_1 has_text_color entry-title color_link_inherit\">DUSK SPRINKLE<\/p><div class=\"w-post-elm post_image usg_post_image_1 stretched\"><img decoding=\"async\" width=\"500\" height=\"500\" src=\"https:\/\/www.anjasora.com\/wp-content\/uploads\/ambiente_fs6011-500x500.jpg\" class=\"attachment-us_500_500_crop size-us_500_500_crop wp-post-image\" alt=\"\" srcset=\"https:\/\/www.anjasora.com\/wp-content\/uploads\/ambiente_fs6011-500x500.jpg 500w, https:\/\/www.anjasora.com\/wp-content\/uploads\/ambiente_fs6011-150x150.jpg 150w\" sizes=\"(max-width: 500px) 100vw, 500px\" title=\"-\"><\/div>\t\t<\/div>\r\n\t\t\t<\/article>\r\n\t<article class=\"w-grid-item post-18380 flextone type-flextone status-publish has-post-thumbnail hentry\" data-id=\"18380\">\r\n\t\t<div class=\"w-grid-item-h\">\r\n\t\t\t\t\t\t<p class=\"w-post-elm post_title usg_post_title_1 has_text_color entry-title color_link_inherit\">AUTUMN RUSTIC<\/p><div class=\"w-post-elm post_image usg_post_image_1 stretched\"><img decoding=\"async\" width=\"500\" height=\"500\" src=\"https:\/\/www.anjasora.com\/wp-content\/uploads\/ambiente_fs6010-500x500.jpg\" class=\"attachment-us_500_500_crop size-us_500_500_crop wp-post-image\" alt=\"\" srcset=\"https:\/\/www.anjasora.com\/wp-content\/uploads\/ambiente_fs6010-500x500.jpg 500w, https:\/\/www.anjasora.com\/wp-content\/uploads\/ambiente_fs6010-150x150.jpg 150w\" sizes=\"(max-width: 500px) 100vw, 500px\" title=\"-\"><\/div>\t\t<\/div>\r\n\t\t\t<\/article>\r\n\t<article class=\"w-grid-item post-18400 flextone type-flextone status-publish has-post-thumbnail hentry\" data-id=\"18400\">\r\n\t\t<div class=\"w-grid-item-h\">\r\n\t\t\t\t\t\t<p class=\"w-post-elm post_title usg_post_title_1 has_text_color entry-title color_link_inherit\">SILVER SHINE<\/p><div class=\"w-post-elm post_image usg_post_image_1 stretched\"><img decoding=\"async\" width=\"500\" height=\"500\" src=\"https:\/\/www.anjasora.com\/wp-content\/uploads\/FSG6009_integracion-500x500.jpg\" class=\"attachment-us_500_500_crop size-us_500_500_crop wp-post-image\" alt=\"\" srcset=\"https:\/\/www.anjasora.com\/wp-content\/uploads\/FSG6009_integracion-500x500.jpg 500w, https:\/\/www.anjasora.com\/wp-content\/uploads\/FSG6009_integracion-150x150.jpg 150w\" sizes=\"(max-width: 500px) 100vw, 500px\" title=\"-\"><\/div>\t\t<\/div>\r\n\t\t\t<\/article>\r\n\t<article class=\"w-grid-item post-18306 flextone type-flextone status-publish has-post-thumbnail hentry\" data-id=\"18306\">\r\n\t\t<div class=\"w-grid-item-h\">\r\n\t\t\t\t\t\t<p class=\"w-post-elm post_title usg_post_title_1 has_text_color entry-title color_link_inherit\">AUBURN<\/p><div class=\"w-post-elm post_image usg_post_image_1 stretched\"><img decoding=\"async\" width=\"500\" height=\"500\" src=\"https:\/\/www.anjasora.com\/wp-content\/uploads\/FS6008-500x500.jpg\" class=\"attachment-us_500_500_crop size-us_500_500_crop wp-post-image\" alt=\"\" srcset=\"https:\/\/www.anjasora.com\/wp-content\/uploads\/FS6008-500x500.jpg 500w, https:\/\/www.anjasora.com\/wp-content\/uploads\/FS6008-150x150.jpg 150w\" sizes=\"(max-width: 500px) 100vw, 500px\" title=\"-\"><\/div>\t\t<\/div>\r\n\t\t\t<\/article>\r\n\t<article class=\"w-grid-item post-18333 flextone type-flextone status-publish has-post-thumbnail hentry\" data-id=\"18333\">\r\n\t\t<div class=\"w-grid-item-h\">\r\n\t\t\t\t\t\t<p class=\"w-post-elm post_title usg_post_title_1 has_text_color entry-title color_link_inherit\">SILVER GREY<\/p><div class=\"w-post-elm post_image usg_post_image_1 stretched\"><img decoding=\"async\" width=\"500\" height=\"500\" src=\"https:\/\/www.anjasora.com\/wp-content\/uploads\/FS6006-500x500.jpg\" class=\"attachment-us_500_500_crop size-us_500_500_crop wp-post-image\" alt=\"\" srcset=\"https:\/\/www.anjasora.com\/wp-content\/uploads\/FS6006-500x500.jpg 500w, https:\/\/www.anjasora.com\/wp-content\/uploads\/FS6006-150x150.jpg 150w\" sizes=\"(max-width: 500px) 100vw, 500px\" title=\"-\"><\/div>\t\t<\/div>\r\n\t\t\t<\/article>\r\n\t<article class=\"w-grid-item post-18356 flextone type-flextone status-publish has-post-thumbnail hentry\" data-id=\"18356\">\r\n\t\t<div class=\"w-grid-item-h\">\r\n\t\t\t\t\t\t<p class=\"w-post-elm post_title usg_post_title_1 has_text_color entry-title color_link_inherit\">GOLD GREEN<\/p><div class=\"w-post-elm post_image usg_post_image_1 stretched\"><img decoding=\"async\" width=\"500\" height=\"500\" src=\"https:\/\/www.anjasora.com\/wp-content\/uploads\/FS6005-500x500.jpg\" class=\"attachment-us_500_500_crop size-us_500_500_crop wp-post-image\" alt=\"suelo vin\u00edlico ba\u00f1o\" srcset=\"https:\/\/www.anjasora.com\/wp-content\/uploads\/FS6005-500x500.jpg 500w, https:\/\/www.anjasora.com\/wp-content\/uploads\/FS6005-150x150.jpg 150w\" sizes=\"(max-width: 500px) 100vw, 500px\" title=\"-\"><\/div>\t\t<\/div>\r\n\t\t\t<\/article>\r\n\t<article class=\"w-grid-item post-18374 flextone type-flextone status-publish has-post-thumbnail hentry\" data-id=\"18374\">\r\n\t\t<div class=\"w-grid-item-h\">\r\n\t\t\t\t\t\t<p class=\"w-post-elm post_title usg_post_title_1 has_text_color entry-title color_link_inherit\">INDIAN AUTUMN<\/p><div class=\"w-post-elm post_image usg_post_image_1 stretched\"><img decoding=\"async\" width=\"500\" height=\"500\" src=\"https:\/\/www.anjasora.com\/wp-content\/uploads\/FS6007-1-500x500.jpg\" class=\"attachment-us_500_500_crop size-us_500_500_crop wp-post-image\" alt=\"\" srcset=\"https:\/\/www.anjasora.com\/wp-content\/uploads\/FS6007-1-500x500.jpg 500w, https:\/\/www.anjasora.com\/wp-content\/uploads\/FS6007-1-150x150.jpg 150w\" sizes=\"(max-width: 500px) 100vw, 500px\" title=\"-\"><\/div>\t\t<\/div>\r\n\t\t\t<\/article>\r\n\t<article class=\"w-grid-item post-18396 flextone type-flextone status-publish has-post-thumbnail hentry\" data-id=\"18396\">\r\n\t\t<div class=\"w-grid-item-h\">\r\n\t\t\t\t\t\t<p class=\"w-post-elm post_title usg_post_title_1 has_text_color entry-title color_link_inherit\">COPPER HAZE<\/p><div class=\"w-post-elm post_image usg_post_image_1 stretched\"><img decoding=\"async\" width=\"500\" height=\"500\" src=\"https:\/\/www.anjasora.com\/wp-content\/uploads\/ambiente_fsg6003-500x500.jpg\" class=\"attachment-us_500_500_crop size-us_500_500_crop wp-post-image\" alt=\"\" srcset=\"https:\/\/www.anjasora.com\/wp-content\/uploads\/ambiente_fsg6003-500x500.jpg 500w, https:\/\/www.anjasora.com\/wp-content\/uploads\/ambiente_fsg6003-150x150.jpg 150w\" sizes=\"(max-width: 500px) 100vw, 500px\" title=\"-\"><\/div>\t\t<\/div>\r\n\t\t\t<\/article>\r\n\t<article class=\"w-grid-item post-18301 flextone type-flextone status-publish has-post-thumbnail hentry\" data-id=\"18301\">\r\n\t\t<div class=\"w-grid-item-h\">\r\n\t\t\t\t\t\t<p class=\"w-post-elm post_title usg_post_title_1 has_text_color entry-title color_link_inherit\">BLACK LINE<\/p><div class=\"w-post-elm post_image usg_post_image_1 stretched\"><img decoding=\"async\" width=\"500\" height=\"500\" src=\"https:\/\/www.anjasora.com\/wp-content\/uploads\/ambiente_fsg6001-500x500.jpg\" class=\"attachment-us_500_500_crop size-us_500_500_crop wp-post-image\" alt=\"\" srcset=\"https:\/\/www.anjasora.com\/wp-content\/uploads\/ambiente_fsg6001-500x500.jpg 500w, https:\/\/www.anjasora.com\/wp-content\/uploads\/ambiente_fsg6001-150x150.jpg 150w\" sizes=\"(max-width: 500px) 100vw, 500px\" title=\"-\"><\/div>\t\t<\/div>\r\n\t\t\t<\/article>\r\n\t<article class=\"w-grid-item post-18330 flextone type-flextone status-publish has-post-thumbnail hentry\" data-id=\"18330\">\r\n\t\t<div class=\"w-grid-item-h\">\r\n\t\t\t\t\t\t<p class=\"w-post-elm post_title usg_post_title_1 has_text_color entry-title color_link_inherit\">S. BLANC<\/p><div class=\"w-post-elm post_image usg_post_image_1 stretched\"><img decoding=\"async\" width=\"500\" height=\"500\" src=\"https:\/\/www.anjasora.com\/wp-content\/uploads\/FS6007-500x500.jpg\" class=\"attachment-us_500_500_crop size-us_500_500_crop wp-post-image\" alt=\"\" srcset=\"https:\/\/www.anjasora.com\/wp-content\/uploads\/FS6007-500x500.jpg 500w, https:\/\/www.anjasora.com\/wp-content\/uploads\/FS6007-150x150.jpg 150w, https:\/\/www.anjasora.com\/wp-content\/uploads\/FS6007-300x300.jpg 300w\" sizes=\"(max-width: 500px) 100vw, 500px\" title=\"-\"><\/div>\t\t<\/div>\r\n\t\t\t<\/article>\r\n<\/div><div class=\"w-grid-carousel-json hidden\" onclick='return {&quot;carousel_settings&quot;:{&quot;aria_labels&quot;:{&quot;prev&quot;:&quot;Pr\\u00e9c\\u00e9dent&quot;,&quot;next&quot;:&quot;Suivant&quot;},&quot;autoplayContinual&quot;:false,&quot;autoplayHoverPause&quot;:false,&quot;autoplayTimeout&quot;:3000,&quot;autoWidth&quot;:false,&quot;smartSpeed&quot;:350,&quot;margin&quot;:0,&quot;mouseDrag&quot;:true,&quot;rtl&quot;:false,&quot;slideBy&quot;:&quot;1&quot;,&quot;touchDrag&quot;:true,&quot;slideTransition&quot;:&quot;cubic-bezier(0,1,.8,1)&quot;,&quot;responsive&quot;:{&quot;0&quot;:{&quot;autoHeight&quot;:true,&quot;autoplay&quot;:true,&quot;autoWidth&quot;:false,&quot;center&quot;:true,&quot;dots&quot;:false,&quot;items&quot;:1,&quot;loop&quot;:true,&quot;nav&quot;:false,&quot;stagePadding&quot;:0,&quot;slideBy&quot;:&quot;1&quot;},&quot;601&quot;:{&quot;autoHeight&quot;:true,&quot;autoplay&quot;:true,&quot;autoWidth&quot;:false,&quot;center&quot;:true,&quot;dots&quot;:false,&quot;items&quot;:3,&quot;loop&quot;:true,&quot;nav&quot;:true,&quot;stagePadding&quot;:0,&quot;slideBy&quot;:&quot;1&quot;},&quot;1025&quot;:{&quot;autoHeight&quot;:true,&quot;autoplay&quot;:true,&quot;autoWidth&quot;:false,&quot;center&quot;:true,&quot;dots&quot;:false,&quot;items&quot;:3,&quot;loop&quot;:true,&quot;nav&quot;:true,&quot;stagePadding&quot;:0,&quot;slideBy&quot;:&quot;1&quot;},&quot;1920&quot;:{&quot;items&quot;:3,&quot;autoplay&quot;:true,&quot;center&quot;:true,&quot;dots&quot;:false,&quot;nav&quot;:true,&quot;autoHeight&quot;:true,&quot;autoWidth&quot;:false,&quot;loop&quot;:true,&quot;stagePadding&quot;:0}}}}'><\/div><\/div><\/div><\/div><\/div><\/div><\/div><\/section><section class=\"l-section wpb_row height_auto\"><div class=\"l-section-h i-cf\"><div class=\"g-cols vc_row via_flex valign_top type_default stacking_default\"><div class=\"vc_col-sm-12 wpb_column vc_column_container\"><div class=\"vc_column-inner\"><div class=\"wpb_wrapper\"><div class=\"w-separator size_custom\" style=\"height:5rem\" id=\"pf12\"><style>@media(max-width:600px){ #pf12{height:5vh!important}}<\/style><\/div><\/div><\/div><\/div><\/div><\/div><\/section><section class=\"l-section wpb_row height_custom color_primary with_img parallax_ver parallaxdir_reversed\"><div class=\"l-section-img\" role=\"img\" aria-label=\"FOREST\" data-img-width=\"2000\" data-img-height=\"1685\" style=\"background-image: url(https:\/\/www.anjasora.com\/wp-content\/uploads\/ambiente_fs6012.jpg);\"><\/div><div class=\"l-section-overlay\" style=\"background:var(--color-content-overlay)\"><\/div><div class=\"l-section-h i-cf\"><div class=\"g-cols vc_row via_flex valign_middle type_default stacking_default\"><div class=\"vc_col-sm-3 wpb_column vc_column_container\"><div class=\"vc_column-inner\"><div class=\"wpb_wrapper\"><\/div><\/div><\/div><div class=\"vc_col-sm-6 wpb_column vc_column_container\"><div class=\"vc_column-inner\"><div class=\"wpb_wrapper\"><div class=\"w-separator size_large\"><\/div><div class=\"w-image us_custom_47474b22 us_animate_this align_center\"><div class=\"w-image-h\"><img decoding=\"async\" width=\"300\" height=\"300\" src=\"https:\/\/www.anjasora.com\/wp-content\/uploads\/logo-anjasora-blanco.svg\" class=\"attachment-medium size-medium\" alt=\"\" loading=\"lazy\" title=\"-\"><\/div><\/div><div class=\"w-separator size_medium\"><\/div><div class=\"w-btn-wrapper align_justify\"><a class=\"w-btn us-btn-style_8 us_custom_6c21c073 us_animate_this\" title=\"Pierre naturelle flexible\" href=\"https:\/\/www.anjasora.com\/fr\/contact\/\"><span class=\"w-btn-label\">CONTACTEZ-NOUS<\/span><\/a><\/div><div class=\"w-separator size_large\"><\/div><\/div><\/div><\/div><div class=\"vc_col-sm-3 wpb_column vc_column_container\"><div class=\"vc_column-inner\"><div class=\"wpb_wrapper\"><\/div><\/div><\/div><\/div><\/div><\/section>\n","protected":false},"excerpt":{"rendered":"S. BLANCFS6007 \/ FSG6007 WALL 24\u201d x 48\u201d \/ 48 x 96\u201d REVESTIMIENTO 61 x 122 cm \/ 122 x 244 cm ST6007 OPTION A &#8211; Produit Flextone original pour une installation traditionnelle. OPTION B &#8211; Produit Flextone avec une base adh\u00e9sive pour une fixation sans mat\u00e9riaux suppl\u00e9mentaires. FSG6007 122&#215;244 M011 ST6007 15&#215;60 M025 M032...","protected":false},"author":1,"featured_media":14113,"parent":18486,"menu_order":0,"comment_status":"closed","ping_status":"closed","template":"","meta":{"_acf_changed":false,"inline_featured_image":false,"footnotes":""},"class_list":["post-18473","page","type-page","status-publish","has-post-thumbnail","hentry"],"acf":[],"_links":{"self":[{"href":"https:\/\/www.anjasora.com\/fr\/wp-json\/wp\/v2\/pages\/18473","targetHints":{"allow":["GET"]}}],"collection":[{"href":"https:\/\/www.anjasora.com\/fr\/wp-json\/wp\/v2\/pages"}],"about":[{"href":"https:\/\/www.anjasora.com\/fr\/wp-json\/wp\/v2\/types\/page"}],"author":[{"embeddable":true,"href":"https:\/\/www.anjasora.com\/fr\/wp-json\/wp\/v2\/users\/1"}],"replies":[{"embeddable":true,"href":"https:\/\/www.anjasora.com\/fr\/wp-json\/wp\/v2\/comments?post=18473"}],"version-history":[{"count":0,"href":"https:\/\/www.anjasora.com\/fr\/wp-json\/wp\/v2\/pages\/18473\/revisions"}],"up":[{"embeddable":true,"href":"https:\/\/www.anjasora.com\/fr\/wp-json\/wp\/v2\/pages\/18486"}],"wp:featuredmedia":[{"embeddable":true,"href":"https:\/\/www.anjasora.com\/fr\/wp-json\/wp\/v2\/media\/14113"}],"wp:attachment":[{"href":"https:\/\/www.anjasora.com\/fr\/wp-json\/wp\/v2\/media?parent=18473"}],"curies":[{"name":"wp","href":"https:\/\/api.w.org\/{rel}","templated":true}]}}