{"id":18465,"date":"2022-02-24T14:16:58","date_gmt":"2022-02-24T13:16:58","guid":{"rendered":"https:\/\/www.anjasora.com\/catalogues\/"},"modified":"2022-06-10T12:05:03","modified_gmt":"2022-06-10T10:05:03","slug":"catalogues","status":"publish","type":"page","link":"https:\/\/www.anjasora.com\/fr\/catalogues\/","title":{"rendered":"Catalogues"},"content":{"rendered":"<section class=\"l-section wpb_row height_custom color_primary with_img parallax_hor bgwidth_130\"><div class=\"l-section-img\" role=\"img\" aria-label=\"Image\" data-img-width=\"2560\" data-img-height=\"1422\" style=\"background-image: url(https:\/\/www.anjasora.com\/wp-content\/uploads\/Book-Mockup-2022-scaled.jpg);\"><\/div><div class=\"l-section-overlay\" style=\"background:rgba(10,10,10,0.7)\"><\/div><div class=\"l-section-h i-cf\"><div class=\"g-cols vc_row via_flex valign_top type_default stacking_default\"><div class=\"vc_col-sm-12 wpb_column vc_column_container\"><div class=\"vc_column-inner\"><div class=\"wpb_wrapper\"><h1 class=\"w-text us_custom_195d78a2 has_text_color us_animate_this\"><span class=\"w-text-h\"><span class=\"w-text-value\">Catalogues<\/span><\/span><\/h1><div class=\"wpb_text_column\"><div class=\"wpb_wrapper\"><h6 style=\"text-align: center;\">Trouvez l&rsquo;inspiration parmi nos collections de rev\u00eatements de sol et de mur.<\/h6>\n<\/div><\/div><div class=\"w-separator size_small\"><\/div><div class=\"w-iconbox iconpos_top style_default color_custom align_center no_text no_title\"><a href=\"#second\" class=\"w-iconbox-link\" aria-label=\"far|chevron-down\"><div class=\"w-iconbox-icon\" style=\"font-size:2rem;\"><i class=\"far fa-chevron-down\"><\/i><\/div><\/a><div class=\"w-iconbox-meta\"><\/div><\/div><\/div><\/div><\/div><\/div><\/div><\/section><section class=\"l-section wpb_row height_custom\" id=\"deuxi\u00e8me\"><div class=\"l-section-h i-cf\"><div class=\"g-cols vc_row via_flex valign_top type_default stacking_default\"><div class=\"vc_col-sm-12 wpb_column vc_column_container\"><div class=\"vc_column-inner\"><div class=\"wpb_wrapper\"><div class=\"w-separator us_custom_f5890a86 us_animate_this size_small\"><\/div><h2 class=\"w-text us_custom_8b369aaa us_animate_this\"><span class=\"w-text-h\"><span class=\"w-text-value\">Collections<\/span><\/span><\/h2><div class=\"w-separator size_medium\"><\/div><div class=\"g-cols wpb_row via_flex valign_top type_default stacking_default\"><div class=\"vc_col-sm-6 wpb_column vc_column_container\"><div class=\"vc_column-inner\"><div class=\"wpb_wrapper\"><div class=\"wpb_text_column us_custom_47474b22 us_animate_this\"><div class=\"wpb_wrapper\"><p>D\u00e9couvrez toutes nos collections de Parquets et Bardages en P\u00e2te Blanche et P\u00e2te Rouge, et ouvrez les portes de votre cr\u00e9ativit\u00e9.<\/p>\n<\/div><\/div><\/div><\/div><\/div><div class=\"vc_col-sm-6 wpb_column vc_column_container\"><div class=\"vc_column-inner\"><div class=\"wpb_wrapper\"><\/div><\/div><\/div><\/div><div class=\"w-separator size_medium\"><\/div><div class=\"w-grid us_carousel us_custom_693f4b1f type_carousel layout_9370 preload_style_spinner items_5\" id=\"us_grid_1\" style=\"--items:5;--gap:1vw;\"><style>.layout_9370 .w-grid-item-h{}.layout_9370 .usg_post_title_1{color:var(--color-content-heading)!important;font-size:calc( 18px + 0.5vw )!important;line-height:1.2!important;margin-bottom:20px!important}<\/style><div class=\"w-grid-list owl-carousel valign_stretch dotstyle_circle navstyle_circle arrows-ver-pos_middle arrows-hor-pos_on_sides_outside arrows-disabled_hide owl-responsive-2000 center_item with_arrows\" style=\"--transition-duration:350ms;--arrows-size:1.5rem;--arrows-hor-offset:calc(20px + 1vw);--arrows-gap:10px;\">\t<article class=\"w-grid-item post-15653 attachment type-attachment status-inherit hentry us_media_category-catalogo\" data-id=\"15653\">\r\n\t\t<div class=\"w-grid-item-h\">\r\n\t\t\t\t\t\t<p class=\"w-post-elm post_title usg_post_title_1 has_text_color entry-title color_link_inherit\"><a target=\"_blank\" rel=\"nofollow\" href=\"https:\/\/www.anjasora.com\/wp-content\/uploads\/stones.pdf\">STONES<\/a><\/p><div class=\"w-post-elm post_image usg_post_image_1 stretched\"><a target=\"_blank\" rel=\"nofollow\" href=\"https:\/\/www.anjasora.com\/wp-content\/uploads\/stones.pdf\" aria-label=\"STONES\"><img decoding=\"async\" width=\"724\" height=\"1000\" src=\"https:\/\/www.anjasora.com\/wp-content\/uploads\/catalogo-stones-2022.jpg\" class=\"attachment-full size-full\" alt=\"\" srcset=\"https:\/\/www.anjasora.com\/wp-content\/uploads\/catalogo-stones-2022.jpg 724w, https:\/\/www.anjasora.com\/wp-content\/uploads\/catalogo-stones-2022-217x300.jpg 217w, https:\/\/www.anjasora.com\/wp-content\/uploads\/catalogo-stones-2022-290x400.jpg 290w, https:\/\/www.anjasora.com\/wp-content\/uploads\/catalogo-stones-2022-16x22.jpg 16w, https:\/\/www.anjasora.com\/wp-content\/uploads\/catalogo-stones-2022-22x30.jpg 22w, https:\/\/www.anjasora.com\/wp-content\/uploads\/catalogo-stones-2022-36x50.jpg 36w, https:\/\/www.anjasora.com\/wp-content\/uploads\/catalogo-stones-2022-29x40.jpg 29w, https:\/\/www.anjasora.com\/wp-content\/uploads\/catalogo-stones-2022-80x110.jpg 80w, https:\/\/www.anjasora.com\/wp-content\/uploads\/catalogo-stones-2022-54x75.jpg 54w, https:\/\/www.anjasora.com\/wp-content\/uploads\/catalogo-stones-2022-14x20.jpg 14w, https:\/\/www.anjasora.com\/wp-content\/uploads\/catalogo-stones-2022-115x159.jpg 115w, https:\/\/www.anjasora.com\/wp-content\/uploads\/catalogo-stones-2022-100x138.jpg 100w, https:\/\/www.anjasora.com\/wp-content\/uploads\/catalogo-stones-2022-200x276.jpg 200w\" sizes=\"(max-width: 724px) 100vw, 724px\" title=\"-\"><\/a><\/div>\t\t<\/div>\r\n\t\t\t<\/article>\r\n\t<article class=\"w-grid-item post-13699 attachment type-attachment status-inherit hentry us_media_category-catalogo\" data-id=\"13699\">\r\n\t\t<div class=\"w-grid-item-h\">\r\n\t\t\t\t\t\t<p class=\"w-post-elm post_title usg_post_title_1 has_text_color entry-title color_link_inherit\"><a target=\"_blank\" rel=\"nofollow\" href=\"https:\/\/www.anjasora.com\/wp-content\/uploads\/onarea.pdf\">ONAREA<\/a><\/p><div class=\"w-post-elm post_image usg_post_image_1 stretched\"><a target=\"_blank\" rel=\"nofollow\" href=\"https:\/\/www.anjasora.com\/wp-content\/uploads\/onarea.pdf\" aria-label=\"ONAREA\"><img decoding=\"async\" width=\"724\" height=\"1000\" src=\"https:\/\/www.anjasora.com\/wp-content\/uploads\/catalogo-onarea-2022.jpg\" class=\"attachment-full size-full\" alt=\"\" srcset=\"https:\/\/www.anjasora.com\/wp-content\/uploads\/catalogo-onarea-2022.jpg 724w, https:\/\/www.anjasora.com\/wp-content\/uploads\/catalogo-onarea-2022-217x300.jpg 217w, https:\/\/www.anjasora.com\/wp-content\/uploads\/catalogo-onarea-2022-290x400.jpg 290w, https:\/\/www.anjasora.com\/wp-content\/uploads\/catalogo-onarea-2022-16x22.jpg 16w, https:\/\/www.anjasora.com\/wp-content\/uploads\/catalogo-onarea-2022-22x30.jpg 22w, https:\/\/www.anjasora.com\/wp-content\/uploads\/catalogo-onarea-2022-36x50.jpg 36w, https:\/\/www.anjasora.com\/wp-content\/uploads\/catalogo-onarea-2022-29x40.jpg 29w, https:\/\/www.anjasora.com\/wp-content\/uploads\/catalogo-onarea-2022-87x120.jpg 87w, https:\/\/www.anjasora.com\/wp-content\/uploads\/catalogo-onarea-2022-80x110.jpg 80w, https:\/\/www.anjasora.com\/wp-content\/uploads\/catalogo-onarea-2022-54x75.jpg 54w, https:\/\/www.anjasora.com\/wp-content\/uploads\/catalogo-onarea-2022-14x20.jpg 14w, https:\/\/www.anjasora.com\/wp-content\/uploads\/catalogo-onarea-2022-115x159.jpg 115w, https:\/\/www.anjasora.com\/wp-content\/uploads\/catalogo-onarea-2022-100x138.jpg 100w, https:\/\/www.anjasora.com\/wp-content\/uploads\/catalogo-onarea-2022-200x276.jpg 200w, https:\/\/www.anjasora.com\/wp-content\/uploads\/catalogo-onarea-2022-97x134.jpg 97w, https:\/\/www.anjasora.com\/wp-content\/uploads\/catalogo-onarea-2022-459x634.jpg 459w\" sizes=\"(max-width: 724px) 100vw, 724px\" title=\"-\"><\/a><\/div>\t\t<\/div>\r\n\t\t\t<\/article>\r\n\t<article class=\"w-grid-item post-13693 attachment type-attachment status-inherit hentry us_media_category-catalogo\" data-id=\"13693\">\r\n\t\t<div class=\"w-grid-item-h\">\r\n\t\t\t\t\t\t<p class=\"w-post-elm post_title usg_post_title_1 has_text_color entry-title color_link_inherit\"><a target=\"_blank\" rel=\"nofollow\" href=\"https:\/\/www.anjasora.com\/wp-content\/uploads\/mosaic.pdf\">MOSAIC<\/a><\/p><div class=\"w-post-elm post_image usg_post_image_1 stretched\"><a target=\"_blank\" rel=\"nofollow\" href=\"https:\/\/www.anjasora.com\/wp-content\/uploads\/mosaic.pdf\" aria-label=\"MOSAIC\"><img decoding=\"async\" width=\"724\" height=\"1000\" src=\"https:\/\/www.anjasora.com\/wp-content\/uploads\/catalogo-mosaic-2022.jpg\" class=\"attachment-full size-full\" alt=\"\" srcset=\"https:\/\/www.anjasora.com\/wp-content\/uploads\/catalogo-mosaic-2022.jpg 724w, https:\/\/www.anjasora.com\/wp-content\/uploads\/catalogo-mosaic-2022-217x300.jpg 217w, https:\/\/www.anjasora.com\/wp-content\/uploads\/catalogo-mosaic-2022-290x400.jpg 290w, https:\/\/www.anjasora.com\/wp-content\/uploads\/catalogo-mosaic-2022-16x22.jpg 16w, https:\/\/www.anjasora.com\/wp-content\/uploads\/catalogo-mosaic-2022-22x30.jpg 22w, https:\/\/www.anjasora.com\/wp-content\/uploads\/catalogo-mosaic-2022-36x50.jpg 36w, https:\/\/www.anjasora.com\/wp-content\/uploads\/catalogo-mosaic-2022-29x40.jpg 29w, https:\/\/www.anjasora.com\/wp-content\/uploads\/catalogo-mosaic-2022-87x120.jpg 87w, https:\/\/www.anjasora.com\/wp-content\/uploads\/catalogo-mosaic-2022-80x110.jpg 80w, https:\/\/www.anjasora.com\/wp-content\/uploads\/catalogo-mosaic-2022-54x75.jpg 54w, https:\/\/www.anjasora.com\/wp-content\/uploads\/catalogo-mosaic-2022-14x20.jpg 14w, https:\/\/www.anjasora.com\/wp-content\/uploads\/catalogo-mosaic-2022-115x159.jpg 115w, https:\/\/www.anjasora.com\/wp-content\/uploads\/catalogo-mosaic-2022-100x138.jpg 100w, https:\/\/www.anjasora.com\/wp-content\/uploads\/catalogo-mosaic-2022-200x276.jpg 200w, https:\/\/www.anjasora.com\/wp-content\/uploads\/catalogo-mosaic-2022-97x134.jpg 97w, https:\/\/www.anjasora.com\/wp-content\/uploads\/catalogo-mosaic-2022-459x634.jpg 459w\" sizes=\"(max-width: 724px) 100vw, 724px\" title=\"-\"><\/a><\/div>\t\t<\/div>\r\n\t\t\t<\/article>\r\n\t<article class=\"w-grid-item post-13687 attachment type-attachment status-inherit hentry us_media_category-catalogo\" data-id=\"13687\">\r\n\t\t<div class=\"w-grid-item-h\">\r\n\t\t\t\t\t\t<p class=\"w-post-elm post_title usg_post_title_1 has_text_color entry-title color_link_inherit\"><a target=\"_blank\" rel=\"nofollow\" href=\"https:\/\/www.anjasora.com\/wp-content\/uploads\/concret.pdf\">concret<\/a><\/p><div class=\"w-post-elm post_image usg_post_image_1 stretched\"><a target=\"_blank\" rel=\"nofollow\" href=\"https:\/\/www.anjasora.com\/wp-content\/uploads\/concret.pdf\" aria-label=\"concret\"><img decoding=\"async\" width=\"724\" height=\"1000\" src=\"https:\/\/www.anjasora.com\/wp-content\/uploads\/catalogo-concret-2022.jpg\" class=\"attachment-full size-full\" alt=\"\" srcset=\"https:\/\/www.anjasora.com\/wp-content\/uploads\/catalogo-concret-2022.jpg 724w, https:\/\/www.anjasora.com\/wp-content\/uploads\/catalogo-concret-2022-217x300.jpg 217w, https:\/\/www.anjasora.com\/wp-content\/uploads\/catalogo-concret-2022-290x400.jpg 290w, https:\/\/www.anjasora.com\/wp-content\/uploads\/catalogo-concret-2022-16x22.jpg 16w, https:\/\/www.anjasora.com\/wp-content\/uploads\/catalogo-concret-2022-22x30.jpg 22w, https:\/\/www.anjasora.com\/wp-content\/uploads\/catalogo-concret-2022-36x50.jpg 36w, https:\/\/www.anjasora.com\/wp-content\/uploads\/catalogo-concret-2022-29x40.jpg 29w, https:\/\/www.anjasora.com\/wp-content\/uploads\/catalogo-concret-2022-87x120.jpg 87w, https:\/\/www.anjasora.com\/wp-content\/uploads\/catalogo-concret-2022-80x110.jpg 80w, https:\/\/www.anjasora.com\/wp-content\/uploads\/catalogo-concret-2022-54x75.jpg 54w, https:\/\/www.anjasora.com\/wp-content\/uploads\/catalogo-concret-2022-14x20.jpg 14w, https:\/\/www.anjasora.com\/wp-content\/uploads\/catalogo-concret-2022-115x159.jpg 115w, https:\/\/www.anjasora.com\/wp-content\/uploads\/catalogo-concret-2022-100x138.jpg 100w, https:\/\/www.anjasora.com\/wp-content\/uploads\/catalogo-concret-2022-200x276.jpg 200w, https:\/\/www.anjasora.com\/wp-content\/uploads\/catalogo-concret-2022-97x134.jpg 97w, https:\/\/www.anjasora.com\/wp-content\/uploads\/catalogo-concret-2022-459x634.jpg 459w\" sizes=\"(max-width: 724px) 100vw, 724px\" title=\"-\"><\/a><\/div>\t\t<\/div>\r\n\t\t\t<\/article>\r\n\t<article class=\"w-grid-item post-13681 attachment type-attachment status-inherit hentry us_media_category-catalogo\" data-id=\"13681\">\r\n\t\t<div class=\"w-grid-item-h\">\r\n\t\t\t\t\t\t<p class=\"w-post-elm post_title usg_post_title_1 has_text_color entry-title color_link_inherit\"><a target=\"_blank\" rel=\"nofollow\" href=\"https:\/\/www.anjasora.com\/wp-content\/uploads\/flextone.pdf\">FLEXTONE<\/a><\/p><div class=\"w-post-elm post_image usg_post_image_1 stretched\"><a target=\"_blank\" rel=\"nofollow\" href=\"https:\/\/www.anjasora.com\/wp-content\/uploads\/flextone.pdf\" aria-label=\"FLEXTONE\"><img decoding=\"async\" width=\"724\" height=\"1000\" src=\"https:\/\/www.anjasora.com\/wp-content\/uploads\/catalogo-flextone-2022.jpg\" class=\"attachment-full size-full\" alt=\"\" srcset=\"https:\/\/www.anjasora.com\/wp-content\/uploads\/catalogo-flextone-2022.jpg 724w, https:\/\/www.anjasora.com\/wp-content\/uploads\/catalogo-flextone-2022-217x300.jpg 217w, https:\/\/www.anjasora.com\/wp-content\/uploads\/catalogo-flextone-2022-290x400.jpg 290w, https:\/\/www.anjasora.com\/wp-content\/uploads\/catalogo-flextone-2022-16x22.jpg 16w, https:\/\/www.anjasora.com\/wp-content\/uploads\/catalogo-flextone-2022-22x30.jpg 22w, https:\/\/www.anjasora.com\/wp-content\/uploads\/catalogo-flextone-2022-36x50.jpg 36w, https:\/\/www.anjasora.com\/wp-content\/uploads\/catalogo-flextone-2022-29x40.jpg 29w, https:\/\/www.anjasora.com\/wp-content\/uploads\/catalogo-flextone-2022-87x120.jpg 87w, https:\/\/www.anjasora.com\/wp-content\/uploads\/catalogo-flextone-2022-80x110.jpg 80w, https:\/\/www.anjasora.com\/wp-content\/uploads\/catalogo-flextone-2022-54x75.jpg 54w, https:\/\/www.anjasora.com\/wp-content\/uploads\/catalogo-flextone-2022-14x20.jpg 14w, https:\/\/www.anjasora.com\/wp-content\/uploads\/catalogo-flextone-2022-115x159.jpg 115w, https:\/\/www.anjasora.com\/wp-content\/uploads\/catalogo-flextone-2022-100x138.jpg 100w, https:\/\/www.anjasora.com\/wp-content\/uploads\/catalogo-flextone-2022-200x276.jpg 200w, https:\/\/www.anjasora.com\/wp-content\/uploads\/catalogo-flextone-2022-97x134.jpg 97w, https:\/\/www.anjasora.com\/wp-content\/uploads\/catalogo-flextone-2022-459x634.jpg 459w\" sizes=\"(max-width: 724px) 100vw, 724px\" title=\"-\"><\/a><\/div>\t\t<\/div>\r\n\t\t\t<\/article>\r\n\t<article class=\"w-grid-item post-13675 attachment type-attachment status-inherit hentry us_media_category-catalogo\" data-id=\"13675\">\r\n\t\t<div class=\"w-grid-item-h\">\r\n\t\t\t\t\t\t<p class=\"w-post-elm post_title usg_post_title_1 has_text_color entry-title color_link_inherit\"><a target=\"_blank\" rel=\"nofollow\" href=\"https:\/\/www.anjasora.com\/wp-content\/uploads\/floortape.pdf\">FLOORTAPE<\/a><\/p><div class=\"w-post-elm post_image usg_post_image_1 stretched\"><a target=\"_blank\" rel=\"nofollow\" href=\"https:\/\/www.anjasora.com\/wp-content\/uploads\/floortape.pdf\" aria-label=\"FLOORTAPE\"><img decoding=\"async\" width=\"724\" height=\"1000\" src=\"https:\/\/www.anjasora.com\/wp-content\/uploads\/catalogo-floortape-2022.jpg\" class=\"attachment-full size-full\" alt=\"\" srcset=\"https:\/\/www.anjasora.com\/wp-content\/uploads\/catalogo-floortape-2022.jpg 724w, https:\/\/www.anjasora.com\/wp-content\/uploads\/catalogo-floortape-2022-217x300.jpg 217w, https:\/\/www.anjasora.com\/wp-content\/uploads\/catalogo-floortape-2022-290x400.jpg 290w, https:\/\/www.anjasora.com\/wp-content\/uploads\/catalogo-floortape-2022-16x22.jpg 16w, https:\/\/www.anjasora.com\/wp-content\/uploads\/catalogo-floortape-2022-22x30.jpg 22w, https:\/\/www.anjasora.com\/wp-content\/uploads\/catalogo-floortape-2022-36x50.jpg 36w, https:\/\/www.anjasora.com\/wp-content\/uploads\/catalogo-floortape-2022-29x40.jpg 29w, https:\/\/www.anjasora.com\/wp-content\/uploads\/catalogo-floortape-2022-87x120.jpg 87w, https:\/\/www.anjasora.com\/wp-content\/uploads\/catalogo-floortape-2022-80x110.jpg 80w, https:\/\/www.anjasora.com\/wp-content\/uploads\/catalogo-floortape-2022-54x75.jpg 54w, https:\/\/www.anjasora.com\/wp-content\/uploads\/catalogo-floortape-2022-14x20.jpg 14w, https:\/\/www.anjasora.com\/wp-content\/uploads\/catalogo-floortape-2022-115x159.jpg 115w, https:\/\/www.anjasora.com\/wp-content\/uploads\/catalogo-floortape-2022-100x138.jpg 100w, https:\/\/www.anjasora.com\/wp-content\/uploads\/catalogo-floortape-2022-200x276.jpg 200w, https:\/\/www.anjasora.com\/wp-content\/uploads\/catalogo-floortape-2022-97x134.jpg 97w, https:\/\/www.anjasora.com\/wp-content\/uploads\/catalogo-floortape-2022-459x634.jpg 459w\" sizes=\"(max-width: 724px) 100vw, 724px\" title=\"-\"><\/a><\/div>\t\t<\/div>\r\n\t\t\t<\/article>\r\n<\/div><div class=\"w-grid-carousel-json hidden\" onclick='return {&quot;carousel_settings&quot;:{&quot;aria_labels&quot;:{&quot;prev&quot;:&quot;Pr\\u00e9c\\u00e9dent&quot;,&quot;next&quot;:&quot;Suivant&quot;},&quot;autoplayContinual&quot;:false,&quot;autoplayHoverPause&quot;:false,&quot;autoplayTimeout&quot;:3000,&quot;autoWidth&quot;:false,&quot;smartSpeed&quot;:350,&quot;margin&quot;:0,&quot;mouseDrag&quot;:true,&quot;rtl&quot;:false,&quot;slideBy&quot;:&quot;1&quot;,&quot;touchDrag&quot;:true,&quot;slideTransition&quot;:&quot;cubic-bezier(0,1,.8,1)&quot;,&quot;responsive&quot;:{&quot;0&quot;:{&quot;autoHeight&quot;:true,&quot;autoplay&quot;:true,&quot;autoWidth&quot;:false,&quot;center&quot;:true,&quot;dots&quot;:false,&quot;items&quot;:1,&quot;loop&quot;:true,&quot;nav&quot;:false,&quot;stagePadding&quot;:0,&quot;slideBy&quot;:&quot;1&quot;},&quot;601&quot;:{&quot;autoHeight&quot;:true,&quot;autoplay&quot;:true,&quot;autoWidth&quot;:false,&quot;center&quot;:true,&quot;dots&quot;:false,&quot;items&quot;:3,&quot;loop&quot;:true,&quot;nav&quot;:true,&quot;stagePadding&quot;:0,&quot;slideBy&quot;:&quot;1&quot;},&quot;1025&quot;:{&quot;autoHeight&quot;:true,&quot;autoplay&quot;:true,&quot;autoWidth&quot;:false,&quot;center&quot;:true,&quot;dots&quot;:false,&quot;items&quot;:4,&quot;loop&quot;:true,&quot;nav&quot;:true,&quot;stagePadding&quot;:0,&quot;slideBy&quot;:&quot;1&quot;},&quot;1920&quot;:{&quot;items&quot;:5,&quot;autoplay&quot;:true,&quot;center&quot;:true,&quot;dots&quot;:false,&quot;nav&quot;:true,&quot;autoHeight&quot;:true,&quot;autoWidth&quot;:false,&quot;loop&quot;:true,&quot;stagePadding&quot;:0}}}}'><\/div><\/div><\/div><\/div><\/div><\/div><\/div><\/section><section class=\"l-section wpb_row height_auto\"><div class=\"l-section-h i-cf\"><div class=\"g-cols vc_row via_flex valign_top type_default stacking_default\"><div class=\"vc_col-sm-12 wpb_column vc_column_container\"><div class=\"vc_column-inner\"><div class=\"wpb_wrapper\"><div class=\"w-separator size_custom\" style=\"height:3rem\" id=\"y941\"><style>@media(max-width:600px){ #y941{height:5vh!important}}<\/style><\/div><\/div><\/div><\/div><\/div><\/div><\/section><section class=\"l-section wpb_row height_custom\"><div class=\"l-section-h i-cf\"><div class=\"g-cols vc_row via_flex valign_top type_default stacking_default\"><div class=\"vc_col-sm-12 wpb_column vc_column_container\"><div class=\"vc_column-inner\"><div class=\"wpb_wrapper\"><div class=\"w-separator size_custom\" style=\"height:10px\" id=\"gd89\"><style>@media(max-width:600px){ #gd89{height:1rem!important}}<\/style><\/div><\/div><\/div><\/div><\/div><\/div><\/section><section class=\"l-section wpb_row height_custom\"><div class=\"l-section-h i-cf\"><div class=\"g-cols vc_row via_flex valign_middle type_default stacking_default\"><div class=\"vc_col-sm-6 wpb_column vc_column_container\"><div class=\"vc_column-inner\"><div class=\"wpb_wrapper\"><div class=\"w-separator size_custom\" style=\"height:6vh\" id=\"v2b3\"><style>@media(max-width:1024px){ #v2b3{height:14hv!important}}@media(max-width:479px){ #v2b3{height:10hv!important}}<\/style><\/div><div class=\"wpb_text_column us_custom_7d39fe36 us_animate_this\"><div class=\"wpb_wrapper\"><h2 style=\"text-align: left;\">L&rsquo;inspiration <em>naturelle dans<\/em><br \/>\nrev\u00eatements de sol<\/h2>\n<\/div><\/div><div class=\"w-separator size_medium\"><\/div><div class=\"w-btn-wrapper align_none\"><a class=\"w-btn us-btn-style_11\" target=\"_blank\" rel=\"nofollow\" href=\"https:\/\/www.anjasora.com\/wp-content\/uploads\/ANJASORA_GENERAL_2022.pdf\"><span class=\"w-btn-label\">T\u00c9L\u00c9CHARGER LE CATALOGUE<\/span><\/a><\/div><\/div><\/div><\/div><div class=\"vc_col-sm-6 wpb_column vc_column_container\"><div class=\"vc_column-inner us_custom_95d492f5\"><div class=\"wpb_wrapper\"><div class=\"w-separator size_custom\" style=\"height:10vh\" id=\"j866\"><style>@media(max-width:600px){ #j866{height:14vh!important}}<\/style><\/div><div class=\"w-image us_custom_9372fe06 us_animate_this has_ratio align_none\"><div class=\"w-image-h\"><div style=\"padding-bottom:128.8889%\"><\/div><img decoding=\"async\" width=\"724\" height=\"1000\" src=\"https:\/\/www.anjasora.com\/wp-content\/uploads\/catalogo-novedades-2021.jpg\" class=\"attachment-full size-full\" alt=\"\" loading=\"lazy\" title=\"-\"><\/div><\/div><div class=\"w-separator hide_on_mobiles size_large\"><\/div><\/div><\/div><\/div><\/div><\/div><\/section><section class=\"l-section wpb_row us_custom_703b2333 height_custom\"><div class=\"l-section-h i-cf\"><div class=\"g-cols vc_row via_flex valign_middle type_default reversed stacking_default\"><div class=\"vc_col-sm-6 wpb_column vc_column_container\"><div class=\"vc_column-inner us_custom_ebda694a\"><div class=\"wpb_wrapper\"><div class=\"w-image us_custom_af3ce9ca us_animate_this has_ratio align_none\"><div class=\"w-image-h\"><div style=\"padding-bottom:137.7778%\"><\/div><img decoding=\"async\" width=\"724\" height=\"1000\" src=\"https:\/\/www.anjasora.com\/wp-content\/uploads\/catalogo-general-2022.jpg\" class=\"attachment-full size-full\" alt=\"\" loading=\"lazy\" title=\"-\"><\/div><\/div><\/div><\/div><\/div><div class=\"vc_col-sm-6 wpb_column vc_column_container\"><div class=\"vc_column-inner\"><div class=\"wpb_wrapper\"><div class=\"wpb_text_column us_custom_7d39fe36 us_animate_this\"><div class=\"wpb_wrapper\"><h2 style=\"text-align: left;\">L&rsquo;inspiration <em>naturelle dans<\/em><br \/>\nrev\u00eatements de sol<\/h2>\n<\/div><\/div><div class=\"w-separator size_medium\"><\/div><div class=\"w-btn-wrapper align_none\"><a class=\"w-btn us-btn-style_11\" target=\"_blank\" rel=\"nofollow\" href=\"https:\/\/www.anjasora.com\/wp-content\/uploads\/ANJASORA_GENERAL_2022.pdf\"><span class=\"w-btn-label\">T\u00c9L\u00c9CHARGER LE CATALOGUE<\/span><\/a><\/div><\/div><\/div><\/div><\/div><\/div><\/section><section class=\"l-section wpb_row height_auto\"><div class=\"l-section-h i-cf\"><div class=\"g-cols vc_row via_flex valign_top type_default stacking_default\"><div class=\"vc_col-sm-12 wpb_column vc_column_container\"><div class=\"vc_column-inner\"><div class=\"wpb_wrapper\"><div class=\"w-separator size_small\"><\/div><\/div><\/div><\/div><\/div><\/div><\/section>\n","protected":false},"excerpt":{"rendered":"","protected":false},"author":1,"featured_media":0,"parent":0,"menu_order":0,"comment_status":"closed","ping_status":"closed","template":"","meta":{"_acf_changed":false,"inline_featured_image":false,"footnotes":""},"class_list":["post-18465","page","type-page","status-publish","hentry"],"acf":[],"_links":{"self":[{"href":"https:\/\/www.anjasora.com\/fr\/wp-json\/wp\/v2\/pages\/18465","targetHints":{"allow":["GET"]}}],"collection":[{"href":"https:\/\/www.anjasora.com\/fr\/wp-json\/wp\/v2\/pages"}],"about":[{"href":"https:\/\/www.anjasora.com\/fr\/wp-json\/wp\/v2\/types\/page"}],"author":[{"embeddable":true,"href":"https:\/\/www.anjasora.com\/fr\/wp-json\/wp\/v2\/users\/1"}],"replies":[{"embeddable":true,"href":"https:\/\/www.anjasora.com\/fr\/wp-json\/wp\/v2\/comments?post=18465"}],"version-history":[{"count":0,"href":"https:\/\/www.anjasora.com\/fr\/wp-json\/wp\/v2\/pages\/18465\/revisions"}],"wp:attachment":[{"href":"https:\/\/www.anjasora.com\/fr\/wp-json\/wp\/v2\/media?parent=18465"}],"curies":[{"name":"wp","href":"https:\/\/api.w.org\/{rel}","templated":true}]}}