{"id":18453,"date":"2022-02-24T14:24:11","date_gmt":"2022-02-24T13:24:11","guid":{"rendered":"https:\/\/www.anjasora.com\/contacter\/"},"modified":"2022-06-06T12:19:33","modified_gmt":"2022-06-06T10:19:33","slug":"contacter","status":"publish","type":"page","link":"https:\/\/www.anjasora.com\/fr\/contact\/","title":{"rendered":"Contact"},"content":{"rendered":"<section class=\"l-section wpb_row height_custom color_primary with_img parallax_hor bgwidth_130\"><div class=\"l-section-img\" role=\"img\" aria-label=\"Image\" data-img-width=\"2000\" data-img-height=\"1500\" style=\"background-image: url(https:\/\/www.anjasora.com\/wp-content\/uploads\/amb-MUDEJAR-CW-001.jpg);\"><\/div><div class=\"l-section-overlay\" style=\"background:rgba(10,10,10,0.7)\"><\/div><div class=\"l-section-h i-cf\"><div class=\"g-cols vc_row via_flex valign_top type_default stacking_default\"><div class=\"vc_col-sm-12 wpb_column vc_column_container\"><div class=\"vc_column-inner\"><div class=\"wpb_wrapper\"><h1 class=\"w-text us_custom_195d78a2 has_text_color us_animate_this\"><span class=\"w-text-h\"><span class=\"w-text-value\">Contact<\/span><\/span><\/h1><div class=\"wpb_text_column\"><div class=\"wpb_wrapper\"><h6 style=\"text-align: center;\">Contactez notre \u00e9quipe pour plus d&rsquo;informations sur nos collections de c\u00e9ramique.<\/h6>\n<\/div><\/div><div class=\"w-separator size_small\"><\/div><div class=\"w-iconbox iconpos_top style_default color_custom align_center no_text no_title\"><a href=\"#second\" class=\"w-iconbox-link\" aria-label=\"far|chevron-down\"><div class=\"w-iconbox-icon\" style=\"font-size:2rem;\"><i class=\"far fa-chevron-down\"><\/i><\/div><\/a><div class=\"w-iconbox-meta\"><\/div><\/div><\/div><\/div><\/div><\/div><\/div><\/section><section class=\"l-section wpb_row height_custom\" id=\"deuxi\u00e8me\"><div class=\"l-section-h i-cf\"><div class=\"g-cols vc_row via_flex valign_top type_default stacking_default\"><div class=\"vc_col-sm-6 wpb_column vc_column_container\"><div class=\"vc_column-inner\"><div class=\"wpb_wrapper\"><div class=\"w-vwrapper align_none valign_top us_custom_63de091a us_animate_this\" style=\"--vwrapper-gap:1rem\"><h3 class=\"w-text us_custom_ba205bf8\"><span class=\"w-text-h\"><span class=\"w-text-value\">Comment pouvons-nous vous aider ?<\/span><\/span><\/h3><div class=\"w-separator size_small\"><\/div><div class=\"wpb_text_column\"><div class=\"wpb_wrapper\"><p>Si vous avez besoin de conseils ou si vous souhaitez savoir o\u00f9 vous pouvez acheter nos rev\u00eatements de sol et de mur. Nous sommes impatients de vous parler.<\/p>\n<\/div><\/div><div class=\"w-separator size_small\"><\/div><h3 class=\"w-text\"><span class=\"w-text-h\"><span class=\"w-text-value\">Partager<\/span><\/span><\/h3><div class=\"w-socials us_custom_c96a8a09 color_text shape_none\" style=\"--gap:0.6em;\"><div class=\"w-socials-list\"><div class=\"w-socials-item facebook\"><a target=\"_blank\" rel=\"nofollow noopener\" href=\"https:\/\/es-es.facebook.com\/Anjasora\" class=\"w-socials-item-link\" aria-label=\"Facebook\"><span class=\"w-socials-item-link-hover\"><\/span><i class=\"fab fa-facebook\"><\/i><\/a><div class=\"w-socials-item-popup\"><span>Facebook<\/span><\/div><\/div><div class=\"w-socials-item vimeo\"><a target=\"_blank\" rel=\"nofollow noopener\" href=\"https:\/\/vimeopro.com\/imkdigital\/anjasora\" class=\"w-socials-item-link\" aria-label=\"Vimeo\"><span class=\"w-socials-item-link-hover\"><\/span><i class=\"fab fa-vimeo-v\"><\/i><\/a><div class=\"w-socials-item-popup\"><span>Vimeo<\/span><\/div><\/div><div class=\"w-socials-item pinterest\"><a target=\"_blank\" rel=\"nofollow noopener\" href=\"https:\/\/www.pinterest.es\/anjasora\/\" class=\"w-socials-item-link\" aria-label=\"Pinterest\"><span class=\"w-socials-item-link-hover\"><\/span><i class=\"fab fa-pinterest\"><\/i><\/a><div class=\"w-socials-item-popup\"><span>Pinterest<\/span><\/div><\/div><div class=\"w-socials-item instagram\"><a target=\"_blank\" rel=\"nofollow noopener\" href=\"https:\/\/www.instagram.com\/anjasora_official\/\" class=\"w-socials-item-link\" aria-label=\"Instagram\"><span class=\"w-socials-item-link-hover\"><\/span><i class=\"fab fa-instagram\"><\/i><\/a><div class=\"w-socials-item-popup\"><span>Instagram<\/span><\/div><\/div><\/div><\/div><\/div><\/div><\/div><\/div><div class=\"vc_col-sm-6 wpb_column vc_column_container\"><div class=\"vc_column-inner us_custom_6c21c073 us_animate_this\"><div class=\"wpb_wrapper\"><div class=\"w-separator size_custom\" style=\"height:4vmax\" id=\"of83\"><style>@media(max-width:600px){ #of83{height:10vh!important}}<\/style><\/div>\n<div class=\"wpcf7 no-js\" id=\"wpcf7-f18450-o1\" lang=\"fr-FR\" dir=\"ltr\" data-wpcf7-id=\"18450\">\n<div class=\"screen-reader-response\"><p role=\"status\" aria-live=\"polite\" aria-atomic=\"true\"><\/p> <ul><\/ul><\/div>\n<form action=\"\/fr\/wp-json\/wp\/v2\/pages\/18453#wpcf7-f18450-o1\" method=\"post\" class=\"wpcf7-form init\" aria-label=\"Formulaire de contact\" novalidate=\"novalidate\" data-status=\"init\">\n<fieldset class=\"hidden-fields-container\"><input type=\"hidden\" name=\"_wpcf7\" value=\"18450\" \/><input type=\"hidden\" name=\"_wpcf7_version\" value=\"6.1.6\" \/><input type=\"hidden\" name=\"_wpcf7_locale\" value=\"fr_FR\" \/><input type=\"hidden\" name=\"_wpcf7_unit_tag\" value=\"wpcf7-f18450-o1\" \/><input type=\"hidden\" name=\"_wpcf7_container_post\" value=\"0\" \/><input type=\"hidden\" name=\"_wpcf7_posted_data_hash\" value=\"\" \/>\n<\/fieldset>\n<div id=\"responsive-form\" class=\"clearfix\">\n\t<div class=\"w-form-row form-row\">\n\t\t<div class=\"w-form-row-field for_name column-full\">\n\t\t\t<p><span class=\"wpcf7-form-control-wrap\" data-name=\"your-name\"><input size=\"40\" maxlength=\"400\" class=\"wpcf7-form-control wpcf7-text wpcf7-validates-as-required\" aria-required=\"true\" aria-invalid=\"false\" placeholder=\"Nom *\" value=\"\" type=\"text\" name=\"your-name\" \/><\/span>\n\t\t\t<\/p>\n\t\t<\/div>\n\t<\/div>\n\t<div class=\"w-form-row form-row\">\n\t\t<div class=\"w-form-row-field for_email column-half\">\n\t\t\t<p><span class=\"wpcf7-form-control-wrap\" data-name=\"your-email\"><input size=\"40\" maxlength=\"400\" class=\"wpcf7-form-control wpcf7-email wpcf7-validates-as-required wpcf7-text wpcf7-validates-as-email\" aria-required=\"true\" aria-invalid=\"false\" placeholder=\"Courriel *\" value=\"\" type=\"email\" name=\"your-email\" \/><\/span>\n\t\t\t<\/p>\n\t\t<\/div>\n\t\t<div class=\"w-form-row-field for_email column-half\">\n\t\t\t<p><span class=\"wpcf7-form-control-wrap\" data-name=\"your-phone\"><input size=\"40\" maxlength=\"400\" class=\"wpcf7-form-control wpcf7-text wpcf7-validates-as-required\" aria-required=\"true\" aria-invalid=\"false\" placeholder=\"T\u00e9l\u00e9phone *\" value=\"\" type=\"text\" name=\"your-phone\" \/><\/span>\n\t\t\t<\/p>\n\t\t<\/div>\n\t<\/div>\n\t<div class=\"w-form-row form-row for_message\">\n\t\t<div class=\"w-form-row-field column-full\">\n\t\t\t<p><span class=\"wpcf7-form-control-wrap\" data-name=\"message\"><textarea cols=\"40\" rows=\"10\" maxlength=\"2000\" class=\"wpcf7-form-control wpcf7-textarea wpcf7-validates-as-required\" aria-required=\"true\" aria-invalid=\"false\" placeholder=\"Mensaje *\" name=\"message\"><\/textarea><\/span>\n\t\t\t<\/p>\n\t\t\t<div style=\"margin-top: 20px;\">\n\t\t\t<\/div>\n\t\t\t<div class=\"privacy-policy-check\">\n\t\t\t\t<p><span class=\"wpcf7-form-control-wrap\" data-name=\"acceptance-164\"><span class=\"wpcf7-form-control wpcf7-acceptance\"><span class=\"wpcf7-list-item\"><label><input type=\"checkbox\" name=\"acceptance-164\" value=\"1\" class=\"privacy-policy-check\" aria-invalid=\"false\" \/><span class=\"wpcf7-list-item-label\"><span> Oui, j'accepte la  <a href=\"\/fr\/politique-de-confidentialite\/\" style=\"color: black;\">Politique de Confidentialit\u00e9<\/a><\/span><\/span><\/label><\/span><\/span><\/span>\n\t\t\t\t<\/p>\n\t\t\t<\/div>\n\t\t\t<div class=\"privacy-policy-check\">\n\t\t\t\t<p>\n\n\t\t\t\t\t\t\t<span class=\"wpcf7-form-control-wrap mailpoetsignup-609\">\n\t\t\t<span class=\"wpcf7-form-control wpcf7-mailpoetsignup\">\n\t\t\t\t<label class=\"wpcf7-list-label\">\n\t\t\t\t<input type=\"checkbox\"\n\t\t\t\tname=\"mailpoetsignup-609[]\" value=\"\n\t\t\t\t\t\t\t\t\t\tSUSCRIPTORES WEB\t\t\t\t\"\n\t\t\t\tid=\"\" class=\"\"\n\t\t\t\t\t\t\t\t\/>Oui, j'accepte de recevoir des communications commerciales en fonction de mes int\u00e9r\u00eats\t\t\t\t\t<input type=\"hidden\" name=\"fieldVal\"  value=\"\n\t\t\t\t\t18\t\t\t\t\t\"\n\t\t\t\t<\/label>\n\t\t\t\t<br\/>\n\t\t\t\t<\/span>\n\n\t\t\t\t<\/span>\n\n\t\t\t\t\n\t\t\t\t<\/p>\n\t\t\t<\/div>\n\t\t<\/div>\n\t<\/div>\n\t<div class=\"w-form-row form_submit\">\n\t\t<div class=\"w-form-field column-full\">\n\t\t\t<p><input class=\"wpcf7-form-control wpcf7-submit has-spinner\" type=\"submit\" value=\"Envoyer\" \/>\n\t\t\t<\/p>\n\t\t<\/div>\n\t<\/div>\n<\/div><p style=\"display: none !important;\" class=\"akismet-fields-container\" data-prefix=\"_wpcf7_ak_\"><label>&#916;<textarea name=\"_wpcf7_ak_hp_textarea\" cols=\"45\" rows=\"8\" maxlength=\"100\"><\/textarea><\/label><input type=\"hidden\" id=\"ak_js_1\" name=\"_wpcf7_ak_js\" value=\"144\"\/><script>\ndocument.getElementById( \"ak_js_1\" ).setAttribute( \"value\", ( new Date() ).getTime() );\n<\/script>\n<\/p><div class=\"wpcf7-response-output\" aria-hidden=\"true\"><\/div>\n<\/form>\n<\/div>\n<\/div><\/div><\/div><\/div><\/div><\/section><section class=\"l-section wpb_row height_auto\"><div class=\"l-section-h i-cf\"><div class=\"g-cols vc_row via_flex valign_top type_default stacking_default\"><div class=\"vc_col-sm-6 wpb_column vc_column_container\"><div class=\"vc_column-inner\"><div class=\"wpb_wrapper\"><div class=\"w-separator size_custom\" style=\"height:5vh\" id=\"d376\"><style>@media(max-width:1024px){ #d376{height:14hv!important}}@media(max-width:479px){ #d376{height:10hv!important}}<\/style><\/div><div class=\"wpb_text_column us_custom_7d39fe36 us_animate_this\"><div class=\"wpb_wrapper\"><h2 style=\"text-align: right;\">Notre<br \/>\n<em>Bureaux<\/em><\/h2>\n<\/div><\/div><div class=\"w-separator size_small\"><\/div><div class=\"w-iconbox us_custom_a2ebf4ae iconpos_left style_default color_primary align_left no_text\"><div class=\"w-iconbox-icon\" style=\"font-size:2.5rem;\"><i class=\"fal fa-map-marker-alt\"><\/i><\/div><div class=\"w-iconbox-meta\"><h5 class=\"w-iconbox-title\">Cno. foyes Ferraes s\/n 12110 Castell\u00f3n l&rsquo;Alcora<\/h5><\/div><\/div><div class=\"w-separator size_small\"><\/div><div class=\"w-iconbox iconpos_left style_default color_primary align_left no_text\"><div class=\"w-iconbox-icon\" style=\"font-size:2.5rem;\"><i class=\"fal fa-phone\"><\/i><\/div><div class=\"w-iconbox-meta\"><h5 class=\"w-iconbox-title\">+34 964 367 124<\/h5><\/div><\/div><div class=\"w-separator size_small\"><\/div><div class=\"w-iconbox iconpos_left style_default color_primary align_left no_text\"><a href=\"mailto:anjasora@anjasora.com\" class=\"w-iconbox-link\" aria-label=\"anjasora@anjasora.com\"><div class=\"w-iconbox-icon\" style=\"font-size:2.5rem;\"><i class=\"fal fa-envelope\"><\/i><\/div><\/a><div class=\"w-iconbox-meta\"><h5 class=\"w-iconbox-title\"><a href=\"mailto:anjasora@anjasora.com\" class=\"w-iconbox-link\" aria-label=\"anjasora@anjasora.com\">anjasora@anjasora.com<\/a><\/h5><\/div><\/div><div class=\"w-separator size_medium\"><\/div><\/div><\/div><\/div><div class=\"vc_col-sm-6 wpb_column vc_column_container\"><div class=\"vc_column-inner us_custom_95d492f5\"><div class=\"wpb_wrapper\"><div class=\"w-separator size_custom\" style=\"height:10vh\" id=\"oe42\"><style>@media(max-width:600px){ #oe42{height:14vh!important}}<\/style><\/div><div class=\"w-map provider_osm us_custom_17efc393 us_animate_this\" id=\"us_map_1\"><div class=\"w-map-inner\"><div class=\"w-map-json\" onclick='return {&quot;address&quot;:&quot;40.0543902, -0.1741042&quot;,&quot;disableDragging&quot;:1,&quot;disableZoom&quot;:0,&quot;hideControls&quot;:0,&quot;zoom&quot;:10,&quot;markers&quot;:[{&quot;address&quot;:&quot;40.0543902, -0.1741042&quot;,&quot;html&quot;:&quot;&lt;h6&gt;ANJASORA&lt;\\\/h6&gt;&lt;p&gt;Cno. foyes Ferraes s\\\/n 12110 Castell\\u00f3n l&#039;Alcora.&lt;\\\/p&gt;&quot;,&quot;infowindow&quot;:&quot;1&quot;}],&quot;icon&quot;:{&quot;url&quot;:&quot;https:\\\/\\\/www.anjasora.com\\\/wp-content\\\/uploads\\\/pin-map-white.svg&quot;,&quot;size&quot;:[60,60]},&quot;style&quot;:&quot;https:\\\/\\\/{s}.basemaps.cartocdn.com\\\/light_all\\\/{z}\\\/{x}\\\/{y}{r}.png&quot;}'><\/div><\/div><\/div><div class=\"w-separator hide_on_mobiles size_large\"><\/div><\/div><\/div><\/div><\/div><\/div><\/section><section class=\"l-section wpb_row height_custom\"><div class=\"l-section-h i-cf\"><div class=\"g-cols vc_row via_flex valign_top type_default stacking_default\"><div class=\"vc_col-sm-12 wpb_column vc_column_container\"><div class=\"vc_column-inner\"><div class=\"wpb_wrapper\"><div class=\"w-separator size_medium\"><\/div><\/div><\/div><\/div><\/div><\/div><\/section><section class=\"l-section wpb_row height_custom color_primary with_img parallax_ver parallaxdir_reversed\"><div class=\"l-section-img\" role=\"img\" aria-label=\"columnas de piedra natural\" data-img-width=\"2000\" data-img-height=\"1385\" style=\"background-image: url(https:\/\/www.anjasora.com\/wp-content\/uploads\/amb-CONCRET-AntracitaBlanco-1.jpg);\"><\/div><div class=\"l-section-overlay\" style=\"background:var(--color-content-overlay)\"><\/div><div class=\"l-section-h i-cf\"><div class=\"g-cols vc_row via_flex valign_top type_default stacking_default\"><div class=\"vc_col-sm-12 wpb_column vc_column_container\"><div class=\"vc_column-inner\"><div class=\"wpb_wrapper\"><div class=\"w-separator size_huge\"><\/div><div class=\"w-image align_center\"><div class=\"w-image-h\"><img decoding=\"async\" width=\"300\" height=\"300\" src=\"https:\/\/www.anjasora.com\/wp-content\/uploads\/logo-anjasora-blanco.svg\" class=\"attachment-medium size-medium\" alt=\"\" loading=\"lazy\" title=\"-\"><\/div><\/div><div class=\"w-separator size_huge\"><\/div><\/div><\/div><\/div><\/div><\/div><\/section>\n","protected":false},"excerpt":{"rendered":"Contact Contactez notre \u00e9quipe pour plus d&rsquo;informations sur nos collections de c\u00e9ramique. Comment pouvons-nous vous aider ?Si vous avez besoin de conseils ou si vous souhaitez savoir o\u00f9 vous pouvez acheter nos rev\u00eatements de sol et de mur. Nous sommes impatients de vous parler. PartagerFacebookVimeoPinterestInstagram Oui, j'accepte la Politique de Confidentialit\u00e9 Oui, j'accepte de recevoir...","protected":false},"author":1,"featured_media":0,"parent":0,"menu_order":0,"comment_status":"closed","ping_status":"closed","template":"","meta":{"_acf_changed":false,"inline_featured_image":false,"footnotes":""},"class_list":["post-18453","page","type-page","status-publish","hentry"],"acf":[],"_links":{"self":[{"href":"https:\/\/www.anjasora.com\/fr\/wp-json\/wp\/v2\/pages\/18453","targetHints":{"allow":["GET"]}}],"collection":[{"href":"https:\/\/www.anjasora.com\/fr\/wp-json\/wp\/v2\/pages"}],"about":[{"href":"https:\/\/www.anjasora.com\/fr\/wp-json\/wp\/v2\/types\/page"}],"author":[{"embeddable":true,"href":"https:\/\/www.anjasora.com\/fr\/wp-json\/wp\/v2\/users\/1"}],"replies":[{"embeddable":true,"href":"https:\/\/www.anjasora.com\/fr\/wp-json\/wp\/v2\/comments?post=18453"}],"version-history":[{"count":0,"href":"https:\/\/www.anjasora.com\/fr\/wp-json\/wp\/v2\/pages\/18453\/revisions"}],"wp:attachment":[{"href":"https:\/\/www.anjasora.com\/fr\/wp-json\/wp\/v2\/media?parent=18453"}],"curies":[{"name":"wp","href":"https:\/\/api.w.org\/{rel}","templated":true}]}}