{"id":18309,"date":"2022-02-28T10:46:03","date_gmt":"2022-02-28T09:46:03","guid":{"rendered":"https:\/\/www.anjasora.com\/politique-de-confidentialite\/"},"modified":"2022-06-07T14:40:05","modified_gmt":"2022-06-07T12:40:05","slug":"politique-de-confidentialite","status":"publish","type":"page","link":"https:\/\/www.anjasora.com\/fr\/politique-de-confidentialite\/","title":{"rendered":"Politique de confidentialit\u00e9"},"content":{"rendered":"<section class=\"l-section wpb_row height_custom color_primary parallax_hor bgwidth_130\"><div class=\"l-section-overlay\" style=\"background:rgba(10,10,10,0.7)\"><\/div><div class=\"l-section-h i-cf\"><div class=\"g-cols vc_row via_flex valign_top type_default stacking_default\"><div class=\"vc_col-sm-12 wpb_column vc_column_container\"><div class=\"vc_column-inner\"><div class=\"wpb_wrapper\"><h1 class=\"w-post-elm post_title us_custom_195d78a2 has_text_color us_animate_this entry-title color_link_inherit\">Politique de confidentialit\u00e9<\/h1><div class=\"wpb_text_column\"><div class=\"wpb_wrapper\"><h6 style=\"text-align: center;\">Conditions g\u00e9n\u00e9rales d&rsquo;utilisation<\/h6>\n<\/div><\/div><div class=\"w-separator size_small\"><\/div><div class=\"w-iconbox iconpos_top style_default color_custom align_center no_text no_title\"><div class=\"w-iconbox-icon\" style=\"font-size:2rem;\"><i class=\"far fa-chevron-down\"><\/i><\/div><div class=\"w-iconbox-meta\"><\/div><\/div><\/div><\/div><\/div><\/div><\/div><\/section><section class=\"l-section wpb_row height_custom\"><div class=\"l-section-h i-cf\"><div class=\"g-cols vc_row via_flex valign_top type_default stacking_default\"><div class=\"vc_col-sm-12 wpb_column vc_column_container\"><div class=\"vc_column-inner\"><div class=\"wpb_wrapper\"><div class=\"wpb_text_column us_custom_6f994f2d us_animate_this\"><div class=\"wpb_wrapper\"><p>Politique de confidentialit\u00e9<\/p>\n<p>La communication avec Anjasora, par l&rsquo;interm\u00e9diaire de votre adresse \u00e9lectronique, soit par les formulaires de ce site web, soit par le lien vers votre e-mail pr\u00e9sent dans celui-ci, implique le consentement expr\u00e8s pour que vos donn\u00e9es personnelles soient incorpor\u00e9es dans des fichiers appartenant \u00e0 Anjasora, dont l&rsquo;adresse est :<\/p>\n<p><strong>Anjasora<\/strong><br \/>\nCno. foyes Ferraes s\/n<br \/>\n12110 l&rsquo;Alcora (Castell\u00f3n) Espagne<br \/>\nt (+34) 964.36.71.24<br \/>\nf (+34) 964.36.35.48<br \/>\ne-mail : <a href=\"mailto:anjasora@anjasora.com\">anjasora@anjasora.com<\/a><\/p>\n<p>Ces donn\u00e9es seront trait\u00e9es par ce dernier sous sa responsabilit\u00e9 dans le but de r\u00e9soudre les questions pos\u00e9es, l&rsquo;int\u00e9ress\u00e9 ayant le droit d&rsquo;acc\u00e8s, de rectification, d&rsquo;annulation et d&rsquo;opposition concernant les donn\u00e9es personnelles contenues dans les fichiers susmentionn\u00e9s, et pouvant r\u00e9voquer son consentement par \u00e9crit \u00e0 tout moment (loi organique 15\/1999, du 13 d\u00e9cembre, sur la protection des donn\u00e9es \u00e0 caract\u00e8re personnel).<\/p>\n<\/div><\/div><\/div><\/div><\/div><\/div><\/div><\/section>\n","protected":false},"excerpt":{"rendered":"Politique de confidentialit\u00e9Conditions g\u00e9n\u00e9rales d&rsquo;utilisation Politique de confidentialit\u00e9 La communication avec Anjasora, par l&rsquo;interm\u00e9diaire de votre adresse \u00e9lectronique, soit par les formulaires de ce site web, soit par le lien vers votre e-mail pr\u00e9sent dans celui-ci, implique le consentement expr\u00e8s pour que vos donn\u00e9es personnelles soient incorpor\u00e9es dans des fichiers appartenant \u00e0 Anjasora, dont l&rsquo;adresse...","protected":false},"author":1,"featured_media":0,"parent":0,"menu_order":0,"comment_status":"closed","ping_status":"closed","template":"","meta":{"_acf_changed":false,"inline_featured_image":false,"footnotes":""},"class_list":["post-18309","page","type-page","status-publish","hentry"],"acf":[],"_links":{"self":[{"href":"https:\/\/www.anjasora.com\/fr\/wp-json\/wp\/v2\/pages\/18309","targetHints":{"allow":["GET"]}}],"collection":[{"href":"https:\/\/www.anjasora.com\/fr\/wp-json\/wp\/v2\/pages"}],"about":[{"href":"https:\/\/www.anjasora.com\/fr\/wp-json\/wp\/v2\/types\/page"}],"author":[{"embeddable":true,"href":"https:\/\/www.anjasora.com\/fr\/wp-json\/wp\/v2\/users\/1"}],"replies":[{"embeddable":true,"href":"https:\/\/www.anjasora.com\/fr\/wp-json\/wp\/v2\/comments?post=18309"}],"version-history":[{"count":0,"href":"https:\/\/www.anjasora.com\/fr\/wp-json\/wp\/v2\/pages\/18309\/revisions"}],"wp:attachment":[{"href":"https:\/\/www.anjasora.com\/fr\/wp-json\/wp\/v2\/media?parent=18309"}],"curies":[{"name":"wp","href":"https:\/\/api.w.org\/{rel}","templated":true}]}}