{"id":18308,"date":"2022-02-25T08:34:20","date_gmt":"2022-02-25T07:34:20","guid":{"rendered":"https:\/\/www.anjasora.com\/telechargements\/"},"modified":"2022-06-14T09:58:06","modified_gmt":"2022-06-14T07:58:06","slug":"telechargements","status":"publish","type":"page","link":"https:\/\/www.anjasora.com\/fr\/telechargements\/","title":{"rendered":"Espace priv\u00e9"},"content":{"rendered":"<section class=\"l-section wpb_row height_custom color_primary with_img parallax_hor bgwidth_130\"><div class=\"l-section-img\" role=\"img\" aria-label=\"piedra flexible trasl\u00facida\" data-img-width=\"2000\" data-img-height=\"1333\" style=\"background-image: url(https:\/\/www.anjasora.com\/wp-content\/uploads\/ambiente_fs1004_retro.jpg);\"><\/div><div class=\"l-section-overlay\" style=\"background:rgba(10,10,10,0.7)\"><\/div><div class=\"l-section-h i-cf\"><div class=\"g-cols vc_row via_flex valign_top type_default stacking_default\"><div class=\"vc_col-sm-12 wpb_column vc_column_container\"><div class=\"vc_column-inner\"><div class=\"wpb_wrapper\"><h1 class=\"w-post-elm post_title us_custom_195d78a2 has_text_color us_animate_this entry-title color_link_inherit\">Espace priv\u00e9<\/h1><div class=\"w-separator size_small\"><\/div><div class=\"wpb_text_column\"><div class=\"wpb_wrapper\"><h6 style=\"text-align: center;\">En esta secci\u00f3n podr\u00e1 encontrar las descargas disponibles para clientes y comerciales (cat\u00e1logos anuales, cat\u00e1logos de piscina, cat\u00e1logos de nuestra l\u00ednea t\u00e9cnica, etc). Si el material que est\u00e1 buscando no se encuentra en este listado, p\u00f3ngase en contacto con nosotros a trav\u00e9s del nuestra secci\u00f3n de contacto o mediante cualquiera de nuestros canales disponibles.<\/h6>\n<\/div><\/div><div class=\"w-iconbox iconpos_top style_default color_custom align_center no_text no_title\"><a href=\"#second\" class=\"w-iconbox-link\" aria-label=\"far|chevron-down\"><div class=\"w-iconbox-icon\" style=\"font-size:2rem;\"><i class=\"far fa-chevron-down\"><\/i><\/div><\/a><div class=\"w-iconbox-meta\"><\/div><\/div><\/div><\/div><\/div><\/div><\/div><\/section><section class=\"l-section wpb_row us_custom_a9be633b height_custom\"><div class=\"l-section-h i-cf\"><div class=\"g-cols vc_row via_flex valign_top type_default stacking_default\"><div class=\"vc_col-sm-6 wpb_column vc_column_container\"><div class=\"vc_column-inner\"><div class=\"wpb_wrapper\"><div class=\"wpb_text_column\"><div class=\"wpb_wrapper\"><h2>Iniciar sesi\u00f3n<\/h2>\n<\/div><\/div><div class=\"w-separator size_medium\"><\/div><\/div><\/div><\/div><div class=\"vc_col-sm-6 wpb_column vc_column_container has_bg_color\"><div class=\"vc_column-inner us_custom_29a1d46d\"><div class=\"wpb_wrapper\"><div class=\"wpb_text_column\"><div class=\"wpb_wrapper\"><div class=\"w-login us-field-style_1\"><form class=\"w-form for_login layout_ver\" action=\"https:\/\/www.anjasora.com\/fr\/adminanjasora\/\" method=\"post\"><div class=\"w-form-h\"><div class=\"w-form-row for_text required\">\r\n\t\t<div class=\"w-form-row-field\">\r\n\t\t\t\t\t\t<input aria-label=\"Identifiant ou adresse e-mail\" type=\"text\" name=\"username\" value placeholder=\"Identifiant ou adresse e-mail *\" data-required=\"true\" aria-required=\"true\"\/>\r\n\t\t\t<\/div>\r\n\t\t<div class=\"w-form-row-state\">Vous devez remplir ce champ<\/div>\r\n<\/div>\r\n<div class=\"w-form-row for_password required\">\r\n\t\t<div class=\"w-form-row-field\">\r\n\t\t\t\t\t\t<input aria-label=\"Mot de passe\" type=\"password\" name=\"password\" value placeholder=\"Mot de passe *\" data-required=\"true\" aria-required=\"true\"\/>\r\n\t\t\t<\/div>\r\n\t\t<div class=\"w-form-row-state\">Vous devez remplir ce champ<\/div>\r\n<\/div>\r\n<div class=\"w-form-row for_submit\"><button class=\"w-btn us-btn-style_1\" type=\"submit\" aria-label=\"Se connecter\"><span class=\"g-preloader type_1\"><\/span><span class=\"w-btn-label\">Se connecter<\/span><\/button><\/div><input type=\"hidden\" name value=\"forever\" \/>\r\n<input type=\"hidden\" id=\"us_login_nonce\" name=\"us_login_nonce\" value=\"ea9f1a9c6c\" \/><input type=\"hidden\" name=\"_wp_http_referer\" value=\"\/fr\/wp-json\/wp\/v2\/pages\/18308\" \/><input type=\"hidden\" name=\"action\" value=\"us_ajax_login\" \/>\r\n<input type=\"hidden\" name=\"redirect_to\" value=\"https:\/\/www.anjasora.com\/area-privada\/\" \/>\r\n<\/div><div class=\"w-form-message\"><\/div><div class=\"w-form-json hidden\" onclick='return {&quot;login_redirect&quot;:&quot;https:\\\/\\\/www.anjasora.com\\\/area-privada\\\/&quot;,&quot;logout_redirect&quot;:&quot;https:\\\/\\\/www.anjasora.com\\\/&quot;,&quot;use_ajax&quot;:false,&quot;ajaxurl&quot;:&quot;https:\\\/\\\/www.anjasora.com\\\/wp-admin\\\/admin-ajax.php&quot;,&quot;messages&quot;:{&quot;err_empty&quot;:&quot;Vous devez remplir ce champ&quot;,&quot;err_size&quot;:&quot;La taille du fichier ne peut pas d\\u00e9passer %s Mo&quot;,&quot;err_extension&quot;:&quot;Le type de fichier %s n&#039;est pas autoris\\u00e9&quot;,&quot;err_recaptcha_keys&quot;:&quot;Les cl\\u00e9s reCAPTCHA sont incorrectes&quot;}}'><\/div><\/form><\/div>\n<\/div><\/div><\/div><\/div><\/div><\/div><\/div><\/section>\n","protected":false},"excerpt":{"rendered":"Espace priv\u00e9En esta secci\u00f3n podr\u00e1 encontrar las descargas disponibles para clientes y comerciales (cat\u00e1logos anuales, cat\u00e1logos de piscina, cat\u00e1logos de nuestra l\u00ednea t\u00e9cnica, etc). Si el material que est\u00e1 buscando no se encuentra en este listado, p\u00f3ngase en contacto con nosotros a trav\u00e9s del nuestra secci\u00f3n de contacto o mediante cualquiera de nuestros canales disponibles....","protected":false},"author":1,"featured_media":0,"parent":0,"menu_order":0,"comment_status":"closed","ping_status":"closed","template":"","meta":{"_acf_changed":false,"inline_featured_image":false,"footnotes":""},"class_list":["post-18308","page","type-page","status-publish","hentry"],"acf":[],"_links":{"self":[{"href":"https:\/\/www.anjasora.com\/fr\/wp-json\/wp\/v2\/pages\/18308","targetHints":{"allow":["GET"]}}],"collection":[{"href":"https:\/\/www.anjasora.com\/fr\/wp-json\/wp\/v2\/pages"}],"about":[{"href":"https:\/\/www.anjasora.com\/fr\/wp-json\/wp\/v2\/types\/page"}],"author":[{"embeddable":true,"href":"https:\/\/www.anjasora.com\/fr\/wp-json\/wp\/v2\/users\/1"}],"replies":[{"embeddable":true,"href":"https:\/\/www.anjasora.com\/fr\/wp-json\/wp\/v2\/comments?post=18308"}],"version-history":[{"count":0,"href":"https:\/\/www.anjasora.com\/fr\/wp-json\/wp\/v2\/pages\/18308\/revisions"}],"wp:attachment":[{"href":"https:\/\/www.anjasora.com\/fr\/wp-json\/wp\/v2\/media?parent=18308"}],"curies":[{"name":"wp","href":"https:\/\/api.w.org\/{rel}","templated":true}]}}