{"id":19726,"date":"2022-02-24T13:19:21","date_gmt":"2022-02-24T12:19:21","guid":{"rendered":"https:\/\/www.anjasora.com\/colecciones\/"},"modified":"2022-06-09T10:38:13","modified_gmt":"2022-06-09T08:38:13","slug":"sammlungen","status":"publish","type":"page","link":"https:\/\/www.anjasora.com\/de\/sammlungen\/","title":{"rendered":"Sammlungen"},"content":{"rendered":"<section class=\"l-section wpb_row height_custom color_primary with_img parallax_hor bgwidth_130\"><div class=\"l-section-img\" role=\"img\" aria-label=\"mosaicos\" data-img-width=\"2000\" data-img-height=\"1500\" style=\"background-image: url(https:\/\/www.anjasora.com\/wp-content\/uploads\/amb-ANJASORA-Versalles_cmyk.jpg);\"><\/div><div class=\"l-section-overlay\" style=\"background:rgba(10,10,10,0.7)\"><\/div><div class=\"l-section-h i-cf\"><div class=\"g-cols vc_row via_flex valign_top type_default stacking_default\"><div class=\"vc_col-sm-12 wpb_column vc_column_container\"><div class=\"vc_column-inner\"><div class=\"wpb_wrapper\"><h1 class=\"w-text us_custom_195d78a2 has_text_color us_animate_this\"><span class=\"w-text-h\"><span class=\"w-text-value\">Sammlungen<\/span><\/span><\/h1><div class=\"wpb_text_column\"><div class=\"wpb_wrapper\"><h6 style=\"text-align: center;\">Experten f\u00fcr Keramikfliesen und Naturstein<\/h6>\n<\/div><\/div><div class=\"w-separator size_small\"><\/div><div class=\"w-iconbox iconpos_top style_default color_custom align_center no_text no_title\"><a href=\"#Sekunde\" class=\"w-iconbox-link\" aria-label=\"far|chevron-down\"><div class=\"w-iconbox-icon\" style=\"font-size:2rem;\"><i class=\"far fa-chevron-down\"><\/i><\/div><\/a><div class=\"w-iconbox-meta\"><\/div><\/div><\/div><\/div><\/div><\/div><\/div><\/section><section class=\"l-section wpb_row height_custom\" id=\"zweite\"><div class=\"l-section-h i-cf\"><div class=\"g-cols vc_row via_flex valign_top type_default stacking_default\"><div class=\"vc_col-sm-6 wpb_column vc_column_container\"><div class=\"vc_column-inner\"><div class=\"wpb_wrapper\"><div class=\"w-separator size_custom\" style=\"height:6vh\" id=\"f86b\"><style>@media(max-width:1024px){ #f86b{height:14hv!important}}@media(max-width:479px){ #f86b{height:10hv!important}}<\/style><\/div><div class=\"wpb_text_column us_custom_7d39fe36 us_animate_this\"><div class=\"wpb_wrapper\"><h3 style=\"text-align: right;\">Eine neue Produktpalette<br \/>\nf\u00fcr die <em>Innenarchitektur<\/em> <\/h3>\n<\/div><\/div><div class=\"w-separator size_medium\"><\/div><div class=\"w-image align_none\"><div class=\"w-image-h\"><img decoding=\"async\" width=\"300\" height=\"300\" src=\"https:\/\/www.anjasora.com\/wp-content\/uploads\/FLOORTAPE.svg\" class=\"attachment-medium size-medium\" alt=\"\" loading=\"lazy\" title=\"-\"><\/div><\/div><div class=\"w-separator size_custom\" style=\"height:40px\"><\/div><div class=\"w-btn-wrapper align_none\"><a class=\"w-btn us-btn-style_11 us_custom_6c21c073 us_animate_this\" title=\"Vinyl-Bodenbelag\" href=\"https:\/\/www.anjasora.com\/de\/boden-vinyl\/\"><span class=\"w-btn-label\">ZU VINYL-BODENBELAG GEHEN<\/span><\/a><\/div><\/div><\/div><\/div><div class=\"vc_col-sm-6 wpb_column vc_column_container\"><div class=\"vc_column-inner us_custom_95d492f5\"><div class=\"wpb_wrapper\"><div class=\"w-separator size_custom\" style=\"height:10vh\" id=\"o659\"><style>@media(max-width:600px){ #o659{height:14vh!important}}<\/style><\/div><div class=\"w-image us_custom_5c4170b2 us_animate_this has_ratio align_none\"><div class=\"w-image-h\"><div style=\"padding-bottom:128.8889%\"><\/div><img decoding=\"async\" width=\"2000\" height=\"1500\" src=\"https:\/\/www.anjasora.com\/wp-content\/uploads\/amb-MUDEJAR-CW-003.jpg\" class=\"attachment-full size-full\" alt=\"\" loading=\"lazy\" title=\"-\"><\/div><\/div><div class=\"w-separator hide_on_mobiles size_large\"><\/div><\/div><\/div><\/div><\/div><\/div><\/section><section class=\"l-section wpb_row height_custom\"><div class=\"l-section-h i-cf\"><div class=\"g-cols vc_row via_flex valign_middle type_default reversed stacking_default\"><div class=\"vc_col-sm-6 wpb_column vc_column_container\"><div class=\"vc_column-inner us_custom_ebda694a\"><div class=\"wpb_wrapper\"><div class=\"w-image us_custom_f36d9b40 us_animate_this has_ratio align_none\"><div class=\"w-image-h\"><div style=\"padding-bottom:69.8795%\"><\/div><img decoding=\"async\" width=\"2000\" height=\"1333\" src=\"https:\/\/www.anjasora.com\/wp-content\/uploads\/amb-Anjasora-FS-6041_cmyk.jpg\" class=\"attachment-full size-full\" alt=\"\" loading=\"lazy\" title=\"-\"><\/div><\/div><\/div><\/div><\/div><div class=\"vc_col-sm-6 wpb_column vc_column_container\"><div class=\"vc_column-inner\"><div class=\"wpb_wrapper\"><div class=\"wpb_text_column us_custom_69a4c150 us_animate_this\"><div class=\"wpb_wrapper\"><h3>Der <em>flexibelste und leichteste<\/em> Naturstein auf dem Markt<\/h3>\n<\/div><\/div><div class=\"w-separator size_medium\"><\/div><div class=\"w-image us_custom_5856b893 align_none\"><div class=\"w-image-h\"><img decoding=\"async\" width=\"300\" height=\"300\" src=\"https:\/\/www.anjasora.com\/wp-content\/uploads\/logo-flextone.svg\" class=\"attachment-medium size-medium\" alt=\"\" loading=\"lazy\" title=\"-\"><\/div><\/div><div class=\"w-separator size_medium\"><\/div><div class=\"w-btn-wrapper align_none\"><a class=\"w-btn us-btn-style_11 us_custom_6c21c073 us_animate_this\" title=\"Flexibler Naturstein\" href=\"https:\/\/www.anjasora.com\/de\/natuerlich-flexibel-natuerliche-steinverkleidung\/\"><span class=\"w-btn-label\">WEITER ZU FLEXIBLEM NATURSTEIN<\/span><\/a><\/div><\/div><\/div><\/div><\/div><\/div><\/section><section class=\"l-section wpb_row height_custom width_full\" id=\"zweite\"><div class=\"l-section-h i-cf\"><div class=\"g-cols vc_row via_flex valign_top type_default stacking_default\"><div class=\"vc_col-sm-12 wpb_column vc_column_container\"><div class=\"vc_column-inner\"><div class=\"wpb_wrapper\"><div class=\"wpb_text_column us_custom_60e9caca us_animate_this\"><div class=\"wpb_wrapper\"><h3 style=\"text-align: center;\">Der Film von<br \/>\nleichter und flexibler <em>Dekorationszement<\/em> <\/h3>\n<\/div><\/div><div class=\"w-separator size_medium\"><\/div><div class=\"w-image align_center\"><div class=\"w-image-h\"><img decoding=\"async\" width=\"300\" height=\"300\" src=\"https:\/\/www.anjasora.com\/wp-content\/uploads\/logo-concret.svg\" class=\"attachment-medium size-medium\" alt=\"\" loading=\"lazy\" title=\"-\"><\/div><\/div><div class=\"w-separator size_small\"><\/div><div class=\"w-btn-wrapper align_center\"><a class=\"w-btn us-btn-style_11 us_custom_6c21c073 us_animate_this\" title=\"Kollektion Concret\" href=\"https:\/\/www.anjasora.com\/de\/sammlungen\/concret\/\"><span class=\"w-btn-label\">MEHR SEHEN<\/span><\/a><\/div><div class=\"w-separator size_large\"><\/div><div class=\"w-image us_custom_0867139d us_animate_this has_ratio align_none\"><div class=\"w-image-h\"><div style=\"padding-bottom:33.3333%\"><\/div><img decoding=\"async\" width=\"916\" height=\"634\" src=\"https:\/\/www.anjasora.com\/wp-content\/uploads\/amb-CONCRET-AntracitaBlanco-1.jpg\" class=\"attachment-us_1903_634 size-us_1903_634\" alt=\"\" loading=\"lazy\" title=\"-\"><\/div><\/div><div class=\"w-separator size_huge\"><\/div><\/div><\/div><\/div><\/div><\/div><\/section><section class=\"l-section wpb_row height_auto\"><div class=\"l-section-h i-cf\"><div class=\"g-cols vc_row via_flex valign_top type_default stacking_default\"><div class=\"vc_col-sm-12 wpb_column vc_column_container\"><div class=\"vc_column-inner\"><div class=\"wpb_wrapper\"><div class=\"g-cols wpb_row via_flex valign_top type_default stacking_default\"><div class=\"vc_col-sm-6 wpb_column vc_column_container\"><div class=\"vc_column-inner\"><div class=\"wpb_wrapper\"><div class=\"wpb_text_column us_custom_47474b22 us_animate_this\"><div class=\"wpb_wrapper\"><h3 style=\"text-align: right;\"> <em>Nat\u00fcrliche<\/em>Steine<br \/>\nzur Versch\u00f6nerung Ihrer R\u00e4ume<\/h3>\n<\/div><\/div><\/div><\/div><\/div><div class=\"vc_col-sm-6 wpb_column vc_column_container hide_on_mobiles\"><div class=\"vc_column-inner\"><div class=\"wpb_wrapper\"><div class=\"w-image us_custom_5856b893 align_none\"><div class=\"w-image-h\"><img decoding=\"async\" width=\"300\" height=\"300\" src=\"https:\/\/www.anjasora.com\/wp-content\/uploads\/logo-stones.svg\" class=\"attachment-medium size-medium\" alt=\"\" loading=\"lazy\" title=\"-\"><\/div><\/div><div class=\"w-separator size_medium\"><\/div><div class=\"w-btn-wrapper align_none\"><a class=\"w-btn us-btn-style_11 us_custom_c735245a us_animate_this\" title=\"Naturstein\" href=\"https:\/\/www.anjasora.com\/de\/bodenbeschichtung-naturstein\/\"><span class=\"w-btn-label\">ZU NATURSTEIN GEHEN<\/span><\/a><\/div><\/div><\/div><\/div><\/div><div class=\"w-separator size_custom\" style=\"height:60px\" id=\"df76\"><style>@media(max-width:600px){ #df76{height:6vh!important}}<\/style><\/div><\/div><\/div><\/div><\/div><\/div><\/section><section class=\"l-section wpb_row height_medium\"><div class=\"l-section-h i-cf\"><div class=\"g-cols vc_row via_flex valign_top type_default stacking_default\"><div class=\"vc_col-sm-12 wpb_column vc_column_container\"><div class=\"vc_column-inner\"><div class=\"wpb_wrapper\"><div class=\"w-separator us_custom_11447bd4 us_animate_this size_medium\"><\/div><div class=\"w-image us_custom_5172b5f2 us_animate_this has_ratio align_none\"><div class=\"w-image-h\"><div style=\"padding-bottom:47.1545%\"><\/div><img decoding=\"async\" width=\"2000\" height=\"1500\" src=\"https:\/\/www.anjasora.com\/wp-content\/uploads\/amb-CORALINA-piscina.jpg\" class=\"attachment-full size-full\" alt=\"\" loading=\"lazy\" title=\"-\"><\/div><\/div><\/div><\/div><\/div><\/div><\/div><\/section><section class=\"l-section wpb_row us_custom_84dd7221 height_custom\"><div class=\"l-section-h i-cf\"><div class=\"g-cols vc_row via_flex valign_top type_default stacking_default\"><div class=\"vc_col-sm-12 wpb_column vc_column_container\"><div class=\"vc_column-inner\"><div class=\"wpb_wrapper\"><div class=\"wpb_text_column us_custom_29c6835f us_animate_this\"><div class=\"wpb_wrapper\"><h3 style=\"text-align: center;\">Die <em>erlesensten<\/em>Mosaike<\/h3>\n<\/div><\/div><div class=\"w-separator size_medium\"><\/div><div class=\"w-image align_center\"><div class=\"w-image-h\"><img decoding=\"async\" width=\"300\" height=\"300\" src=\"https:\/\/www.anjasora.com\/wp-content\/uploads\/logo-mosaic.svg\" class=\"attachment-medium size-medium\" alt=\"\" loading=\"lazy\" title=\"-\"><\/div><\/div><div class=\"w-separator size_medium\"><\/div><div class=\"w-btn-wrapper align_center\"><a class=\"w-btn us-btn-style_11 us_custom_6c21c073 us_animate_this\" title=\"Mosaikfliese\" href=\"https:\/\/www.anjasora.com\/de\/fliese-mosaik-stein-natuerlich\/\"><span class=\"w-btn-label\">GO TO MOSAICS<\/span><\/a><\/div><div class=\"w-separator size_large\"><\/div><div class=\"w-image us_custom_9cad3d69 us_animate_this has_ratio align_center\"><div class=\"w-image-h\"><div style=\"padding-bottom:42.4242%\"><\/div><img decoding=\"async\" width=\"2000\" height=\"1500\" src=\"https:\/\/www.anjasora.com\/wp-content\/uploads\/ambiente-strata-blanco.jpg\" class=\"attachment-full size-full\" alt=\"\" loading=\"lazy\" title=\"-\"><\/div><\/div><div class=\"w-separator size_huge\"><\/div><\/div><\/div><\/div><\/div><\/div><\/section><section class=\"l-section wpb_row height_medium\"><div class=\"l-section-h i-cf\"><div class=\"g-cols vc_row via_flex valign_top type_default stacking_default\"><div class=\"vc_col-sm-12 wpb_column vc_column_container\"><div class=\"vc_column-inner\"><div class=\"wpb_wrapper\"><div class=\"w-separator us_custom_abc31be6 us_animate_this size_medium\"><\/div><div class=\"g-cols wpb_row via_flex valign_middle type_default stacking_default\"><div class=\"vc_col-sm-6 wpb_column vc_column_container\"><div class=\"vc_column-inner\"><div class=\"wpb_wrapper\"><div class=\"wpb_text_column us_custom_7d39fe36 us_animate_this\"><div class=\"wpb_wrapper\"><h3 style=\"text-align: left;\">Eine <em>Qualit\u00e4tsmarke<\/em><br \/>\nf\u00fcr ein Naturprodukt<\/h3>\n<\/div><\/div><div class=\"w-separator size_medium\"><\/div><div class=\"w-image us_custom_5856b893 align_none\"><div class=\"w-image-h\"><img decoding=\"async\" width=\"300\" height=\"300\" src=\"https:\/\/www.anjasora.com\/wp-content\/uploads\/logo-onarea-2.svg\" class=\"attachment-medium size-medium\" alt=\"\" loading=\"lazy\" title=\"-\"><\/div><\/div><div class=\"w-separator size_medium\"><\/div><div class=\"w-btn-wrapper align_none\"><a class=\"w-btn us-btn-style_11 us_custom_6c21c073 us_animate_this\" title=\"onarea Sammlungen\" href=\"https:\/\/www.anjasora.com\/de\/naturstein-waschbecken\/\"><span class=\"w-btn-label\">AUF DIE TOILETTE GEHEN<\/span><\/a><\/div><div class=\"w-separator size_custom\" style=\"height:0.4rem\"><\/div><div class=\"w-btn-wrapper align_none\"><a class=\"w-btn us-btn-style_11 us_custom_6c21c073 us_animate_this\" title=\"onarea Sammlungen\" href=\"https:\/\/www.anjasora.com\/de\/naturstein-duschplatten\/\"><span class=\"w-btn-label\">ZU DEN DUSCHWANNEN GEHEN<\/span><\/a><\/div><\/div><\/div><\/div><div class=\"vc_col-sm-6 wpb_column vc_column_container\"><div class=\"vc_column-inner\"><div class=\"wpb_wrapper\"><div class=\"w-image us_custom_c7f68df2 us_animate_this has_ratio align_none\"><div class=\"w-image-h\"><div style=\"padding-bottom:82.1053%\"><\/div><img decoding=\"async\" width=\"2000\" height=\"1732\" src=\"https:\/\/www.anjasora.com\/wp-content\/uploads\/Detalle_ONAREA-Plato-DCR_2714_ARQUITECT-PIEL-BEIGE.jpg\" class=\"attachment-full size-full\" alt=\"\" loading=\"lazy\" title=\"-\"><\/div><\/div><\/div><\/div><\/div><\/div><\/div><\/div><\/div><\/div><\/div><\/section><section class=\"l-section wpb_row height_custom\"><div class=\"l-section-h i-cf\"><div class=\"g-cols vc_row via_flex valign_top type_default stacking_default\"><div class=\"vc_col-sm-12 wpb_column vc_column_container\"><div class=\"vc_column-inner\"><div class=\"wpb_wrapper\"><div class=\"w-separator size_small\"><\/div><\/div><\/div><\/div><\/div><\/div><\/section>\n","protected":false},"excerpt":{"rendered":"SammlungenExperten f\u00fcr Keramikfliesen und Naturstein Eine neue Produktpalette f\u00fcr die Innenarchitektur ZU VINYL-BODENBELAG GEHENDer flexibelste und leichteste Naturstein auf dem Markt WEITER ZU FLEXIBLEM NATURSTEINDer Film von leichter und flexibler Dekorationszement MEHR SEHEN Nat\u00fcrlicheSteine zur Versch\u00f6nerung Ihrer R\u00e4ume ZU NATURSTEIN GEHENDie erlesenstenMosaike GO TO MOSAICSEine Qualit\u00e4tsmarke f\u00fcr ein Naturprodukt AUF DIE TOILETTE GEHENZU DEN DUSCHWANNEN...","protected":false},"author":1,"featured_media":0,"parent":0,"menu_order":0,"comment_status":"closed","ping_status":"closed","template":"","meta":{"_acf_changed":false,"inline_featured_image":false,"footnotes":""},"class_list":["post-19726","page","type-page","status-publish","hentry"],"acf":[],"_links":{"self":[{"href":"https:\/\/www.anjasora.com\/de\/wp-json\/wp\/v2\/pages\/19726","targetHints":{"allow":["GET"]}}],"collection":[{"href":"https:\/\/www.anjasora.com\/de\/wp-json\/wp\/v2\/pages"}],"about":[{"href":"https:\/\/www.anjasora.com\/de\/wp-json\/wp\/v2\/types\/page"}],"author":[{"embeddable":true,"href":"https:\/\/www.anjasora.com\/de\/wp-json\/wp\/v2\/users\/1"}],"replies":[{"embeddable":true,"href":"https:\/\/www.anjasora.com\/de\/wp-json\/wp\/v2\/comments?post=19726"}],"version-history":[{"count":0,"href":"https:\/\/www.anjasora.com\/de\/wp-json\/wp\/v2\/pages\/19726\/revisions"}],"wp:attachment":[{"href":"https:\/\/www.anjasora.com\/de\/wp-json\/wp\/v2\/media?parent=19726"}],"curies":[{"name":"wp","href":"https:\/\/api.w.org\/{rel}","templated":true}]}}