{"id":19677,"date":"2022-02-25T11:31:36","date_gmt":"2022-02-25T10:31:36","guid":{"rendered":"https:\/\/www.anjasora.com\/suelo-vinilico-cocina\/"},"modified":"2022-06-06T15:27:47","modified_gmt":"2022-06-06T13:27:47","slug":"boden-vinyl-vinyl-kueche","status":"publish","type":"page","link":"https:\/\/www.anjasora.com\/de\/boden-vinyl\/kuche\/","title":{"rendered":"Vinylbodenbelag K\u00fcche"},"content":{"rendered":"<section class=\"l-section wpb_row height_custom color_primary with_img parallax_hor bgwidth_130\"><div class=\"l-section-img\" role=\"img\" aria-label=\"suelo vin\u00edlico cocina\" data-img-width=\"1000\" data-img-height=\"750\" style=\"background-image: url(https:\/\/www.anjasora.com\/wp-content\/uploads\/amb-SARRION-LT-002LT-003.jpg);\"><\/div><div class=\"l-section-overlay\" style=\"background:rgba(10,10,10,0.7)\"><\/div><div class=\"l-section-h i-cf\"><div class=\"g-cols vc_row via_flex valign_top type_default stacking_default\"><div class=\"vc_col-sm-12 wpb_column vc_column_container\"><div class=\"vc_column-inner\"><div class=\"wpb_wrapper\"><h1 class=\"w-text us_custom_195d78a2 has_text_color us_animate_this\"><span class=\"w-text-h\"><span class=\"w-text-value\">Vinylbodenbelag K\u00fcche<\/span><\/span><\/h1><div class=\"wpb_text_column\"><div class=\"wpb_wrapper\"><p style=\"text-align: center;\"><strong> Vinylbodenbel\u00e4ge f\u00fcr die K\u00fcche<\/strong> sind eine ausgezeichnete Wahl f\u00fcr diesen Raum, den wir als das Herz des Hauses betrachten. Unabh\u00e4ngig von der Gr\u00f6\u00dfe des Raumes oder dem gew\u00fcnschten Stil sind Vinylb\u00f6den f\u00fcr die K\u00fcche bestens geeignet.<\/p>\n<p style=\"text-align: center;\"><strong>K\u00fcchen mit Vinylb\u00f6den<\/strong> passen sich einer Vielzahl von Designs an und verleihen dem gesamten Raum einen hohen \u00e4sthetischen Wert, indem sie zu dekorativen Vinylb\u00f6den f\u00fcr den K\u00fcchenboden werden. Da die K\u00fcche oft der Treffpunkt in Wohn- und\/oder Gesch\u00e4ftsr\u00e4umen ist, ist die Verlegung von Vinyl-K\u00fcchenb\u00f6den mit M\u00f6beln eine gro\u00dfartige Option, da sie Funktionalit\u00e4t und \u00c4sthetik verbindet.<\/p>\n<\/div><\/div><div class=\"w-separator size_small\"><\/div><div class=\"w-iconbox iconpos_top style_default color_custom align_center no_text no_title\"><a href=\"#Sekunde\" class=\"w-iconbox-link\" aria-label=\"far|chevron-down\"><div class=\"w-iconbox-icon\" style=\"font-size:2rem;\"><i class=\"far fa-chevron-down\"><\/i><\/div><\/a><div class=\"w-iconbox-meta\"><\/div><\/div><\/div><\/div><\/div><\/div><\/div><\/section><section class=\"l-section wpb_row us_custom_de24bbeb height_auto width_full type_sticky\" id=\"zweite\"><div class=\"l-section-h i-cf\"><div class=\"g-cols vc_row via_flex valign_top type_default stacking_default\"><div class=\"vc_col-sm-12 wpb_column vc_column_container\"><div class=\"vc_column-inner\"><div class=\"wpb_wrapper\"><nav class=\"w-menu us_custom_85de5996 layout_hor style_links not_responsive us_menu_1\" style=\"--main-gap:5rem;--main-ver-indent:0.8em;--main-hor-indent:0.8em;--main-color:inherit;\"><ul id=\"menu-menu-landing-suelo-vinilico-cocina-aleman\" class=\"menu\"><li id=\"menu-item-17138\" class=\"menu-item menu-item-type-custom menu-item-object-custom menu-item-17138\"><a href=\"#eigenschaften\">Eigenschaften<\/a><\/li><li id=\"menu-item-17139\" class=\"menu-item menu-item-type-custom menu-item-object-custom menu-item-17139\"><a href=\"#como-poner-vinilo-en-el-suelo-de-la-cocina\">Platzierung<\/a><\/li><li id=\"menu-item-17140\" class=\"menu-item menu-item-type-custom menu-item-object-custom menu-item-17140\"><a href=\"#sammlungen\">Sammlungen<\/a><\/li><\/ul><\/nav><\/div><\/div><\/div><\/div><\/div><\/section><section class=\"l-section wpb_row height_small\" id=\"eigenschaften\"><div class=\"l-section-h i-cf\"><div class=\"g-cols vc_row via_flex valign_middle type_default reversed stacking_default\"><div class=\"vc_col-sm-6 wpb_column vc_column_container\"><div class=\"vc_column-inner us_custom_ebda694a\"><div class=\"wpb_wrapper\"><div class=\"w-image us_custom_390fea19 us_animate_this has_ratio align_none\"><div class=\"w-image-h\"><div style=\"padding-bottom:100%\"><\/div><img decoding=\"async\" width=\"1000\" height=\"750\" src=\"https:\/\/www.anjasora.com\/wp-content\/uploads\/amb-SARRION-LT-002LT-003.jpg\" class=\"attachment-full size-full\" alt=\"suelo vin\u00edlico cocina\" loading=\"lazy\" title=\"-\"><\/div><\/div><div class=\"w-separator size_medium\"><\/div><\/div><\/div><\/div><div class=\"vc_col-sm-6 wpb_column vc_column_container\"><div class=\"vc_column-inner\"><div class=\"wpb_wrapper\"><div class=\"wpb_text_column us_custom_69a4c150 us_animate_this\" id=\"caracteristicas-columnas-de-piedra-natural\"><div class=\"wpb_wrapper\"><h2>Merkmale von Vinyl-K\u00fcchenb\u00f6den<\/h2>\n<\/div><\/div><div class=\"w-separator size_medium\"><\/div><div class=\"wpb_text_column us_custom_75f97960 us_animate_this\"><div class=\"wpb_wrapper\"><p><strong> Vinyl-K\u00fcchenb\u00f6den<\/strong> bieten den gleichen fantastischen Stil und das gleiche Design wie jeder andere Bodenbelag, jedoch mit dem Vorteil der einfachen Verlegung, langen Lebensdauer und einfachen Pflege.<\/p>\n<p>Vinylbodenbel\u00e4ge gelten als sehr haltbares Material, was sie zu einer guten Wahl f\u00fcr K\u00fcchenb\u00f6den macht.<\/p>\n<p>Dank seiner Robustheit h\u00e4lt er der Hektik des Alltags stand und bew\u00e4hrt sich im Laufe der Jahre mit geringem Verschlei\u00df.<\/p>\n<p>Einer der <strong>gr\u00f6\u00dften Vorteile von Vinyl-K\u00fcchenb\u00f6den<\/strong> ist ihre Widerstandsf\u00e4higkeit gegen Flecken und gelegentliches Versch\u00fctten von Fl\u00fcssigkeiten.<\/p>\n<p>Diese Elemente machen aus einer K\u00fcche mit Vinyl-Bodenbelag einen sauberen, funktionalen und attraktiven Raum. Sie sind pflegeleicht, lassen sich im Falle eines Flecks leicht ausbessern und sind angenehm zu tragen.<\/p>\n<p>Wie bereits erw\u00e4hnt, sind Vinyl-K\u00fcchenb\u00f6den leicht sauber zu halten. Da es wasserbest\u00e4ndig ist, muss man sich keine Gedanken \u00fcber die Verwendung von Wasser auf der Oberfl\u00e4che machen, so dass die Reinigung mit einem Mopp oder Dampfmopp ganz einfach ist.<\/p>\n<\/div><\/div><div class=\"w-separator size_medium\"><\/div><\/div><\/div><\/div><\/div><\/div><\/section><section class=\"l-section wpb_row height_custom\"><div class=\"l-section-h i-cf\"><div class=\"g-cols vc_row via_flex valign_top type_default stacking_default\"><div class=\"vc_col-sm-12 wpb_column vc_column_container\"><div class=\"vc_column-inner\"><div class=\"wpb_wrapper\"><div class=\"w-separator us_custom_bbb024ee us_animate_this size_medium\"><\/div><div class=\"g-cols wpb_row via_flex valign_top type_default stacking_default\"><div class=\"vc_col-sm-2 wpb_column vc_column_container\"><div class=\"vc_column-inner\"><div class=\"wpb_wrapper\"><\/div><\/div><\/div><div class=\"vc_col-sm-10 wpb_column vc_column_container\"><div class=\"vc_column-inner\"><div class=\"wpb_wrapper\"><h2 class=\"w-text us_custom_75f97960 us_animate_this\"><span class=\"w-text-h\"><span class=\"w-text-value\">K\u00fcchen mit Vinylbodenbelag<\/span><\/span><\/h2><div class=\"wpb_text_column us_custom_75f97960 us_animate_this\"><div class=\"wpb_wrapper\"><p><strong>K\u00fcchen mit Vinylb\u00f6den<\/strong> sind voller \u00c4sthetik und Design.<br \/>\nDie technischen Eigenschaften des Vinyls und der Schichten, aus denen es besteht, verleihen K\u00fcchen einen warmen und gem\u00fctlichen Charakter.<\/p>\n<p>Wenn wir in der K\u00fcche stehen, stehen wir oft lange, w\u00e4hrend wir k\u00f6stliche Gerichte zubereiten.<\/p>\n<p>Daher ist es <strong>ideal, einen Vinyl-K\u00fcchenboden zu haben, der sich weich an<\/strong> f\u00fchlt und uns den gew\u00fcnschten Komfort bietet.<\/p>\n<p>Au\u00dferdem ist es dank der Schutzbeschichtung weniger wahrscheinlich, dass Gegenst\u00e4nde zerbrechen, wenn sie einmal herunterfallen.<\/p>\n<p>Einst galt er als uneleganter Bodenbelag, doch dank der modernen Technologien gibt es heute eine breite Palette an Designs und Ausf\u00fchrungen.<\/p>\n<p><strong><a href=\"https:\/\/www.anjasora.com\/de\/boden-vinyl\/\">Vinylbodenbel\u00e4ge<\/a><\/strong> eignen sich <strong>hervorragend f\u00fcr die K\u00fcche<\/strong>, da sie in der Regel rutschfest, wasserdicht und verschlei\u00dffest sind und sich leicht zuschneiden und an vorhandene M\u00f6bel anpassen lassen.<\/p>\n<p>Sie sind in einer gro\u00dfen Auswahl an Farben, Stilen, Oberfl\u00e4chen und Strukturen erh\u00e4ltlich.<\/p>\n<\/div><\/div><\/div><\/div><\/div><\/div><\/div><\/div><\/div><\/div><\/div><\/section><section class=\"l-section wpb_row height_custom width_full\"><div class=\"l-section-h i-cf\"><div class=\"g-cols vc_row via_flex valign_top type_default stacking_default\"><div class=\"vc_col-sm-12 wpb_column vc_column_container\"><div class=\"vc_column-inner\"><div class=\"wpb_wrapper\"><div class=\"w-separator size_large\"><\/div><div class=\"w-image us_custom_1afcbe57 us_animate_this has_ratio align_none\"><div class=\"w-image-h\"><div style=\"padding-bottom:33.3333%\"><\/div><img decoding=\"async\" width=\"1000\" height=\"750\" src=\"https:\/\/www.anjasora.com\/wp-content\/uploads\/amb-SARRION-LT-002LT-003.jpg\" class=\"attachment-full size-full\" alt=\"suelo vin\u00edlico cocina\" loading=\"lazy\" title=\"-\"><\/div><\/div><div class=\"w-separator size_huge\"><\/div><\/div><\/div><\/div><\/div><\/div><\/section><section class=\"l-section wpb_row height_auto\"><div class=\"l-section-h i-cf\"><div class=\"g-cols vc_row via_flex valign_top type_default stacking_default\"><div class=\"vc_col-sm-6 wpb_column vc_column_container\"><div class=\"vc_column-inner\"><div class=\"wpb_wrapper\"><div class=\"w-separator size_custom\" style=\"height:5vh\" id=\"q8bd\"><style>@media(max-width:1024px){ #q8bd{height:14hv!important}}@media(max-width:479px){ #q8bd{height:10hv!important}}<\/style><\/div><div class=\"wpb_text_column us_custom_7d39fe36 us_animate_this\"><div class=\"wpb_wrapper\"><h2 style=\"text-align: right;\">FAQ&#8217;s<\/h2>\n<\/div><\/div><div class=\"w-separator size_small\"><\/div><div class=\"w-tabs style_default switch_click accordion has_scrolling\" style=\"--sections-title-size:inherit\"><div class=\"w-tabs-sections titles-align_none icon_chevron cpos_left\"><div class=\"w-tabs-section active\" id=\"como-poner-vinilo-en-el-suelo-de-la-cocina\"><button class=\"w-tabs-section-header active\" aria-controls=\"content-como-poner-vinilo-en-el-suelo-de-la-cocina\" aria-expanded=\"true\"><h3 class=\"w-tabs-section-title\">Wie verlegt man Vinyl auf dem K\u00fcchenboden?<\/h3><div class=\"w-tabs-section-control\"><\/div><\/button><div  class=\"w-tabs-section-content us_custom_e65b31bf\" id=\"content-como-poner-vinilo-en-el-suelo-de-la-cocina\"><div class=\"w-tabs-section-content-h i-cf\"><div class=\"wpb_text_column\"><div class=\"wpb_wrapper\"><p><strong>Das Verlegen von Vinylb\u00f6den in der K\u00fcche<\/strong> ist dank des Klick-Verlegesystems einfach und schnell, denn damit erreichen wir eine bessere Isolierung als mit <strong>selbstklebenden Vinylb\u00f6den in der<\/strong> K\u00fcche, die ein k\u00e4lteres Gef\u00fchl vermitteln.<\/p>\n<p>F\u00fcr eine korrekte Installation ist es notwendig, den Installationsort zu ber\u00fccksichtigen, da es sich um eine ebene Fl\u00e4che handeln muss.<\/p>\n<p>Es gibt jedoch keine weiteren Anforderungen, denn die Verlegung von Vinyl-K\u00fcchenb\u00f6den ist einfach und schnell.<\/p>\n<\/div><\/div><\/div><\/div><\/div><div class=\"w-tabs-section\" id=\"como-poner-vinilo-en-el-suelo-de-la-cocina\"><button class=\"w-tabs-section-header\" aria-controls=\"content-como-poner-vinilo-en-el-suelo-de-la-cocina\" aria-expanded=\"false\"><h3 class=\"w-tabs-section-title\">Schritte zur Verlegung von Vinyl-Bodenbel\u00e4gen in der K\u00fcche<\/h3><div class=\"w-tabs-section-control\"><\/div><\/button><div  class=\"w-tabs-section-content us_custom_e65b31bf\" id=\"content-como-poner-vinilo-en-el-suelo-de-la-cocina\"><div class=\"w-tabs-section-content-h i-cf\"><div class=\"wpb_text_column\"><div class=\"wpb_wrapper\"><p>Um das gew\u00fcnschte Endergebnis und das richtige Ergebnis f\u00fcr die Art des Raumes, in dem er verlegt werden soll, zu erzielen, ist es notwendig, die folgenden Schritte zur Verlegung von Vinylboden in der K\u00fcche zu befolgen.<\/p>\n<ol>\n<li>Zun\u00e4chst ist es wichtig,<strong> den FOAM<\/strong>, d.h. den Ausgleichsschaum,<strong> zu platzieren<\/strong> und die Schaumstoffrolle vorsichtig auszubreiten und sie nach und nach mit dem daran befestigten Klebeband zu verkleben.<\/li>\n<li>Zweitens <strong>wird<\/strong> das <strong>erste St\u00fcck<\/strong> mit einem Abstand von ca. 0,5 cm zur Wand <strong>angebracht<\/strong>, um Probleme mit einer m\u00f6glichen sp\u00e4teren Ausdehnung zu vermeiden.<\/li>\n<li>Die<strong> Teile werden<\/strong> dann<strong> zusammengef\u00fcgt<\/strong>, wobei darauf zu achten ist, dass das &#8222;Klick&#8220;-Ger\u00e4usch zu h\u00f6ren ist, damit die Verbindung perfekt und ohne Trennung ist.<\/li>\n<li>Danach <strong>verlegen wir alle Teile nach<\/strong> und nach, indem wir diese Schritte befolgen, und wenn wir insgesamt etwa 40 Meter verlegt haben, m\u00fcssen wir eine Dehnungsfuge machen. Dies ist ein notwendiges Element, da es Relativbewegungen zwischen zwei Teilen erm\u00f6glicht.<\/li>\n<li>Wenn der gesamte Bodenbelag verlegt ist, <strong>tragen wir einen Dichtungskleber auf<\/strong>, um mit der Verlegung der Sockelleiste fortzufahren.<\/li>\n<\/ol>\n<p>Wenn Sie im Detail wissen m\u00f6chten, wie Sie einen<strong> Vinyl-K\u00fcchenboden verlegen<\/strong>, besuchen Sie unsere Website, auf der Sie Erkl\u00e4rvideos finden, die Ihnen Schritt f\u00fcr Schritt bei der Verlegung von Vinyl-B\u00f6den helfen.<\/p>\n<\/div><\/div><\/div><\/div><\/div><\/div><\/div><div class=\"w-separator size_small\"><\/div><\/div><\/div><\/div><div class=\"vc_col-sm-6 wpb_column vc_column_container\"><div class=\"vc_column-inner us_custom_95d492f5\"><div class=\"wpb_wrapper\"><div class=\"w-separator size_custom\" style=\"height:10vh\" id=\"o592\"><style>@media(max-width:600px){ #o592{height:14vh!important}}<\/style><\/div><div class=\"w-image us_custom_2022b515 us_animate_this has_ratio align_none\"><div class=\"w-image-h\"><div style=\"padding-bottom:75%\"><\/div><img decoding=\"async\" width=\"2000\" height=\"1500\" src=\"https:\/\/www.anjasora.com\/wp-content\/uploads\/amb-ANJASORA-KTM-06_cmyk.jpg\" class=\"attachment-full size-full\" alt=\"\" loading=\"lazy\" title=\"-\"><\/div><\/div><div class=\"w-separator hide_on_mobiles size_large\"><\/div><\/div><\/div><\/div><\/div><\/div><\/section><section class=\"l-section wpb_row hide_on_default hide_on_laptops height_custom\"><div class=\"l-section-h i-cf\"><div class=\"g-cols vc_row via_flex valign_top type_default stacking_default\"><div class=\"vc_col-sm-12 wpb_column vc_column_container\"><div class=\"vc_column-inner\"><div class=\"wpb_wrapper\"><div class=\"w-separator hide_on_default hide_on_laptops hide_on_tablets size_small\"><\/div><\/div><\/div><\/div><\/div><\/div><\/section><section class=\"l-section wpb_row height_custom\" id=\"sammlungen\"><div class=\"l-section-h i-cf\"><div class=\"g-cols vc_row via_flex valign_top type_default stacking_default\"><div class=\"vc_col-sm-12 wpb_column vc_column_container\"><div class=\"vc_column-inner\"><div class=\"wpb_wrapper\"><div class=\"w-separator us_custom_c9709b59 us_animate_this size_small\"><\/div><div class=\"g-cols wpb_row via_flex valign_top type_default stacking_default\"><div class=\"vc_col-sm-6 wpb_column vc_column_container\"><div class=\"vc_column-inner\"><div class=\"wpb_wrapper\"><\/div><\/div><\/div><div class=\"vc_col-sm-6 wpb_column vc_column_container\"><div class=\"vc_column-inner\"><div class=\"wpb_wrapper\"><div class=\"w-separator size_huge\"><\/div><div class=\"wpb_text_column us_custom_5cfdbba0 us_animate_this\"><div class=\"wpb_wrapper\"><p><em>Vinyl-K\u00fcchenbodenbelagskollektionen<\/em><\/p>\n<\/div><\/div><div class=\"w-separator size_small\"><\/div><\/div><\/div><\/div><\/div><div class=\"w-separator size_medium\"><\/div><div class=\"w-grid us_carousel us_custom_693f4b1f type_carousel layout_9370 preload_style_spinner items_3\" id=\"us_grid_1\" style=\"--items:3;--gap:1vw;\"><style>.layout_9370 .w-grid-item-h{}.layout_9370 .usg_post_title_1{color:var(--color-content-heading)!important;font-size:calc( 18px + 0.5vw )!important;line-height:1.2!important;margin-bottom:20px!important}<\/style><div class=\"w-grid-list owl-carousel valign_stretch dotstyle_circle navstyle_circle arrows-ver-pos_middle arrows-hor-pos_on_sides_outside arrows-disabled_hide owl-responsive-2000 center_item with_arrows\" style=\"--transition-duration:350ms;--arrows-size:1.5rem;--arrows-hor-offset:calc(20px + 1vw);--arrows-gap:10px;\">\t<article class=\"w-grid-item post-37881 floortape type-floortape status-publish has-post-thumbnail hentry\" data-id=\"37881\">\r\n\t\t<div class=\"w-grid-item-h\">\r\n\t\t\t\t\t\t<p class=\"w-post-elm post_title usg_post_title_1 has_text_color entry-title color_link_inherit\">MARQUINA NEGRO<\/p><div class=\"w-post-elm post_image usg_post_image_1 stretched\"><img decoding=\"async\" width=\"500\" height=\"500\" src=\"https:\/\/www.anjasora.com\/wp-content\/uploads\/amb-FLOORTAPE-90x260_NEGRO-500x500.jpg\" class=\"attachment-us_500_500_crop size-us_500_500_crop wp-post-image\" alt=\"suelo vin\u00edlico cocina\" srcset=\"https:\/\/www.anjasora.com\/wp-content\/uploads\/amb-FLOORTAPE-90x260_NEGRO-500x500.jpg 500w, https:\/\/www.anjasora.com\/wp-content\/uploads\/amb-FLOORTAPE-90x260_NEGRO-150x150.jpg 150w\" sizes=\"(max-width: 500px) 100vw, 500px\" title=\"-\"><\/div>\t\t<\/div>\r\n\t\t\t<\/article>\r\n\t<article class=\"w-grid-item post-37847 floortape type-floortape status-publish has-post-thumbnail hentry\" data-id=\"37847\">\r\n\t\t<div class=\"w-grid-item-h\">\r\n\t\t\t\t\t\t<p class=\"w-post-elm post_title usg_post_title_1 has_text_color entry-title color_link_inherit\">CALACATA WHITE<\/p><div class=\"w-post-elm post_image usg_post_image_1 stretched\"><img decoding=\"async\" width=\"500\" height=\"500\" src=\"https:\/\/www.anjasora.com\/wp-content\/uploads\/amb-FLOORTAPE-90x260-BLANCO-500x500.jpg\" class=\"attachment-us_500_500_crop size-us_500_500_crop wp-post-image\" alt=\"\" srcset=\"https:\/\/www.anjasora.com\/wp-content\/uploads\/amb-FLOORTAPE-90x260-BLANCO-500x500.jpg 500w, https:\/\/www.anjasora.com\/wp-content\/uploads\/amb-FLOORTAPE-90x260-BLANCO-150x150.jpg 150w\" sizes=\"(max-width: 500px) 100vw, 500px\" title=\"-\"><\/div>\t\t<\/div>\r\n\t\t\t<\/article>\r\n\t<article class=\"w-grid-item post-19975 floortape type-floortape status-publish has-post-thumbnail hentry\" data-id=\"19975\">\r\n\t\t<div class=\"w-grid-item-h\">\r\n\t\t\t\t\t\t<p class=\"w-post-elm post_title usg_post_title_1 has_text_color entry-title color_link_inherit\">SARRI\u00d3N<\/p><div class=\"w-post-elm post_image usg_post_image_1 stretched\"><img decoding=\"async\" width=\"500\" height=\"500\" src=\"https:\/\/www.anjasora.com\/wp-content\/uploads\/amb-SARRION-LT-002LT-003-500x500.jpg\" class=\"attachment-us_500_500_crop size-us_500_500_crop wp-post-image\" alt=\"suelo vin\u00edlico cocina\" srcset=\"https:\/\/www.anjasora.com\/wp-content\/uploads\/amb-SARRION-LT-002LT-003-500x500.jpg 500w, https:\/\/www.anjasora.com\/wp-content\/uploads\/amb-SARRION-LT-002LT-003-150x150.jpg 150w\" sizes=\"(max-width: 500px) 100vw, 500px\" title=\"-\"><\/div>\t\t<\/div>\r\n\t\t\t<\/article>\r\n\t<article class=\"w-grid-item post-19976 floortape type-floortape status-publish has-post-thumbnail hentry\" data-id=\"19976\">\r\n\t\t<div class=\"w-grid-item-h\">\r\n\t\t\t\t\t\t<p class=\"w-post-elm post_title usg_post_title_1 has_text_color entry-title color_link_inherit\">KTM<\/p><div class=\"w-post-elm post_image usg_post_image_1 stretched\"><img decoding=\"async\" width=\"500\" height=\"500\" src=\"https:\/\/www.anjasora.com\/wp-content\/uploads\/amb-ANJASORA-KTM-02_cmyk-500x500.jpg\" class=\"attachment-us_500_500_crop size-us_500_500_crop wp-post-image\" alt=\"suelo vin\u00edlico habitaci\u00f3n\" srcset=\"https:\/\/www.anjasora.com\/wp-content\/uploads\/amb-ANJASORA-KTM-02_cmyk-500x500.jpg 500w, https:\/\/www.anjasora.com\/wp-content\/uploads\/amb-ANJASORA-KTM-02_cmyk-150x150.jpg 150w\" sizes=\"(max-width: 500px) 100vw, 500px\" title=\"-\"><\/div>\t\t<\/div>\r\n\t\t\t<\/article>\r\n\t<article class=\"w-grid-item post-19977 floortape type-floortape status-publish has-post-thumbnail hentry\" data-id=\"19977\">\r\n\t\t<div class=\"w-grid-item-h\">\r\n\t\t\t\t\t\t<p class=\"w-post-elm post_title usg_post_title_1 has_text_color entry-title color_link_inherit\">CALANDA<\/p><div class=\"w-post-elm post_image usg_post_image_1 stretched\"><img decoding=\"async\" width=\"500\" height=\"500\" src=\"https:\/\/www.anjasora.com\/wp-content\/uploads\/amb-CALANDA-EW-001-500x500.jpg\" class=\"attachment-us_500_500_crop size-us_500_500_crop wp-post-image\" alt=\"\" srcset=\"https:\/\/www.anjasora.com\/wp-content\/uploads\/amb-CALANDA-EW-001-500x500.jpg 500w, https:\/\/www.anjasora.com\/wp-content\/uploads\/amb-CALANDA-EW-001-150x150.jpg 150w\" sizes=\"(max-width: 500px) 100vw, 500px\" title=\"-\"><\/div>\t\t<\/div>\r\n\t\t\t<\/article>\r\n\t<article class=\"w-grid-item post-19978 floortape type-floortape status-publish has-post-thumbnail hentry\" data-id=\"19978\">\r\n\t\t<div class=\"w-grid-item-h\">\r\n\t\t\t\t\t\t<p class=\"w-post-elm post_title usg_post_title_1 has_text_color entry-title color_link_inherit\">MUDEJAR<\/p><div class=\"w-post-elm post_image usg_post_image_1 stretched\"><img decoding=\"async\" width=\"500\" height=\"500\" src=\"https:\/\/www.anjasora.com\/wp-content\/uploads\/amb-MUDEJAR-CW-001-1-500x500.jpg\" class=\"attachment-us_500_500_crop size-us_500_500_crop wp-post-image\" alt=\"suelo vin\u00edlico sal\u00f3n\" srcset=\"https:\/\/www.anjasora.com\/wp-content\/uploads\/amb-MUDEJAR-CW-001-1-500x500.jpg 500w, https:\/\/www.anjasora.com\/wp-content\/uploads\/amb-MUDEJAR-CW-001-1-150x150.jpg 150w\" sizes=\"(max-width: 500px) 100vw, 500px\" title=\"-\"><\/div>\t\t<\/div>\r\n\t\t\t<\/article>\r\n<\/div><div class=\"w-grid-carousel-json hidden\" onclick='return {&quot;carousel_settings&quot;:{&quot;aria_labels&quot;:{&quot;prev&quot;:&quot;Zur\\u00fcck&quot;,&quot;next&quot;:&quot;Weiter&quot;},&quot;autoplayContinual&quot;:false,&quot;autoplayHoverPause&quot;:false,&quot;autoplayTimeout&quot;:3000,&quot;autoWidth&quot;:false,&quot;smartSpeed&quot;:350,&quot;margin&quot;:0,&quot;mouseDrag&quot;:true,&quot;rtl&quot;:false,&quot;slideBy&quot;:&quot;1&quot;,&quot;touchDrag&quot;:true,&quot;slideTransition&quot;:&quot;cubic-bezier(0,1,.8,1)&quot;,&quot;responsive&quot;:{&quot;0&quot;:{&quot;autoHeight&quot;:true,&quot;autoplay&quot;:true,&quot;autoWidth&quot;:false,&quot;center&quot;:true,&quot;dots&quot;:false,&quot;items&quot;:1,&quot;loop&quot;:true,&quot;nav&quot;:false,&quot;stagePadding&quot;:0,&quot;slideBy&quot;:&quot;1&quot;},&quot;601&quot;:{&quot;autoHeight&quot;:true,&quot;autoplay&quot;:true,&quot;autoWidth&quot;:false,&quot;center&quot;:true,&quot;dots&quot;:false,&quot;items&quot;:3,&quot;loop&quot;:true,&quot;nav&quot;:true,&quot;stagePadding&quot;:0,&quot;slideBy&quot;:&quot;1&quot;},&quot;1025&quot;:{&quot;autoHeight&quot;:true,&quot;autoplay&quot;:true,&quot;autoWidth&quot;:false,&quot;center&quot;:true,&quot;dots&quot;:false,&quot;items&quot;:3,&quot;loop&quot;:true,&quot;nav&quot;:true,&quot;stagePadding&quot;:0,&quot;slideBy&quot;:&quot;1&quot;},&quot;1920&quot;:{&quot;items&quot;:3,&quot;autoplay&quot;:true,&quot;center&quot;:true,&quot;dots&quot;:false,&quot;nav&quot;:true,&quot;autoHeight&quot;:true,&quot;autoWidth&quot;:false,&quot;loop&quot;:true,&quot;stagePadding&quot;:0}}}}'><\/div><\/div><\/div><\/div><\/div><\/div><\/div><\/section><section class=\"l-section wpb_row height_custom\"><div class=\"l-section-h i-cf\"><div class=\"g-cols vc_row via_flex valign_top type_default stacking_default\"><div class=\"vc_col-sm-12 wpb_column vc_column_container\"><div class=\"vc_column-inner\"><div class=\"wpb_wrapper\"><div class=\"w-separator size_small\"><\/div><\/div><\/div><\/div><\/div><\/div><\/section><section class=\"l-section wpb_row height_custom color_primary with_img parallax_ver parallaxdir_reversed\"><div class=\"l-section-img\" role=\"img\" aria-label=\"suelo vin\u00edlico cocina\" data-img-width=\"1000\" data-img-height=\"750\" style=\"background-image: url(https:\/\/www.anjasora.com\/wp-content\/uploads\/amb-SARRION-LT-002LT-003.jpg);\"><\/div><div class=\"l-section-overlay\" style=\"background:var(--color-content-overlay)\"><\/div><div class=\"l-section-h i-cf\"><div class=\"g-cols vc_row via_flex valign_middle type_default stacking_default\"><div class=\"vc_col-sm-3 wpb_column vc_column_container\"><div class=\"vc_column-inner\"><div class=\"wpb_wrapper\"><\/div><\/div><\/div><div class=\"vc_col-sm-6 wpb_column vc_column_container\"><div class=\"vc_column-inner\"><div class=\"wpb_wrapper\"><div class=\"w-separator size_large\"><\/div><div class=\"w-image us_custom_47474b22 us_animate_this align_center\"><div class=\"w-image-h\"><img decoding=\"async\" width=\"300\" height=\"300\" src=\"https:\/\/www.anjasora.com\/wp-content\/uploads\/logo-anjasora-blanco.svg\" class=\"attachment-medium size-medium\" alt=\"\" loading=\"lazy\" title=\"-\"><\/div><\/div><div class=\"w-separator size_medium\"><\/div><div class=\"w-btn-wrapper align_justify\"><a class=\"w-btn us-btn-style_8 us_custom_6c21c073 us_animate_this\" title=\"Flexibler Naturstein\" href=\"https:\/\/www.anjasora.com\/de\/kontakt\/\"><span class=\"w-btn-label\">KONTAKT US<\/span><\/a><\/div><div class=\"w-separator size_large\"><\/div><\/div><\/div><\/div><div class=\"vc_col-sm-3 wpb_column vc_column_container\"><div class=\"vc_column-inner\"><div class=\"wpb_wrapper\"><\/div><\/div><\/div><\/div><\/div><\/section>\n","protected":false},"excerpt":{"rendered":"MUDEJARCW001 BODEN 8,8&#8243; x 60&#8243;BODEN 8,8&#8243; x 60 PFlaster 22,5 x 153,2 cm MUDEJAR CW 001 22,5 x 153,2 M036 Nat\u00fcrliche Variabilit\u00e4t der Teile MUDEJAR-CW-001-(5)CW002 BODEN 8,8&#8243; x 60&#8243;BODEN 8,8&#8243; x 60 PFlaster 22,5 x 153,2 cm MUDEJAR CW 002 22,5 x 153,2 M036 Nat\u00fcrliche Variabilit\u00e4t der Teile MUDEJAR-CW-002-(7)CW003 BODEN 8,8&#8243; x 60&#8243;BODEN 8,8&#8243; x...","protected":false},"author":1,"featured_media":15459,"parent":19678,"menu_order":0,"comment_status":"closed","ping_status":"closed","template":"","meta":{"_acf_changed":false,"inline_featured_image":false,"footnotes":""},"class_list":["post-19677","page","type-page","status-publish","has-post-thumbnail","hentry"],"acf":[],"_links":{"self":[{"href":"https:\/\/www.anjasora.com\/de\/wp-json\/wp\/v2\/pages\/19677","targetHints":{"allow":["GET"]}}],"collection":[{"href":"https:\/\/www.anjasora.com\/de\/wp-json\/wp\/v2\/pages"}],"about":[{"href":"https:\/\/www.anjasora.com\/de\/wp-json\/wp\/v2\/types\/page"}],"author":[{"embeddable":true,"href":"https:\/\/www.anjasora.com\/de\/wp-json\/wp\/v2\/users\/1"}],"replies":[{"embeddable":true,"href":"https:\/\/www.anjasora.com\/de\/wp-json\/wp\/v2\/comments?post=19677"}],"version-history":[{"count":0,"href":"https:\/\/www.anjasora.com\/de\/wp-json\/wp\/v2\/pages\/19677\/revisions"}],"up":[{"embeddable":true,"href":"https:\/\/www.anjasora.com\/de\/wp-json\/wp\/v2\/pages\/19678"}],"wp:featuredmedia":[{"embeddable":true,"href":"https:\/\/www.anjasora.com\/de\/wp-json\/wp\/v2\/media\/15459"}],"wp:attachment":[{"href":"https:\/\/www.anjasora.com\/de\/wp-json\/wp\/v2\/media?parent=19677"}],"curies":[{"name":"wp","href":"https:\/\/api.w.org\/{rel}","templated":true}]}}