{"id":19670,"date":"2022-02-25T11:35:34","date_gmt":"2022-02-25T10:35:34","guid":{"rendered":"https:\/\/www.anjasora.com\/suelo-vinilico-habitacion\/"},"modified":"2022-06-07T14:34:59","modified_gmt":"2022-06-07T12:34:59","slug":"boden-vinyl-raum","status":"publish","type":"page","link":"https:\/\/www.anjasora.com\/de\/boden-vinyl\/zimmer\/","title":{"rendered":"Vinylboden in einem Raum"},"content":{"rendered":"<section class=\"l-section wpb_row height_custom color_primary with_img parallax_hor bgwidth_130\"><div class=\"l-section-img\" role=\"img\" aria-label=\"floortape\" data-img-width=\"2000\" data-img-height=\"1500\" style=\"background-image: url(https:\/\/www.anjasora.com\/wp-content\/uploads\/amb-MUDEJAR-CW-002.jpg);\"><\/div><div class=\"l-section-overlay\" style=\"background:rgba(10,10,10,0.7)\"><\/div><div class=\"l-section-h i-cf\"><div class=\"g-cols vc_row via_flex valign_top type_default stacking_default\"><div class=\"vc_col-sm-12 wpb_column vc_column_container\"><div class=\"vc_column-inner\"><div class=\"wpb_wrapper\"><h1 class=\"w-text us_custom_195d78a2 has_text_color us_animate_this\"><span class=\"w-text-h\"><span class=\"w-text-value\">Vinylboden in einem Raum<\/span><\/span><\/h1><div class=\"wpb_text_column\"><div class=\"wpb_wrapper\"><p style=\"text-align: center;\"><strong>Vinyl-Bodenbel\u00e4ge f\u00fcr Schlafzimmer<\/strong> haben eine Reihe von Vorteilen, die sie zu einer hervorragenden Bodenbelagsoption f\u00fcr Schlafzimmer machen.<\/p>\n<p style=\"text-align: center;\">Vinylbodenbel\u00e4ge sind langlebig, fu\u00dfwarm, schalld\u00e4mmend, leicht zu reinigen und zu verlegen und in einer gro\u00dfen Auswahl an Designs und Farben erh\u00e4ltlich.<\/p>\n<\/div><\/div><div class=\"w-separator size_small\"><\/div><div class=\"w-iconbox iconpos_top style_default color_custom align_center no_text no_title\"><a href=\"#Sekunde\" class=\"w-iconbox-link\" aria-label=\"far|chevron-down\"><div class=\"w-iconbox-icon\" style=\"font-size:2rem;\"><i class=\"far fa-chevron-down\"><\/i><\/div><\/a><div class=\"w-iconbox-meta\"><\/div><\/div><\/div><\/div><\/div><\/div><\/div><\/section><section class=\"l-section wpb_row us_custom_de24bbeb height_auto width_full type_sticky\" id=\"zweite\"><div class=\"l-section-h i-cf\"><div class=\"g-cols vc_row via_flex valign_top type_default stacking_default\"><div class=\"vc_col-sm-12 wpb_column vc_column_container\"><div class=\"vc_column-inner\"><div class=\"wpb_wrapper\"><nav class=\"w-menu us_custom_85de5996 layout_hor style_links not_responsive us_menu_1\" style=\"--main-gap:5rem;--main-ver-indent:0.8em;--main-hor-indent:0.8em;--main-color:inherit;\"><ul id=\"menu-menu-landing-suelo-vinilico-habitacion-aleman\" class=\"menu\"><li id=\"menu-item-17156\" class=\"menu-item menu-item-type-custom menu-item-object-custom menu-item-17156\"><a href=\"#eigenschaften\">Eigenschaften<\/a><\/li><li id=\"menu-item-17157\" class=\"menu-item menu-item-type-custom menu-item-object-custom menu-item-17157\"><a href=\"#kinderzimmer\">Kinderzimmer<\/a><\/li><li id=\"menu-item-17158\" class=\"menu-item menu-item-type-custom menu-item-object-custom menu-item-17158\"><a href=\"#sammlungen\">Sammlungen<\/a><\/li><\/ul><\/nav><\/div><\/div><\/div><\/div><\/div><\/section><section class=\"l-section wpb_row height_custom\" id=\"eigenschaften\"><div class=\"l-section-h i-cf\"><div class=\"g-cols vc_row via_flex valign_middle type_default reversed stacking_default\"><div class=\"vc_col-sm-6 wpb_column vc_column_container\"><div class=\"vc_column-inner us_custom_ebda694a\"><div class=\"wpb_wrapper\"><div class=\"w-image us_custom_390fea19 us_animate_this align_none\"><div class=\"w-image-h\"><img decoding=\"async\" width=\"2000\" height=\"1500\" src=\"https:\/\/www.anjasora.com\/wp-content\/uploads\/amb-ANJASORA-KTM-02_cmyk.jpg\" class=\"attachment-full size-full\" alt=\"suelo vin\u00edlico habitaci\u00f3n\" loading=\"lazy\" srcset=\"https:\/\/www.anjasora.com\/wp-content\/uploads\/amb-ANJASORA-KTM-02_cmyk.jpg 2000w, https:\/\/www.anjasora.com\/wp-content\/uploads\/amb-ANJASORA-KTM-02_cmyk-300x225.jpg 300w, https:\/\/www.anjasora.com\/wp-content\/uploads\/amb-ANJASORA-KTM-02_cmyk-1024x768.jpg 1024w, https:\/\/www.anjasora.com\/wp-content\/uploads\/amb-ANJASORA-KTM-02_cmyk-1536x1152.jpg 1536w, https:\/\/www.anjasora.com\/wp-content\/uploads\/amb-ANJASORA-KTM-02_cmyk-533x400.jpg 533w, https:\/\/www.anjasora.com\/wp-content\/uploads\/amb-ANJASORA-KTM-02_cmyk-29x22.jpg 29w, https:\/\/www.anjasora.com\/wp-content\/uploads\/amb-ANJASORA-KTM-02_cmyk-40x30.jpg 40w, https:\/\/www.anjasora.com\/wp-content\/uploads\/amb-ANJASORA-KTM-02_cmyk-50x38.jpg 50w, https:\/\/www.anjasora.com\/wp-content\/uploads\/amb-ANJASORA-KTM-02_cmyk-53x40.jpg 53w, https:\/\/www.anjasora.com\/wp-content\/uploads\/amb-ANJASORA-KTM-02_cmyk-148x110.jpg 148w, https:\/\/www.anjasora.com\/wp-content\/uploads\/amb-ANJASORA-KTM-02_cmyk-101x75.jpg 101w, https:\/\/www.anjasora.com\/wp-content\/uploads\/amb-ANJASORA-KTM-02_cmyk-27x20.jpg 27w, https:\/\/www.anjasora.com\/wp-content\/uploads\/amb-ANJASORA-KTM-02_cmyk-115x86.jpg 115w, https:\/\/www.anjasora.com\/wp-content\/uploads\/amb-ANJASORA-KTM-02_cmyk-100x75.jpg 100w, https:\/\/www.anjasora.com\/wp-content\/uploads\/amb-ANJASORA-KTM-02_cmyk-200x150.jpg 200w\" sizes=\"auto, (max-width: 2000px) 100vw, 2000px\" title=\"-\"><\/div><\/div><\/div><\/div><\/div><div class=\"vc_col-sm-6 wpb_column vc_column_container\"><div class=\"vc_column-inner\"><div class=\"wpb_wrapper\"><div class=\"wpb_text_column us_custom_69a4c150 us_animate_this\" id=\"caracteristicas-columnas-de-piedra-natural\"><div class=\"wpb_wrapper\"><h2>Merkmale von Vinylbodenbel\u00e4gen in R\u00e4umen<\/h2>\n<\/div><\/div><div class=\"w-separator size_medium\"><\/div><div class=\"wpb_text_column us_custom_75f97960 us_animate_this\"><div class=\"wpb_wrapper\"><ul>\n<li><strong>Komfortabel und warm unter den F\u00fc\u00dfen<\/strong>: Vinylb\u00f6den f\u00fcr Schlafzimmer bieten gute thermische Eigenschaften, die f\u00fcr ein warmes Gef\u00fchl unter den F\u00fc\u00dfen sorgen &#8211; ideal f\u00fcr alle, die gerne barfu\u00df laufen.<\/li>\n<li><strong>Leicht zu reinigen:<\/strong> Vinyl erfordert nur eine einfache Reinigungsroutine. Staubsaugen, Fegen oder feuchtes Wischen mit warmem Wasser und einem neutralen Reinigungsmittel gen\u00fcgen, um den Vinylboden im Schlafzimmer in perfektem Zustand zu halten.<\/li>\n<li><strong>Einfach zu verlegen:<\/strong> Die Verlegeverfahren variieren je nach dem von Ihnen gew\u00e4hlten Vinylprodukt, aber Vinyl ist einer der am einfachsten zu verlegenden B\u00f6den. Je nach Gr\u00f6\u00dfe der Fl\u00e4che k\u00f6nnen Vinyl-Raumb\u00f6den in der Regel in nur einem Tag verlegt werden.<\/li>\n<li><strong>Design- und Farbvielfalt:<\/strong> Vinylbodenbel\u00e4ge haben ein enormes Gestaltungspotenzial und bieten die Freiheit und Flexibilit\u00e4t, einen Vinylboden f\u00fcr das Schlafzimmer zu kreieren, der perfekt zum individuellen Stil und den Designvorlieben passt.<\/li>\n<\/ul>\n<\/div><\/div><div class=\"w-separator size_medium\"><\/div><\/div><\/div><\/div><\/div><\/div><\/section><section class=\"l-section wpb_row hide_on_default hide_on_laptops height_custom\"><div class=\"l-section-h i-cf\"><div class=\"g-cols vc_row via_flex valign_top type_default stacking_default\"><div class=\"vc_col-sm-12 wpb_column vc_column_container\"><div class=\"vc_column-inner\"><div class=\"wpb_wrapper\"><div class=\"w-separator hide_on_default hide_on_laptops hide_on_tablets size_small\"><\/div><\/div><\/div><\/div><\/div><\/div><\/section><section class=\"l-section wpb_row height_custom\" id=\"kinderzimmer\"><div class=\"l-section-h i-cf\"><div class=\"g-cols vc_row via_flex valign_top type_default stacking_default\"><div class=\"vc_col-sm-12 wpb_column vc_column_container\"><div class=\"vc_column-inner\"><div class=\"wpb_wrapper\"><div class=\"w-separator us_custom_bbb024ee us_animate_this size_medium\"><\/div><div class=\"g-cols wpb_row via_flex valign_top type_default stacking_default\"><div class=\"vc_col-sm-2 wpb_column vc_column_container\"><div class=\"vc_column-inner\"><div class=\"wpb_wrapper\"><\/div><\/div><\/div><div class=\"vc_col-sm-10 wpb_column vc_column_container\"><div class=\"vc_column-inner\"><div class=\"wpb_wrapper\"><h3 class=\"w-text us_custom_75f97960 us_animate_this\"><span class=\"w-text-h\"><span class=\"w-text-value\">Vinylbodenbel\u00e4ge f\u00fcr Kinderzimmer<\/span><\/span><\/h3><div class=\"wpb_text_column us_custom_75f97960 us_animate_this\"><div class=\"wpb_wrapper\"><p>Kinderzimmer brauchen einen Bodenbelag, der es ihnen erm\u00f6glicht, ihren Aktivit\u00e4ten nachzugehen und ihre Freizeit auf sichere und angenehme Weise zu genie\u00dfen.<\/p>\n<p>Die Wahl des richtigen Bodenbelags ist nicht immer eine leichte Entscheidung, da wir die Bed\u00fcrfnisse der Kinder ber\u00fccksichtigen m\u00fcssen.<\/p>\n<p><strong> Vinylbodenbel\u00e4ge f\u00fcr Kinderzimmer<\/strong> sind eine beliebte Wahl, da sie viele Vorteile bieten, die sie f\u00fcr alle Arten von Aufgaben, die Kinder ausf\u00fchren, robust genug machen.<\/p>\n<p>Er ist bequem und leise, kratz-, flecken- und feuchtigkeitsunempfindlich und l\u00e4sst sich zudem leicht verlegen und erfordert nur wenig Pflege.<\/p>\n<p>Entdecken Sie die komplette <a href=\"https:\/\/www.anjasora.com\/de\/sammlungen\/floortape\/\">Floortape<\/a> <a href=\"https:\/\/www.anjasora.com\/de\/boden-vinyl\/\">Vinyl-Bodenbelagskollektion<\/a>!<\/p>\n<\/div><\/div><\/div><\/div><\/div><\/div><\/div><\/div><\/div><\/div><\/div><\/section><section class=\"l-section wpb_row height_custom width_full\"><div class=\"l-section-h i-cf\"><div class=\"g-cols vc_row via_flex valign_top type_default stacking_default\"><div class=\"vc_col-sm-12 wpb_column vc_column_container\"><div class=\"vc_column-inner\"><div class=\"wpb_wrapper\"><div class=\"w-separator size_medium\"><\/div><div class=\"w-separator size_large\"><\/div><div class=\"w-image us_custom_2aeff963 us_animate_this has_ratio align_none\"><div class=\"w-image-h\"><div style=\"padding-bottom:33.3333%\"><\/div><img decoding=\"async\" width=\"2000\" height=\"1500\" src=\"https:\/\/www.anjasora.com\/wp-content\/uploads\/amb-MUDEJAR-CW-002.jpg\" class=\"attachment-full size-full\" alt=\"\" loading=\"lazy\" title=\"-\"><\/div><\/div><div class=\"w-separator size_small\"><\/div><\/div><\/div><\/div><\/div><\/div><\/section><section class=\"l-section wpb_row height_custom\" id=\"sammlungen\"><div class=\"l-section-h i-cf\"><div class=\"g-cols vc_row via_flex valign_top type_default stacking_default\"><div class=\"vc_col-sm-12 wpb_column vc_column_container\"><div class=\"vc_column-inner\"><div class=\"wpb_wrapper\"><div class=\"w-separator us_custom_c9709b59 us_animate_this size_small\"><\/div><div class=\"g-cols wpb_row via_flex valign_top type_default stacking_default\"><div class=\"vc_col-sm-6 wpb_column vc_column_container\"><div class=\"vc_column-inner\"><div class=\"wpb_wrapper\"><\/div><\/div><\/div><div class=\"vc_col-sm-6 wpb_column vc_column_container\"><div class=\"vc_column-inner\"><div class=\"wpb_wrapper\"><div class=\"w-separator size_huge\"><\/div><div class=\"wpb_text_column us_custom_5cfdbba0 us_animate_this\"><div class=\"wpb_wrapper\"><p><em>Vinyl-Bodenbelag Raumkollektionen<\/em><\/p>\n<\/div><\/div><div class=\"w-separator size_small\"><\/div><\/div><\/div><\/div><\/div><div class=\"w-separator size_medium\"><\/div><div class=\"w-grid us_carousel us_custom_693f4b1f type_carousel layout_9370 preload_style_spinner items_3\" id=\"us_grid_1\" style=\"--items:3;--gap:1vw;\"><style>.layout_9370 .w-grid-item-h{}.layout_9370 .usg_post_title_1{color:var(--color-content-heading)!important;font-size:calc( 18px + 0.5vw )!important;line-height:1.2!important;margin-bottom:20px!important}<\/style><div class=\"w-grid-list owl-carousel valign_stretch dotstyle_circle navstyle_circle arrows-ver-pos_middle arrows-hor-pos_on_sides_outside arrows-disabled_hide owl-responsive-2000 center_item with_arrows\" style=\"--transition-duration:350ms;--arrows-size:1.5rem;--arrows-hor-offset:calc(20px + 1vw);--arrows-gap:10px;\">\t<article class=\"w-grid-item post-37881 floortape type-floortape status-publish has-post-thumbnail hentry\" data-id=\"37881\">\r\n\t\t<div class=\"w-grid-item-h\">\r\n\t\t\t\t\t\t<p class=\"w-post-elm post_title usg_post_title_1 has_text_color entry-title color_link_inherit\">MARQUINA NEGRO<\/p><div class=\"w-post-elm post_image usg_post_image_1 stretched\"><img decoding=\"async\" width=\"500\" height=\"500\" src=\"https:\/\/www.anjasora.com\/wp-content\/uploads\/amb-FLOORTAPE-90x260_NEGRO-500x500.jpg\" class=\"attachment-us_500_500_crop size-us_500_500_crop wp-post-image\" alt=\"suelo vin\u00edlico cocina\" srcset=\"https:\/\/www.anjasora.com\/wp-content\/uploads\/amb-FLOORTAPE-90x260_NEGRO-500x500.jpg 500w, https:\/\/www.anjasora.com\/wp-content\/uploads\/amb-FLOORTAPE-90x260_NEGRO-150x150.jpg 150w\" sizes=\"(max-width: 500px) 100vw, 500px\" title=\"-\"><\/div>\t\t<\/div>\r\n\t\t\t<\/article>\r\n\t<article class=\"w-grid-item post-37847 floortape type-floortape status-publish has-post-thumbnail hentry\" data-id=\"37847\">\r\n\t\t<div class=\"w-grid-item-h\">\r\n\t\t\t\t\t\t<p class=\"w-post-elm post_title usg_post_title_1 has_text_color entry-title color_link_inherit\">CALACATA WHITE<\/p><div class=\"w-post-elm post_image usg_post_image_1 stretched\"><img decoding=\"async\" width=\"500\" height=\"500\" src=\"https:\/\/www.anjasora.com\/wp-content\/uploads\/amb-FLOORTAPE-90x260-BLANCO-500x500.jpg\" class=\"attachment-us_500_500_crop size-us_500_500_crop wp-post-image\" alt=\"\" srcset=\"https:\/\/www.anjasora.com\/wp-content\/uploads\/amb-FLOORTAPE-90x260-BLANCO-500x500.jpg 500w, https:\/\/www.anjasora.com\/wp-content\/uploads\/amb-FLOORTAPE-90x260-BLANCO-150x150.jpg 150w\" sizes=\"(max-width: 500px) 100vw, 500px\" title=\"-\"><\/div>\t\t<\/div>\r\n\t\t\t<\/article>\r\n\t<article class=\"w-grid-item post-19975 floortape type-floortape status-publish has-post-thumbnail hentry\" data-id=\"19975\">\r\n\t\t<div class=\"w-grid-item-h\">\r\n\t\t\t\t\t\t<p class=\"w-post-elm post_title usg_post_title_1 has_text_color entry-title color_link_inherit\">SARRI\u00d3N<\/p><div class=\"w-post-elm post_image usg_post_image_1 stretched\"><img decoding=\"async\" width=\"500\" height=\"500\" src=\"https:\/\/www.anjasora.com\/wp-content\/uploads\/amb-SARRION-LT-002LT-003-500x500.jpg\" class=\"attachment-us_500_500_crop size-us_500_500_crop wp-post-image\" alt=\"suelo vin\u00edlico cocina\" srcset=\"https:\/\/www.anjasora.com\/wp-content\/uploads\/amb-SARRION-LT-002LT-003-500x500.jpg 500w, https:\/\/www.anjasora.com\/wp-content\/uploads\/amb-SARRION-LT-002LT-003-150x150.jpg 150w\" sizes=\"(max-width: 500px) 100vw, 500px\" title=\"-\"><\/div>\t\t<\/div>\r\n\t\t\t<\/article>\r\n\t<article class=\"w-grid-item post-19976 floortape type-floortape status-publish has-post-thumbnail hentry\" data-id=\"19976\">\r\n\t\t<div class=\"w-grid-item-h\">\r\n\t\t\t\t\t\t<p class=\"w-post-elm post_title usg_post_title_1 has_text_color entry-title color_link_inherit\">KTM<\/p><div class=\"w-post-elm post_image usg_post_image_1 stretched\"><img decoding=\"async\" width=\"500\" height=\"500\" src=\"https:\/\/www.anjasora.com\/wp-content\/uploads\/amb-ANJASORA-KTM-02_cmyk-500x500.jpg\" class=\"attachment-us_500_500_crop size-us_500_500_crop wp-post-image\" alt=\"suelo vin\u00edlico habitaci\u00f3n\" srcset=\"https:\/\/www.anjasora.com\/wp-content\/uploads\/amb-ANJASORA-KTM-02_cmyk-500x500.jpg 500w, https:\/\/www.anjasora.com\/wp-content\/uploads\/amb-ANJASORA-KTM-02_cmyk-150x150.jpg 150w\" sizes=\"(max-width: 500px) 100vw, 500px\" title=\"-\"><\/div>\t\t<\/div>\r\n\t\t\t<\/article>\r\n\t<article class=\"w-grid-item post-19977 floortape type-floortape status-publish has-post-thumbnail hentry\" data-id=\"19977\">\r\n\t\t<div class=\"w-grid-item-h\">\r\n\t\t\t\t\t\t<p class=\"w-post-elm post_title usg_post_title_1 has_text_color entry-title color_link_inherit\">CALANDA<\/p><div class=\"w-post-elm post_image usg_post_image_1 stretched\"><img decoding=\"async\" width=\"500\" height=\"500\" src=\"https:\/\/www.anjasora.com\/wp-content\/uploads\/amb-CALANDA-EW-001-500x500.jpg\" class=\"attachment-us_500_500_crop size-us_500_500_crop wp-post-image\" alt=\"\" srcset=\"https:\/\/www.anjasora.com\/wp-content\/uploads\/amb-CALANDA-EW-001-500x500.jpg 500w, https:\/\/www.anjasora.com\/wp-content\/uploads\/amb-CALANDA-EW-001-150x150.jpg 150w\" sizes=\"(max-width: 500px) 100vw, 500px\" title=\"-\"><\/div>\t\t<\/div>\r\n\t\t\t<\/article>\r\n\t<article class=\"w-grid-item post-19978 floortape type-floortape status-publish has-post-thumbnail hentry\" data-id=\"19978\">\r\n\t\t<div class=\"w-grid-item-h\">\r\n\t\t\t\t\t\t<p class=\"w-post-elm post_title usg_post_title_1 has_text_color entry-title color_link_inherit\">MUDEJAR<\/p><div class=\"w-post-elm post_image usg_post_image_1 stretched\"><img decoding=\"async\" width=\"500\" height=\"500\" src=\"https:\/\/www.anjasora.com\/wp-content\/uploads\/amb-MUDEJAR-CW-001-1-500x500.jpg\" class=\"attachment-us_500_500_crop size-us_500_500_crop wp-post-image\" alt=\"suelo vin\u00edlico sal\u00f3n\" srcset=\"https:\/\/www.anjasora.com\/wp-content\/uploads\/amb-MUDEJAR-CW-001-1-500x500.jpg 500w, https:\/\/www.anjasora.com\/wp-content\/uploads\/amb-MUDEJAR-CW-001-1-150x150.jpg 150w\" sizes=\"(max-width: 500px) 100vw, 500px\" title=\"-\"><\/div>\t\t<\/div>\r\n\t\t\t<\/article>\r\n<\/div><div class=\"w-grid-carousel-json hidden\" onclick='return {&quot;carousel_settings&quot;:{&quot;aria_labels&quot;:{&quot;prev&quot;:&quot;Zur\\u00fcck&quot;,&quot;next&quot;:&quot;Weiter&quot;},&quot;autoplayContinual&quot;:false,&quot;autoplayHoverPause&quot;:false,&quot;autoplayTimeout&quot;:3000,&quot;autoWidth&quot;:false,&quot;smartSpeed&quot;:350,&quot;margin&quot;:0,&quot;mouseDrag&quot;:true,&quot;rtl&quot;:false,&quot;slideBy&quot;:&quot;1&quot;,&quot;touchDrag&quot;:true,&quot;slideTransition&quot;:&quot;cubic-bezier(0,1,.8,1)&quot;,&quot;responsive&quot;:{&quot;0&quot;:{&quot;autoHeight&quot;:true,&quot;autoplay&quot;:true,&quot;autoWidth&quot;:false,&quot;center&quot;:true,&quot;dots&quot;:false,&quot;items&quot;:1,&quot;loop&quot;:true,&quot;nav&quot;:false,&quot;stagePadding&quot;:0,&quot;slideBy&quot;:&quot;1&quot;},&quot;601&quot;:{&quot;autoHeight&quot;:true,&quot;autoplay&quot;:true,&quot;autoWidth&quot;:false,&quot;center&quot;:true,&quot;dots&quot;:false,&quot;items&quot;:3,&quot;loop&quot;:true,&quot;nav&quot;:true,&quot;stagePadding&quot;:0,&quot;slideBy&quot;:&quot;1&quot;},&quot;1025&quot;:{&quot;autoHeight&quot;:true,&quot;autoplay&quot;:true,&quot;autoWidth&quot;:false,&quot;center&quot;:true,&quot;dots&quot;:false,&quot;items&quot;:3,&quot;loop&quot;:true,&quot;nav&quot;:true,&quot;stagePadding&quot;:0,&quot;slideBy&quot;:&quot;1&quot;},&quot;1920&quot;:{&quot;items&quot;:3,&quot;autoplay&quot;:true,&quot;center&quot;:true,&quot;dots&quot;:false,&quot;nav&quot;:true,&quot;autoHeight&quot;:true,&quot;autoWidth&quot;:false,&quot;loop&quot;:true,&quot;stagePadding&quot;:0}}}}'><\/div><\/div><\/div><\/div><\/div><\/div><\/div><\/section><section class=\"l-section wpb_row height_custom\"><div class=\"l-section-h i-cf\"><div class=\"g-cols vc_row via_flex valign_top type_default stacking_default\"><div class=\"vc_col-sm-12 wpb_column vc_column_container\"><div class=\"vc_column-inner\"><div class=\"wpb_wrapper\"><div class=\"w-separator size_small\"><\/div><\/div><\/div><\/div><\/div><\/div><\/section><section class=\"l-section wpb_row height_custom color_primary with_img parallax_ver parallaxdir_reversed\"><div class=\"l-section-img\" role=\"img\" aria-label=\"suelo vin\u00edlico habitaci\u00f3n\" data-img-width=\"2000\" data-img-height=\"1500\" style=\"background-image: url(https:\/\/www.anjasora.com\/wp-content\/uploads\/amb-ANJASORA-KTM-02_cmyk.jpg);\"><\/div><div class=\"l-section-overlay\" style=\"background:var(--color-content-overlay)\"><\/div><div class=\"l-section-h i-cf\"><div class=\"g-cols vc_row via_flex valign_middle type_default stacking_default\"><div class=\"vc_col-sm-3 wpb_column vc_column_container\"><div class=\"vc_column-inner\"><div class=\"wpb_wrapper\"><\/div><\/div><\/div><div class=\"vc_col-sm-6 wpb_column vc_column_container\"><div class=\"vc_column-inner\"><div class=\"wpb_wrapper\"><div class=\"w-separator size_large\"><\/div><div class=\"w-image us_custom_47474b22 us_animate_this align_center\"><div class=\"w-image-h\"><img decoding=\"async\" width=\"300\" height=\"300\" src=\"https:\/\/www.anjasora.com\/wp-content\/uploads\/logo-anjasora-blanco.svg\" class=\"attachment-medium size-medium\" alt=\"\" loading=\"lazy\" title=\"-\"><\/div><\/div><div class=\"w-separator size_medium\"><\/div><div class=\"w-btn-wrapper align_justify\"><a class=\"w-btn us-btn-style_8 us_custom_6c21c073 us_animate_this\" title=\"Flexibler Naturstein\" href=\"https:\/\/www.anjasora.com\/de\/kontakt\/\"><span class=\"w-btn-label\">KONTAKT US<\/span><\/a><\/div><div class=\"w-separator size_large\"><\/div><\/div><\/div><\/div><div class=\"vc_col-sm-3 wpb_column vc_column_container\"><div class=\"vc_column-inner\"><div class=\"wpb_wrapper\"><\/div><\/div><\/div><\/div><\/div><\/section>\n","protected":false},"excerpt":{"rendered":"MUDEJARCW001 BODEN 8,8&#8243; x 60&#8243;BODEN 8,8&#8243; x 60 PFlaster 22,5 x 153,2 cm MUDEJAR CW 001 22,5 x 153,2 M036 Nat\u00fcrliche Variabilit\u00e4t der Teile MUDEJAR-CW-001-(5)CW002 BODEN 8,8&#8243; x 60&#8243;BODEN 8,8&#8243; x 60 PFlaster 22,5 x 153,2 cm MUDEJAR CW 002 22,5 x 153,2 M036 Nat\u00fcrliche Variabilit\u00e4t der Teile MUDEJAR-CW-002-(7)CW003 BODEN 8,8&#8243; x 60&#8243;BODEN 8,8&#8243; x...","protected":false},"author":1,"featured_media":15358,"parent":19678,"menu_order":0,"comment_status":"closed","ping_status":"closed","template":"","meta":{"_acf_changed":false,"inline_featured_image":false,"footnotes":""},"class_list":["post-19670","page","type-page","status-publish","has-post-thumbnail","hentry"],"acf":[],"_links":{"self":[{"href":"https:\/\/www.anjasora.com\/de\/wp-json\/wp\/v2\/pages\/19670","targetHints":{"allow":["GET"]}}],"collection":[{"href":"https:\/\/www.anjasora.com\/de\/wp-json\/wp\/v2\/pages"}],"about":[{"href":"https:\/\/www.anjasora.com\/de\/wp-json\/wp\/v2\/types\/page"}],"author":[{"embeddable":true,"href":"https:\/\/www.anjasora.com\/de\/wp-json\/wp\/v2\/users\/1"}],"replies":[{"embeddable":true,"href":"https:\/\/www.anjasora.com\/de\/wp-json\/wp\/v2\/comments?post=19670"}],"version-history":[{"count":0,"href":"https:\/\/www.anjasora.com\/de\/wp-json\/wp\/v2\/pages\/19670\/revisions"}],"up":[{"embeddable":true,"href":"https:\/\/www.anjasora.com\/de\/wp-json\/wp\/v2\/pages\/19678"}],"wp:featuredmedia":[{"embeddable":true,"href":"https:\/\/www.anjasora.com\/de\/wp-json\/wp\/v2\/media\/15358"}],"wp:attachment":[{"href":"https:\/\/www.anjasora.com\/de\/wp-json\/wp\/v2\/media?parent=19670"}],"curies":[{"name":"wp","href":"https:\/\/api.w.org\/{rel}","templated":true}]}}