{"id":19662,"date":"2022-02-28T10:45:52","date_gmt":"2022-02-28T09:45:52","guid":{"rendered":"https:\/\/www.anjasora.com\/aviso-legal\/"},"modified":"2022-06-07T14:38:29","modified_gmt":"2022-06-07T12:38:29","slug":"impressum","status":"publish","type":"page","link":"https:\/\/www.anjasora.com\/de\/impressum\/","title":{"rendered":"Rechtlicher Hinweis"},"content":{"rendered":"<section class=\"l-section wpb_row height_custom color_primary with_img parallax_hor bgwidth_130\"><div class=\"l-section-img\" role=\"img\" aria-label=\"piedra natural exterior\" data-img-width=\"1839\" data-img-height=\"2000\" style=\"background-image: url(https:\/\/www.anjasora.com\/wp-content\/uploads\/teka-amb.jpg);\"><\/div><div class=\"l-section-overlay\" style=\"background:rgba(10,10,10,0.7)\"><\/div><div class=\"l-section-h i-cf\"><div class=\"g-cols vc_row via_flex valign_top type_default stacking_default\"><div class=\"vc_col-sm-12 wpb_column vc_column_container\"><div class=\"vc_column-inner\"><div class=\"wpb_wrapper\"><h1 class=\"w-post-elm post_title us_custom_195d78a2 has_text_color us_animate_this entry-title color_link_inherit\">Rechtlicher Hinweis<\/h1><div class=\"wpb_text_column\"><div class=\"wpb_wrapper\"><h6 style=\"text-align: center;\">Allgemeine Bedingungen f\u00fcr die Nutzung<\/h6>\n<\/div><\/div><div class=\"w-separator size_small\"><\/div><div class=\"w-iconbox iconpos_top style_default color_custom align_center no_text no_title\"><a href=\"#Sekunde\" class=\"w-iconbox-link\" aria-label=\"far|chevron-down\"><div class=\"w-iconbox-icon\" style=\"font-size:2rem;\"><i class=\"far fa-chevron-down\"><\/i><\/div><\/a><div class=\"w-iconbox-meta\"><\/div><\/div><\/div><\/div><\/div><\/div><\/div><\/section><section class=\"l-section wpb_row height_custom\"><div class=\"l-section-h i-cf\"><div class=\"g-cols vc_row via_flex valign_top type_default stacking_default\"><div class=\"vc_col-sm-12 wpb_column vc_column_container\"><div class=\"vc_column-inner\"><div class=\"wpb_wrapper\"><div class=\"wpb_text_column us_custom_6f994f2d us_animate_this\"><div class=\"wpb_wrapper\"><p>Datenschutzbestimmungen<\/p>\n<p>Die Kommunikation mit Anjasora \u00fcber Ihre E-Mail-Adresse, entweder \u00fcber die Formulare auf dieser Website oder \u00fcber den darin enthaltenen Link zu Ihrer E-Mail, setzt die ausdr\u00fcckliche Zustimmung zur Aufnahme Ihrer pers\u00f6nlichen Daten in die Dateien von Anjasora voraus, deren Adresse lautet:<\/p>\n<p><strong>Anjasora<\/strong><br \/>\nCno. foyes Ferraes s\/n<br \/>\n12110 l&#8217;Alcora (Castell\u00f3n) Spanien<br \/>\nt (+34) 964.36.71.24<br \/>\nf (+34) 964.36.35.48<br \/>\nE-Mail: <a href=\"mailto:anjasora@anjasora.com\">anjasora@anjasora.com<\/a><\/p>\n<p>Diese Daten werden von dieser unter ihrer Verantwortung zum Zweck der Beantwortung der gestellten Fragen verarbeitet, wobei der Betroffene das Recht auf Zugang, Berichtigung, L\u00f6schung und Widerspruch in Bezug auf die in den genannten Dateien enthaltenen personenbezogenen Daten hat und seine Zustimmung jederzeit schriftlich widerrufen kann (Organgesetz 15\/1999 vom 13. Dezember \u00fcber den Schutz personenbezogener Daten).<\/p>\n<\/div><\/div><\/div><\/div><\/div><\/div><\/div><\/section>\n","protected":false},"excerpt":{"rendered":"Rechtlicher HinweisAllgemeine Bedingungen f\u00fcr die Nutzung Datenschutzbestimmungen Die Kommunikation mit Anjasora \u00fcber Ihre E-Mail-Adresse, entweder \u00fcber die Formulare auf dieser Website oder \u00fcber den darin enthaltenen Link zu Ihrer E-Mail, setzt die ausdr\u00fcckliche Zustimmung zur Aufnahme Ihrer pers\u00f6nlichen Daten in die Dateien von Anjasora voraus, deren Adresse lautet: Anjasora Cno. foyes Ferraes s\/n 12110 l&#8217;Alcora...","protected":false},"author":1,"featured_media":0,"parent":0,"menu_order":0,"comment_status":"closed","ping_status":"closed","template":"","meta":{"_acf_changed":false,"inline_featured_image":false,"footnotes":""},"class_list":["post-19662","page","type-page","status-publish","hentry"],"acf":[],"_links":{"self":[{"href":"https:\/\/www.anjasora.com\/de\/wp-json\/wp\/v2\/pages\/19662","targetHints":{"allow":["GET"]}}],"collection":[{"href":"https:\/\/www.anjasora.com\/de\/wp-json\/wp\/v2\/pages"}],"about":[{"href":"https:\/\/www.anjasora.com\/de\/wp-json\/wp\/v2\/types\/page"}],"author":[{"embeddable":true,"href":"https:\/\/www.anjasora.com\/de\/wp-json\/wp\/v2\/users\/1"}],"replies":[{"embeddable":true,"href":"https:\/\/www.anjasora.com\/de\/wp-json\/wp\/v2\/comments?post=19662"}],"version-history":[{"count":0,"href":"https:\/\/www.anjasora.com\/de\/wp-json\/wp\/v2\/pages\/19662\/revisions"}],"wp:attachment":[{"href":"https:\/\/www.anjasora.com\/de\/wp-json\/wp\/v2\/media?parent=19662"}],"curies":[{"name":"wp","href":"https:\/\/api.w.org\/{rel}","templated":true}]}}